
{"id":436,"date":"2023-05-10T13:19:11","date_gmt":"2023-05-10T12:19:11","guid":{"rendered":"https:\/\/nielsonsmith.websitebureau.nl\/?page_id=436"},"modified":"2023-06-29T18:26:13","modified_gmt":"2023-06-29T17:26:13","slug":"integritetspolicy","status":"publish","type":"page","link":"https:\/\/nielsonsmith.com\/sv\/privacy-policy-statement\/","title":{"rendered":"Integritetspolicy"},"content":{"rendered":"<p>Nielsonsmith Ltd.<br>Flygplatsens hus<br>Purley Way<br>Croydon<br>CR0 0XZ, F\u00f6renade kungariket<\/p>\n\n\n\n<p>Nielsonsmith Ltd. (\"<a href=\"https:\/\/nielsonsmith.com\/sv\/\">Nielsonsmith<\/a>\") har \u00e5tagit sig att skydda integriteten och sekretessen f\u00f6r de personuppgifter som anf\u00f6rtros oss.<\/p>\n\n\n\n<p>Denna sekretesspolicy reglerar insamling, anv\u00e4ndning och utl\u00e4mnande av dina personuppgifter i alla former, skriftliga eller elektroniska, av Nielsonsmith och dess dotterbolag.&nbsp;<strong>&nbsp;L\u00e4s denna integritetspolicy noggrant och g\u00e5 tillbaka till den med j\u00e4mna mellanrum eftersom vi kan komma att uppdatera den fr\u00e5n tid till annan.&nbsp;<\/strong><\/p>\n\n\n\n<h3 class=\"wp-block-heading\"><strong>Godk\u00e4nnande av integritetspolicy.<\/strong><\/h3>\n\n\n\n<p><strong>Genom att skicka din personliga information till&nbsp;<\/strong><strong>Nielsonsmith<\/strong><strong>godk\u00e4nner du villkoren i denna integritetspolicy.&nbsp;&nbsp;<\/strong>Om du inte samtycker till denna integritetspolicy ska du inte skicka dina personuppgifter till oss.<\/p>\n\n\n\n<p>Nielsonsmith f\u00f6rbeh\u00e5ller sig r\u00e4tten att efter eget gottfinnande \u00e4ndra, modifiera, l\u00e4gga till eller ta bort delar av denna sekretesspolicy n\u00e4r som helst och efter eget gottfinnande.<\/p>\n\n\n\n<p><strong>Vad \u00e4r personlig information?<\/strong><\/p>\n\n\n\n<p>Denna integritetspolicy \u00e4r till\u00e4mplig p\u00e5 alla personer som l\u00e4mnar personuppgifter till Nielsonsmith.  N\u00e4r termen \"personuppgifter\" anv\u00e4nds i denna sekretesspolicy avses all information om en identifierbar person.<\/p>\n\n\n\n<p><strong>Vad \u00e4r omfattningen av&nbsp;<\/strong><strong>Nielsonsmith<\/strong><strong>&nbsp;'s sekretesspolicy?<\/strong><\/p>\n\n\n\n<p>Denna sekretesspolicy behandlar v\u00e5ra policyer och f\u00f6rfaranden avseende personuppgifter om enskilda personer, till exempel v\u00e5ra kunder. Denna integritetspolicy \u00e4r till\u00e4mplig p\u00e5 personuppgifter som du l\u00e4mnar till Nielsonsmith.<\/p>\n\n\n\n<p>Insamling, anv\u00e4ndning och utl\u00e4mnande av dina personuppgifter regleras av&nbsp;<em>Personuppgifter Lag om skydd av personuppgifter och elektroniska dokument<\/em>&nbsp;(\"<strong>Lag<\/strong>\"), och all till\u00e4mplig provinsiell lagstiftning.  I denna integritetspolicy anges vilka personuppgifter som kan komma att samlas in fr\u00e5n dig och hur de anv\u00e4nds. Om du har n\u00e5gra fr\u00e5gor eller funderingar om v\u00e5r integritetspolicy \u00e4r du v\u00e4lkommen att kontakta oss p\u00e5 de koordinater som anges i slutet av denna integritetspolicy.<\/p>\n\n\n\n<p>Denna integritetspolicy g\u00e4ller endast f\u00f6r personuppgifter som samlas in av oss.<\/p>\n\n\n\n<h4 class=\"wp-block-heading\"><strong>Vad \u00e4r undantaget fr\u00e5n integritetsskyddet?<\/strong><strong>&nbsp;<\/strong><\/h4>\n\n\n\n<p>Denna sekretesspolicy inneb\u00e4r inga begr\u00e4nsningar f\u00f6r: kontaktinformation f\u00f6r f\u00f6retag, inklusive namn, titel, f\u00f6retagsadress eller telefonnummer till en anst\u00e4lld i en organisation; information som samlas in, anv\u00e4nds eller l\u00e4mnas ut enbart f\u00f6r journalistiska, litter\u00e4ra eller konstn\u00e4rliga \u00e4ndam\u00e5l; allm\u00e4nt tillg\u00e4nglig information, s\u00e5som en persons namn, telefonnummer och adress n\u00e4r den anges i en katalog eller g\u00f6rs tillg\u00e4nglig genom nummerupplysning; eller information som \u00e4r aggregerad och inte associerad med en specifik person, inklusive demografisk information och statistik.<\/p>\n\n\n\n<p><strong>Barn.<\/strong><\/p>\n\n\n\n<p>Om du \u00e4r under 18 \u00e5r ska du se till att f\u00e5 din f\u00f6r\u00e4lders eller v\u00e5rdnadshavares tillst\u00e5nd innan du skickar n\u00e5gra personuppgifter till oss eller n\u00e5gon annan.  Vi uppmuntrar f\u00f6r\u00e4ldrar att engagera sig i sina barns online-anv\u00e4ndning och att vara medvetna om de aktiviteter som de deltar i.<\/p>\n\n\n\n<p><strong>Varf\u00f6r g\u00f6r&nbsp;<\/strong><strong>Nielsonsmith<\/strong><strong>&nbsp;Samla in personlig information?<\/strong><\/p>\n\n\n\n<p>Nielsonsmith kan samla in personlig information av f\u00f6ljande sk\u00e4l:<\/p>\n\n\n\n<ul class=\"wp-block-list\">\n<li>Vi samlar in personlig kontaktinformation (t.ex. namn, adress, e-postadress och telefonnummer) om du: anm\u00e4ler dig till ett nyhetsbrev, k\u00f6per eller prenumererar p\u00e5 publikationer, registrerar dig p\u00e5 ett onlineforum eller en webbplats, eller deltar i ett betalt evenemang, k\u00f6per en produkt eller tj\u00e4nst fr\u00e5n Nielsonsmith, svarar p\u00e5 en enk\u00e4t, k\u00f6per reklamutrymme eller \u00e4r f\u00f6rfattare till verk som publiceras av oss.<\/li>\n\n\n\n<li>Den information du l\u00e4mnar till oss anv\u00e4nds f\u00f6r att uppfylla din beg\u00e4ran om information, produkter eller tj\u00e4nster, f\u00f6r att tillhandah\u00e5lla riktad reklam och f\u00f6r att svara p\u00e5 dina f\u00f6rfr\u00e5gningar. Fr\u00e5n tid till annan kan denna information anv\u00e4ndas f\u00f6r att ge bel\u00f6ningspo\u00e4ng eller till\u00e4mpa kredit, beroende p\u00e5 omst\u00e4ndigheterna.<\/li>\n\n\n\n<li>Vi kommer att beh\u00e5lla ditt abonnent-ID och l\u00f6senord s\u00e5 att vi p\u00e5 beg\u00e4ran av dig kan p\u00e5minna dig om dem.<\/li>\n\n\n\n<li>Vi samlar in demografisk information, liksom k\u00f6phistorik och en lista \u00f6ver kampanjer som erbjuds dig, f\u00f6r att f\u00e5 en b\u00e4ttre f\u00f6rst\u00e5else f\u00f6r dina intressen s\u00e5 att vi kan utveckla b\u00e4ttre produkter och tj\u00e4nster och f\u00f6r att avg\u00f6ra om du \u00e4r ber\u00e4ttigad till andra produkter och tj\u00e4nster.<\/li>\n\n\n\n<li>Vi kan ocks\u00e5 anv\u00e4nda demografisk information, personlig kontaktinformation och historik f\u00f6r att kontakta dig om \u00e4ndringar, f\u00f6rb\u00e4ttringar eller andra meddelanden relaterade till produkter eller tj\u00e4nster som du har beg\u00e4rt fr\u00e5n oss och som vi tillhandah\u00e5ller. Dessutom kan vi anv\u00e4nda denna information f\u00f6r att skicka dig erbjudanden eller information fr\u00e5n oss, v\u00e5ra dotterbolag och fr\u00e5n utvalda sponsorer eller annons\u00f6rer (\"marknadsf\u00f6ringserbjudanden\"). Om du inte vill ta emot marknadsf\u00f6ringserbjudanden kan du n\u00e4r som helst v\u00e4lja att avregistrera dig genom att f\u00f6lja avregistreringsf\u00f6rfarandet nedan.<\/li>\n\n\n\n<li>Vi kan komma att spela in eller \u00f6vervaka dina telefonsamtal med v\u00e5ra kundtj\u00e4nstmedarbetare i kvalitetss\u00e4kringssyfte.<\/li>\n\n\n\n<li>Vi samlar in dina kreditkortsuppgifter om du: k\u00f6per en publikation eller prenumererar p\u00e5 en l\u00f6sbladstj\u00e4nst; registrerar dig f\u00f6r att delta i ett betalt evenemang; k\u00f6per produkter fr\u00e5n Nielsonsmith eller via n\u00e5gon av v\u00e5ra webbplatser; \u00e4r en betald annons\u00f6r. Denna kreditkortsinformation anv\u00e4nds f\u00f6r att fullf\u00f6lja din best\u00e4llning.<\/li>\n\n\n\n<li>Om du v\u00e4ljer att avst\u00e5 fr\u00e5n all anv\u00e4ndning av dina personuppgifter i enlighet med v\u00e5r policy f\u00f6r avst\u00e5ende kommer vi att beh\u00e5lla dina kontaktuppgifter p\u00e5 en lista s\u00e5 att din beg\u00e4ran kan uppfyllas.<\/li>\n\n\n\n<li>Om du l\u00e4mnar ett klagom\u00e5l till n\u00e5gon av v\u00e5ra avdelningar kommer vi att samla in dina kontaktuppgifter och arten av ditt klagom\u00e5l i syfte att utreda dina problem och svara dig.<\/li>\n\n\n\n<li>Om du tillhandah\u00e5ller frilans- eller andra tj\u00e4nster till oss kan vi komma att samla in ditt socialf\u00f6rs\u00e4kringsnummer f\u00f6r skatterapporterings\u00e4ndam\u00e5l och dina kontaktuppgifter f\u00f6r att kunna betala dig.<\/li>\n\n\n\n<li>Vi kan ocks\u00e5 anv\u00e4nda eller samla in ytterligare information fr\u00e5n frilansare, andra tj\u00e4nsteleverant\u00f6rer och fr\u00e5n annons\u00f6rer, s\u00e5som finansiell information (till exempel bankuppgifter och kredithistorik) f\u00f6r att bed\u00f6ma kreditrisk, f\u00f6rs\u00e4ljningsdata f\u00f6r att f\u00f6rbereda royaltyrapporter och annan relevant information som hj\u00e4lper oss att utv\u00e4rdera kvaliteten p\u00e5 dina tj\u00e4nster.<\/li>\n\n\n\n<li>Vi anv\u00e4nder IP-adresser (internetprotokoll) f\u00f6r att samla in demografisk och statistisk information om v\u00e5ra anv\u00e4ndare, f\u00f6r systemadministration och f\u00f6r att diagnostisera problem med v\u00e5ra servrar samt f\u00f6r att administrera v\u00e5ra webbplatser.  Vi kan ocks\u00e5 anv\u00e4nda IP-adresser f\u00f6r att visa eller till\u00e5ta v\u00e5ra tredjepartsleverant\u00f6rer av reklam att visa mer riktad reklam och inneh\u00e5ll.<\/li>\n\n\n\n<li>Vi kan fr\u00e5n tid till annan sp\u00e5ra och analysera anonym anv\u00e4ndning och surfm\u00f6nster hos bes\u00f6kare p\u00e5 v\u00e5ra webbplatser f\u00f6r att ge v\u00e5ra annons\u00f6rer mer riktade annonseringsm\u00f6jligheter och f\u00f6r att hj\u00e4lpa anv\u00e4ndare att se reklam som sannolikt intresserar dem.<\/li>\n\n\n\n<li>Vi anv\u00e4nder i allm\u00e4nhet dina personuppgifter i syfte att: hantera, administrera, samla in eller p\u00e5 annat s\u00e4tt verkst\u00e4lla dina konton; uppr\u00e4tth\u00e5lla aff\u00e4rsregister under rimliga tidsperioder och i allm\u00e4nhet hantera och administrera v\u00e5r verksamhet; och uppfylla alla relevanta internationella krav p\u00e5 reglering, lagstiftning, f\u00f6rs\u00e4kring, revision, s\u00e4kerhet och behandling.<\/li>\n\n\n\n<li>Ibland ber vi v\u00e5ra kunder att fylla i marknadsunders\u00f6kningar. Om du v\u00e4ljer att delta i dessa unders\u00f6kningar och l\u00e4mnar dina personuppgifter f\u00f6r detta \u00e4ndam\u00e5l kommer dina uppgifter att sammanst\u00e4llas som en del av unders\u00f6kningsresultaten och delas med v\u00e5ra annons\u00f6rer, sponsorer och dotterbolag p\u00e5 ett s\u00e4tt som inte identifierar dig.<\/li>\n\n\n\n<li>Om vi vill samla in, anv\u00e4nda eller l\u00e4mna ut dina personuppgifter f\u00f6r \u00e4ndam\u00e5l som inte anges i denna integritetspolicy, ut\u00f6ver vad som \u00e4r till\u00e5tet eller kr\u00e4vs enligt lag, kommer vi att identifiera dessa \u00e4ndam\u00e5l vid insamlingstillf\u00e4llet. Du kommer att ges en rimlig m\u00f6jlighet att v\u00e4lja bort s\u00e5dana ytterligare syften.<\/li>\n<\/ul>\n\n\n\n<p><strong>Vilken typ av personlig information har&nbsp;<\/strong><strong>Nielsonsmith<\/strong><strong>&nbsp;Avsl\u00f6ja, till vem och varf\u00f6r?<\/strong><\/p>\n\n\n\n<p>I allm\u00e4nhet, n\u00e4r du f\u00f6rser oss med dina personuppgifter, antar vi att du samtycker till v\u00e5r insamling, anv\u00e4ndning och utl\u00e4mnande av s\u00e5dan information f\u00f6r de \u00e4ndam\u00e5l som identifieras eller beskrivs i denna sekretesspolicy, om till\u00e4mpligt, eller p\u00e5 annat s\u00e4tt vid tidpunkten f\u00f6r insamlingen. Vi f\u00f6rbeh\u00e5ller oss r\u00e4tten att anv\u00e4nda och l\u00e4mna ut dina personuppgifter utan ditt samtycke n\u00e4r s\u00e5 kr\u00e4vs eller till\u00e5ts enligt lag, till exempel om vi har rimliga sk\u00e4l att tro att informationen kan vara anv\u00e4ndbar vid utredning av brott mot federal, provinsiell eller utl\u00e4ndsk lag, f\u00f6r att skydda eller f\u00f6rsvara v\u00e5ra r\u00e4ttsliga intressen eller f\u00f6r att f\u00f6lja g\u00e4llande lagar och lagliga myndighetsf\u00f6rfr\u00e5gningar.<\/p>\n\n\n\n<p>Nielsonsmith kan l\u00e4mna ut din personliga information till tredje part enligt f\u00f6ljande:<\/p>\n\n\n\n<ul class=\"wp-block-list\">\n<li>Vi kan l\u00e4mna ut din personliga kontaktinformation till dotterbolag och utvalda sponsorer och annons\u00f6rer. Om du inte vill ta emot marknadsf\u00f6ringserbjudanden kan du n\u00e4r som helst v\u00e4lja att avregistrera dig genom att f\u00f6lja den avregistreringsprocedur som anges h\u00e4ri.<\/li>\n\n\n\n<li>Vi kan \u00f6verf\u00f6ra dina personuppgifter till tredje parts tj\u00e4nsteleverant\u00f6rer f\u00f6r att fullg\u00f6ra din best\u00e4llning eller utf\u00f6ra bearbetning och andra specialiserade tj\u00e4nster (t.ex. kreditkortsbehandling, prisuppfyllelse av v\u00e5ra t\u00e4vlingar, insamling av f\u00f6rfallna konton, hantering av kundtj\u00e4nstf\u00f6rfr\u00e5gningar och produktleverans).<\/li>\n\n\n\n<li>Vi kan tillhandah\u00e5lla ditt namn och dina kreditkortsuppgifter p\u00e5 konfidentiell basis till en tredje part i syfte att uppdatera dina kreditkortsuppgifter f\u00f6r att s\u00e4kerst\u00e4lla att din p\u00e5g\u00e5ende prenumeration p\u00e5 Nielsonsmiths produkter och tj\u00e4nster inte avbryts.<\/li>\n\n\n\n<li>Dina personuppgifter kan behandlas och lagras utanf\u00f6r det land d\u00e4r du \u00e4r bosatt av oss, ett dotterbolag eller en tredjepartsleverant\u00f6r f\u00f6r de \u00e4ndam\u00e5l som anges i denna integritetspolicy och, enligt lagarna i dessa andra jurisdiktioner, kan utl\u00e4ndska domstolar, brottsbek\u00e4mpande organ eller tillsynsmyndigheter under vissa omst\u00e4ndigheter ha r\u00e4tt att f\u00e5 tillg\u00e5ng till dina personuppgifter.<\/li>\n\n\n\n<li>Vi kan l\u00e4mna ut dina personuppgifter till v\u00e5ra dotterbolag f\u00f6r internrevision, ledning, fakturering eller administrativa \u00e4ndam\u00e5l.<\/li>\n\n\n\n<li>Vi kan komma att l\u00e4mna ut dina personuppgifter till tredje part om du har brutit mot v\u00e5ra anv\u00e4ndarvillkor eller k\u00f6pvillkor, eller om vi beh\u00f6ver f\u00f6lja till\u00e4mpliga lagar och lagliga myndighetsf\u00f6rfr\u00e5gningar, andra r\u00e4ttsliga och reglerande myndigheter och av andra r\u00e4ttsliga sk\u00e4l.<\/li>\n\n\n\n<li>Vi kan komma att l\u00e4mna ut dina personuppgifter p\u00e5 konfidentiell basis till parter som \u00e4r kopplade till den planerade eller faktiska finansieringen, f\u00f6rs\u00e4kringen, f\u00f6rs\u00e4ljningen, \u00f6verl\u00e5telsen eller annan avyttring av hela eller delar av v\u00e5r verksamhet eller v\u00e5ra tillg\u00e5ngar, inklusive i syfte att avg\u00f6ra om vi ska forts\u00e4tta eller forts\u00e4tta med en s\u00e5dan transaktion eller aff\u00e4rsrelation eller f\u00f6r att uppfylla eventuella register eller andra rapporteringskrav till s\u00e5dana parter.<\/li>\n<\/ul>\n\n\n\n<p>Om vi vill samla in, anv\u00e4nda eller l\u00e4mna ut dina personuppgifter f\u00f6r \u00e4ndam\u00e5l som inte anges i denna integritetspolicy, ut\u00f6ver vad som \u00e4r till\u00e5tet eller kr\u00e4vs enligt lag, kommer vi att identifiera dessa \u00e4ndam\u00e5l vid insamlingstillf\u00e4llet. Du kommer att ges en rimlig m\u00f6jlighet att v\u00e4lja bort s\u00e5dana ytterligare syften.<\/p>\n\n\n\n<p><strong>Opt-out policy.<\/strong><\/p>\n\n\n\n<p>Ibland g\u00f6r vi v\u00e5r e-postlista \u00f6ver kunder tillg\u00e4nglig f\u00f6r andra v\u00e4lrenommerade organisationer vars produkter eller tj\u00e4nster vi tror att du kan finna intressanta.  Om du l\u00e4mnar ditt telefonnummer till oss kan du dessutom bli kontaktad av oss per telefon med information om nya produkter och tj\u00e4nster eller kommande evenemang.&nbsp;&nbsp;<strong>Om du inte vill att vi ska g\u00f6ra det eller att vi ska kontakta dig ang\u00e5ende v\u00e5ra egna kampanjer och kommande evenemang, v\u00e4nligen meddela oss genom att skicka ett meddelande online, via e-post, genom att ringa oss eller genom att skriva till oss p\u00e5 kontaktuppgifterna nedan.<\/strong><\/p>\n\n\n\n<p>Om vi vill samla in, anv\u00e4nda eller l\u00e4mna ut dina personuppgifter f\u00f6r \u00e4ndam\u00e5l som inte anges i denna integritetspolicy, annat \u00e4n vad som \u00e4r till\u00e5tet eller kr\u00e4vs enligt lag, kommer vi att identifiera dessa \u00e4ndam\u00e5l vid insamlingstillf\u00e4llet.  Du kommer att ges en rimlig m\u00f6jlighet att v\u00e4lja bort s\u00e5dana ytterligare syften.<\/p>\n\n\n\n<p>Om du v\u00e4ljer att avst\u00e5 fr\u00e5n all anv\u00e4ndning av dina personuppgifter i enlighet med v\u00e5r policy f\u00f6r avst\u00e5ende kommer vi att beh\u00e5lla dina kontaktuppgifter p\u00e5 en lista s\u00e5 att din beg\u00e4ran kan uppfyllas.<\/p>\n\n\n\n<p>Observera att kontaktuppgifter som l\u00e4mnas till oss i syfte att vidarebefordra konferensinformation via v\u00e5r funktion \"Skicka till en v\u00e4n\" \u00e4r begr\u00e4nsade.  Detta inneb\u00e4r att inga o\u00f6nskade e-postmeddelanden kommer att skickas till kontakter vars information tillhandah\u00e5lls via denna funktion, och deras kontaktinformation kommer inte att avsl\u00f6jas eller s\u00e4ljas till tredje part.<\/p>\n\n\n\n<p>Det kan ta 4-6 veckor att fullst\u00e4ndigt behandla din beg\u00e4ran om avregistrering.<\/p>\n\n\n\n<p><strong>S\u00e4kerhet.<\/strong><\/p>\n\n\n\n<p>Nielsonsmith har tekniska, avtalsenliga, administrativa och fysiska s\u00e4kerhets\u00e5tg\u00e4rder f\u00f6r att skydda dina personuppgifter p\u00e5 ett s\u00e4tt som \u00e4r rimligt och l\u00e4mpligt med h\u00e4nsyn till arten av de personuppgifter som du l\u00e4mnar till oss. N\u00e4r du t.ex. l\u00e4mnar kreditkortsuppgifter till oss arbetar vi f\u00f6r att skydda dina kreditkortsuppgifter genom att anv\u00e4nda SSL-krypteringsteknik (Secure Sockets Layer) som \u00e4r branschstandard.<\/p>\n\n\n\n<p>T\u00e4nk p\u00e5 att e-post inte \u00e4r ett s\u00e4kert medium och att all personlig information som du skickar till oss via e-post kan f\u00e5ngas upp.  Om din kommunikation \u00e4r mycket k\u00e4nslig eller inneh\u00e5ller information som ditt kreditkortsnummer b\u00f6r du inte skicka den elektroniskt s\u00e5vida inte e-postmeddelandet \u00e4r krypterat eller din webbl\u00e4sare anger att \u00e5tkomsten till v\u00e5r webbplats \u00e4r s\u00e4ker.  Material som publiceras p\u00e5 onlineforum som anslagstavlor eller kommentarsidor \u00e4r offentliga, inte s\u00e4kra och kan ses av vem som helst.  All personlig information som du publicerar kan samlas in och anv\u00e4ndas av vem som helst och kan resultera i o\u00f6nskade meddelanden fr\u00e5n andra internetanv\u00e4ndare.  Nielsonsmith ansvarar inte f\u00f6r personlig information som du v\u00e4ljer att publicera eller skicka in i n\u00e5got onlineforum p\u00e5 n\u00e5gon av v\u00e5ra webbplatser.<\/p>\n\n\n\n<p><strong>Cookies och webbplatser fr\u00e5n tredje part.<\/strong><\/p>\n\n\n\n<p>Om du anv\u00e4nder n\u00e5gon av v\u00e5ra webbplatser kan vi komma att tilldela en internetcookie. En internetcookie \u00e4r en liten textfil som en webbplats lagrar i din webbl\u00e4sare och som kan samla in och lagra information. Vi anv\u00e4nder cookies f\u00f6r att b\u00e4ttre f\u00f6rst\u00e5 hur du anv\u00e4nder v\u00e5ra webbplatser, f\u00f6r att se till att v\u00e5ra annonser och dynamiska inneh\u00e5ll visas korrekt och f\u00f6r att f\u00f6rb\u00e4ttra v\u00e5ra webbplatsers prestanda.  En cookie kan till exempel komma ih\u00e5g en upps\u00e4ttning preferenser som du har st\u00e4llt in f\u00f6r v\u00e5r webbplats och registrera objekt som du har registrerat dig f\u00f6r. Genom att lagra cookies i din webbl\u00e4sare kan vi visa dig webbsidor och annat inneh\u00e5ll som \u00e4r anpassat efter dina preferenser. Dessa aktiviteter \u00e4r osynliga f\u00f6r dig och \u00e4r i allm\u00e4nhet avsedda att f\u00f6rb\u00e4ttra din bekv\u00e4mlighet vid surfning p\u00e5 internet. Om du inte har st\u00e4llt in dina inst\u00e4llningar s\u00e5 att du blir varnad n\u00e4r en cookie lagras p\u00e5 din dator, kommer du inte att veta om det.<\/p>\n\n\n\n<p>Vi kan placera reklam eller andra l\u00e4nkar p\u00e5 v\u00e5ra webbplatser som h\u00e4rr\u00f6r fr\u00e5n externa annons\u00f6rer.  Vi kontrollerar inte cookies p\u00e5 dessa webbplatser och vi \u00e4r inte heller ansvariga f\u00f6r marknadsf\u00f6ring eller annan anv\u00e4ndning av din information av dessa annons\u00f6rer.<\/p>\n\n\n\n<p>Anv\u00e4ndare kan genom hypertext eller andra datoriserade \"l\u00e4nkar\" f\u00e5 tillg\u00e5ng till andra webbplatser p\u00e5 Internet som inte drivs av Nielsonsmith. Nielsonsmith tillhandah\u00e5ller dessa l\u00e4nkar till dig endast som en bekv\u00e4mlighet, och inf\u00f6randet av en l\u00e4nk inneb\u00e4r inte att Nielsonsmith godk\u00e4nner den webbplats som l\u00e4nkas till. Nielsonsmith tar inget ansvar f\u00f6r n\u00e5got material utanf\u00f6r de webbplatser som drivs av Nielsonsmith, inklusive webbplatser som kan n\u00e5s via en l\u00e4nk p\u00e5 en webbplats som drivs av Nielsonsmith.  Om inte annat anges p\u00e5 en webbplats som drivs av Nielsonsmith \u00e4r Nielsonsmith inte sponsrad av eller ansluten till de l\u00e4nkade webbplatserna. Nielsonsmith fr\u00e5ns\u00e4ger sig specifikt ansvaret f\u00f6r oavsiktlig visning av n\u00e5gon under 18 \u00e5r av material som \u00e4r avsett f\u00f6r vuxna p\u00e5 en webbplats som n\u00e5s genom anv\u00e4ndning av en l\u00e4nkad webbplats.<\/p>\n\n\n\n<p>T\u00e4nk p\u00e5 att v\u00e5ra webbplatser kan inneh\u00e5lla l\u00e4nkar till andra webbplatser som underh\u00e5lls av tredje part som inte \u00e4r skyldig att f\u00f6lja denna sekretesskod och som Nielsonsmith inte har n\u00e5got ansvar f\u00f6r. L\u00e4s igenom sekretesspolicyn p\u00e5 alla externa webbplatser f\u00f6r att fastst\u00e4lla hur de hanterar information.<\/p>\n\n\n\n<p><strong>Hur l\u00e5ng tid tar det&nbsp;<\/strong><strong>Nielsonsmith<\/strong><strong>&nbsp;Beh\u00e5lla personlig information?<\/strong><\/p>\n\n\n\n<p>Vi beh\u00e5ller dina personuppgifter under den tid som rimligen kr\u00e4vs f\u00f6r att uppfylla de syften f\u00f6r vilka de samlades in eller f\u00f6r att uppfylla eventuella r\u00e4ttsliga krav, inklusive lagstadgade lagringstider. N\u00e4r dina personuppgifter inte l\u00e4ngre beh\u00f6vs f\u00f6r ett visst \u00e4ndam\u00e5l eller enligt lagkrav kommer de att raderas fr\u00e5n v\u00e5ra register.<\/p>\n\n\n\n<p><strong>Hur du f\u00e5r tillg\u00e5ng till och kan korrigera dina personuppgifter och ta upp fr\u00e5gor som r\u00f6r din integritet.<\/strong><\/p>\n\n\n\n<p>Om du anser att denna webbplats inte f\u00f6ljer sin angivna informationspolicy, vill ha tillg\u00e5ng till eller vill att vi korrigerar dina personuppgifter, kan du kontakta oss via kontaktuppgifterna nedan:<\/p>\n\n\n\n<p><strong>RE:  F\u00d6RFR\u00c5GAN OM SEKRETESS<\/strong><\/p>\n\n\n\n<p>Nielsonsmith Ltd.<br>Svit 179<br>Flygplatsens hus<br>Purley Way<br>Croydon<br>CR0 0XZ, F\u00f6renade kungariket<br>Tel: +44 (0) 203 397 2781<br>Fax: +44 (0) 203 397 2785<br>E-post:&nbsp;<a href=\"mailto:info@nielsonsmith.com\">info@nielsonsmith.com<\/a><\/p>\n\n\n\n<p>Denna integritetspolicy uppdaterades senast den<strong>&nbsp;juni 2023.<\/strong><\/p>","protected":false},"excerpt":{"rendered":"<p>Nielsonsmith Ltd.Airport HousePurley WayCroydonCR0 0XZ, United Kingdom Nielsonsmith Ltd. (\u201cNielsonsmith\u201c) is committed to protecting the privacy and confidentiality of personal information entrusted to us. This Privacy Policy governs the collection, use and disclosure of your personal information in any form, whether written or electronic, by Nielsonsmith and its affiliates.&nbsp;&nbsp;Please read this Privacy Policy carefully, and [&hellip;]<\/p>\n","protected":false},"author":1,"featured_media":48,"parent":0,"menu_order":0,"comment_status":"closed","ping_status":"closed","template":"","meta":{"_seopress_robots_primary_cat":"","_seopress_titles_title":"","_seopress_titles_desc":"","_seopress_robots_index":"","footnotes":""},"hf_cat_page":[38],"class_list":["post-436","page","type-page","status-publish","has-post-thumbnail","hentry"],"blocksy_meta":[],"_links":{"self":[{"href":"https:\/\/nielsonsmith.com\/sv\/wp-json\/wp\/v2\/pages\/436","targetHints":{"allow":["GET"]}}],"collection":[{"href":"https:\/\/nielsonsmith.com\/sv\/wp-json\/wp\/v2\/pages"}],"about":[{"href":"https:\/\/nielsonsmith.com\/sv\/wp-json\/wp\/v2\/types\/page"}],"author":[{"embeddable":true,"href":"https:\/\/nielsonsmith.com\/sv\/wp-json\/wp\/v2\/users\/1"}],"replies":[{"embeddable":true,"href":"https:\/\/nielsonsmith.com\/sv\/wp-json\/wp\/v2\/comments?post=436"}],"version-history":[{"count":4,"href":"https:\/\/nielsonsmith.com\/sv\/wp-json\/wp\/v2\/pages\/436\/revisions"}],"predecessor-version":[{"id":1261,"href":"https:\/\/nielsonsmith.com\/sv\/wp-json\/wp\/v2\/pages\/436\/revisions\/1261"}],"wp:featuredmedia":[{"embeddable":true,"href":"https:\/\/nielsonsmith.com\/sv\/wp-json\/wp\/v2\/media\/48"}],"wp:attachment":[{"href":"https:\/\/nielsonsmith.com\/sv\/wp-json\/wp\/v2\/media?parent=436"}],"wp:term":[{"taxonomy":"hf_cat_page","embeddable":true,"href":"https:\/\/nielsonsmith.com\/sv\/wp-json\/wp\/v2\/hf_cat_page?post=436"}],"curies":[{"name":"wp","href":"https:\/\/api.w.org\/{rel}","templated":true}]}}