{"id":436,"date":"2023-05-10T13:19:11","date_gmt":"2023-05-10T12:19:11","guid":{"rendered":"https:\/\/nielsonsmith.websitebureau.nl\/?page_id=436"},"modified":"2023-06-29T18:26:13","modified_gmt":"2023-06-29T17:26:13","slug":"oswiadczenie-o-polityce-prywatnosci","status":"publish","type":"page","link":"https:\/\/nielsonsmith.com\/pl\/privacy-policy-statement\/","title":{"rendered":"O\u015bwiadczenie o polityce prywatno\u015bci"},"content":{"rendered":"<p>Nielsonsmith Ltd.<br>Airport House<br>Purley Way<br>Croydon<br>CR0 0XZ, Wielka Brytania<\/p>\n\n\n\n<p>Nielsonsmith Ltd. (\"<a href=\"https:\/\/nielsonsmith.com\/pl\/\">Nielsonsmith<\/a>\") zobowi\u0105zuje si\u0119 do ochrony prywatno\u015bci i poufno\u015bci powierzonych nam danych osobowych.<\/p>\n\n\n\n<p>Niniejsza Polityka prywatno\u015bci reguluje gromadzenie, wykorzystywanie i ujawnianie danych osobowych u\u017cytkownika w dowolnej formie, pisemnej lub elektronicznej, przez Nielsonsmith i jej podmioty stowarzyszone.&nbsp;<strong>&nbsp;Prosimy o uwa\u017cne zapoznanie si\u0119 z niniejsz\u0105 Polityk\u0105 prywatno\u015bci i okresowe odwo\u0142ywanie si\u0119 do niej, poniewa\u017c mo\u017cemy j\u0105 od czasu do czasu aktualizowa\u0107.&nbsp;<\/strong><\/p>\n\n\n\n<h3 class=\"wp-block-heading\"><strong>Akceptacja polityki prywatno\u015bci.<\/strong><\/h3>\n\n\n\n<p><strong>Przesy\u0142aj\u0105c swoje dane osobowe do&nbsp;<\/strong><strong>Nielsonsmith<\/strong><strong>u\u017cytkownik wyra\u017ca zgod\u0119 na warunki niniejszej Polityki prywatno\u015bci.&nbsp;&nbsp;<\/strong>Je\u015bli u\u017cytkownik nie wyra\u017ca zgody na niniejsz\u0105 Polityk\u0119 prywatno\u015bci, prosimy o nieprzekazywanie nam swoich danych osobowych.<\/p>\n\n\n\n<p>Nielsonsmith zastrzega sobie prawo, wed\u0142ug w\u0142asnego uznania, do zmiany, modyfikacji, dodawania lub usuwania cz\u0119\u015bci niniejszej Polityki prywatno\u015bci w dowolnym momencie, wed\u0142ug w\u0142asnego uznania.<\/p>\n\n\n\n<p><strong>Czym s\u0105 dane osobowe?<\/strong><\/p>\n\n\n\n<p>Niniejsza Polityka prywatno\u015bci ma zastosowanie do wszystkich os\u00f3b, kt\u00f3re przekazuj\u0105 dane osobowe Nielsonsmith.  Gdy w niniejszej Polityce prywatno\u015bci u\u017cywany jest termin \"dane osobowe\", oznacza on wszelkie informacje o mo\u017cliwej do zidentyfikowania osobie fizycznej.<\/p>\n\n\n\n<p><strong>Jaki jest zakres&nbsp;<\/strong><strong>Nielsonsmith<\/strong><strong>&nbsp;Polityka prywatno\u015bci?<\/strong><\/p>\n\n\n\n<p>Niniejsza Polityka prywatno\u015bci dotyczy naszych zasad i procedur odnosz\u0105cych si\u0119 do danych osobowych os\u00f3b fizycznych, takich jak nasi klienci. Niniejsza Polityka prywatno\u015bci ma zastosowanie do danych osobowych przekazywanych Nielsonsmith przez u\u017cytkownik\u00f3w.<\/p>\n\n\n\n<p>Gromadzenie, wykorzystywanie i ujawnianie danych osobowych u\u017cytkownika podlega nast\u0119puj\u0105cym przepisom&nbsp;<em>Ustawa o ochronie danych osobowych i dokument\u00f3w elektronicznych<\/em>&nbsp;(\"<strong>Ustawa<\/strong>\") oraz wszelkie obowi\u0105zuj\u0105ce przepisy prowincji.  Niniejsza Polityka Prywatno\u015bci okre\u015bla, jakie dane osobowe mog\u0105 by\u0107 gromadzone od u\u017cytkownika i w jaki spos\u00f3b s\u0105 one wykorzystywane. W przypadku jakichkolwiek pyta\u0144 lub w\u0105tpliwo\u015bci dotycz\u0105cych naszych praktyk w zakresie ochrony prywatno\u015bci, prosimy o kontakt pod adresem podanym na ko\u0144cu niniejszej Polityki prywatno\u015bci.<\/p>\n\n\n\n<p>Niniejsza Polityka prywatno\u015bci dotyczy wy\u0142\u0105cznie danych osobowych gromadzonych przez nas.<\/p>\n\n\n\n<h4 class=\"wp-block-heading\"><strong>Co jest wy\u0142\u0105czone z ochrony prywatno\u015bci?<\/strong><strong>&nbsp;<\/strong><\/h4>\n\n\n\n<p>Niniejsza Polityka Prywatno\u015bci nie nak\u0142ada ogranicze\u0144 na: s\u0142u\u017cbowe dane kontaktowe, w tym imi\u0119 i nazwisko, tytu\u0142, adres s\u0142u\u017cbowy lub numer telefonu pracownika organizacji; informacje gromadzone, wykorzystywane lub ujawniane wy\u0142\u0105cznie w celach dziennikarskich, literackich lub artystycznych; publicznie dost\u0119pne informacje, takie jak imi\u0119 i nazwisko, numer telefonu i adres osoby fizycznej, gdy s\u0105 wymienione w ksi\u0105\u017cce telefonicznej lub udost\u0119pnione za po\u015brednictwem pomocy katalogowej; lub informacje, kt\u00f3re s\u0105 zagregowane i nie s\u0105 powi\u0105zane z konkretn\u0105 osob\u0105, w tym informacje demograficzne i statystyki.<\/p>\n\n\n\n<p><strong>Dzieci.<\/strong><\/p>\n\n\n\n<p>Je\u015bli u\u017cytkownik nie uko\u0144czy\u0142 18 lat, powinien uzyska\u0107 zgod\u0119 rodzica lub opiekuna przed wys\u0142aniem jakichkolwiek danych osobowych do nas lub kogokolwiek innego.  Zach\u0119camy rodzic\u00f3w do anga\u017cowania si\u0119 w korzystanie z Internetu przez ich dzieci i bycia \u015bwiadomym dzia\u0142a\u0144, w kt\u00f3rych uczestnicz\u0105.<\/p>\n\n\n\n<p><strong>Dlaczego&nbsp;<\/strong><strong>Nielsonsmith<\/strong><strong>&nbsp;Zbiera\u0107 dane osobowe?<\/strong><\/p>\n\n\n\n<p>Nielsonsmith mo\u017ce gromadzi\u0107 dane osobowe z nast\u0119puj\u0105cych powod\u00f3w:<\/p>\n\n\n\n<ul class=\"wp-block-list\">\n<li>Gromadzimy osobiste dane kontaktowe (takie jak imi\u0119 i nazwisko, adres, adres e-mail i numery telefon\u00f3w), je\u015bli u\u017cytkownik: zapisuje si\u0119 do newslettera; kupuje lub subskrybuje dowolne publikacje; rejestruje si\u0119 na forum internetowym lub stronie internetowej lub uczestniczy w p\u0142atnym wydarzeniu; kupuje dowolny produkt lub us\u0142ug\u0119 od Nielsonsmith; odpowiada na ankiet\u0119; kupuje przestrze\u0144 reklamow\u0105; lub jest autorem prac, kt\u00f3re s\u0105 przez nas publikowane.<\/li>\n\n\n\n<li>Przekazywane nam informacje s\u0105 wykorzystywane w celu spe\u0142nienia pro\u015bby u\u017cytkownika o informacje, produkty lub us\u0142ugi, dostarczenia ukierunkowanych reklam oraz udzielenia odpowiedzi na zapytania u\u017cytkownika. Od czasu do czasu informacje te mog\u0105 by\u0107 wykorzystywane do przyznawania punkt\u00f3w premiowych lub udzielania kredyt\u00f3w, w zale\u017cno\u015bci od okoliczno\u015bci.<\/li>\n\n\n\n<li>Zachowamy identyfikator subskrybenta i has\u0142a, aby na \u017c\u0105danie u\u017cytkownika m\u00f3c je przypomnie\u0107.<\/li>\n\n\n\n<li>Gromadzimy informacje demograficzne, a tak\u017ce histori\u0119 zakup\u00f3w i list\u0119 oferowanych u\u017cytkownikowi promocji, aby lepiej zrozumie\u0107 jego zainteresowania, dzi\u0119ki czemu mo\u017cemy opracowywa\u0107 lepsze produkty i us\u0142ugi oraz okre\u015bla\u0107, czy u\u017cytkownik kwalifikuje si\u0119 do korzystania z innych produkt\u00f3w i us\u0142ug.<\/li>\n\n\n\n<li>Mo\u017cemy r\u00f3wnie\u017c wykorzystywa\u0107 dane demograficzne, osobiste dane kontaktowe i dane historyczne, aby kontaktowa\u0107 si\u0119 z u\u017cytkownikiem w sprawie zmian, ulepsze\u0144 lub innych powiadomie\u0144 zwi\u0105zanych z produktami lub us\u0142ugami, o kt\u00f3re u\u017cytkownik poprosi\u0142 i kt\u00f3re \u015bwiadczymy. Ponadto mo\u017cemy wykorzystywa\u0107 te informacje do wysy\u0142ania u\u017cytkownikowi ofert lub informacji od nas, naszych podmiot\u00f3w stowarzyszonych oraz od wybranych sponsor\u00f3w lub reklamodawc\u00f3w (\"Oferty marketingowe\"). Je\u015bli u\u017cytkownik nie chce otrzymywa\u0107 Ofert Marketingowych, mo\u017ce z nich zrezygnowa\u0107 w dowolnym momencie, post\u0119puj\u0105c zgodnie z poni\u017csz\u0105 procedur\u0105 rezygnacji.<\/li>\n\n\n\n<li>Mo\u017cemy nagrywa\u0107 lub monitorowa\u0107 rozmowy telefoniczne z przedstawicielami obs\u0142ugi klienta w celu zapewnienia jako\u015bci.<\/li>\n\n\n\n<li>Gromadzimy informacje o karcie kredytowej u\u017cytkownika w przypadku: zakupu publikacji lub subskrypcji us\u0142ugi luzem; rejestracji w celu wzi\u0119cia udzia\u0142u w p\u0142atnym wydarzeniu; zakupu jakichkolwiek produkt\u00f3w od Nielsonsmith lub za po\u015brednictwem jednej z naszych stron internetowych; bycia p\u0142atnym reklamodawc\u0105. Informacje o karcie kredytowej s\u0105 wykorzystywane w celu realizacji zam\u00f3wienia.<\/li>\n\n\n\n<li>Je\u015bli u\u017cytkownik zdecyduje si\u0119 zrezygnowa\u0107 z wykorzystywania jego danych osobowych zgodnie z nasz\u0105 polityk\u0105 rezygnacji, zachowamy jego dane kontaktowe na li\u015bcie, aby mo\u017cna by\u0142o spe\u0142ni\u0107 jego \u017c\u0105danie.<\/li>\n\n\n\n<li>Je\u015bli u\u017cytkownik z\u0142o\u017cy skarg\u0119 do kt\u00f3regokolwiek z naszych dzia\u0142\u00f3w, zbierzemy jego dane kontaktowe i charakter skargi w celu zbadania jego obaw i udzielenia mu odpowiedzi.<\/li>\n\n\n\n<li>Je\u015bli u\u017cytkownik \u015bwiadczy na nasz\u0105 rzecz us\u0142ugi niezale\u017cne lub inne us\u0142ugi, mo\u017cemy gromadzi\u0107 numer ubezpieczenia spo\u0142ecznego u\u017cytkownika do cel\u00f3w sprawozdawczo\u015bci podatkowej oraz dane kontaktowe u\u017cytkownika w celu wyp\u0142acenia mu wynagrodzenia.<\/li>\n\n\n\n<li>Mo\u017cemy r\u00f3wnie\u017c wykorzystywa\u0107 lub gromadzi\u0107 dodatkowe informacje od freelancer\u00f3w, innych us\u0142ugodawc\u00f3w i reklamodawc\u00f3w, takie jak informacje finansowe (na przyk\u0142ad dane bankowe i historia kredytowa) w celu oceny ryzyka kredytowego, dane dotycz\u0105ce sprzeda\u017cy w celu przygotowania raport\u00f3w dotycz\u0105cych tantiem oraz inne istotne informacje, kt\u00f3re pomog\u0105 nam oceni\u0107 jako\u015b\u0107 us\u0142ug \u015bwiadczonych przez u\u017cytkownika.<\/li>\n\n\n\n<li>U\u017cywamy adres\u00f3w IP (protoko\u0142u internetowego) do zbierania informacji demograficznych i statystycznych o naszych u\u017cytkownikach, do administrowania systemami i diagnozowania problem\u00f3w z naszymi serwerami oraz do administrowania naszymi stronami internetowymi.  Mo\u017cemy r\u00f3wnie\u017c wykorzystywa\u0107 adresy IP w celu wy\u015bwietlania lub umo\u017cliwienia naszym zewn\u0119trznym dostawcom reklam wy\u015bwietlania bardziej ukierunkowanych reklam i tre\u015bci.<\/li>\n\n\n\n<li>Od czasu do czasu mo\u017cemy \u015bledzi\u0107 i analizowa\u0107 anonimowe wzorce u\u017cytkowania i przegl\u0105dania odwiedzaj\u0105cych nasze strony internetowe, aby zapewni\u0107 naszym reklamodawcom bardziej ukierunkowane mo\u017cliwo\u015bci reklamowe i pom\u00f3c u\u017cytkownikom zobaczy\u0107 reklamy, kt\u00f3re najprawdopodobniej ich zainteresuj\u0105.<\/li>\n\n\n\n<li>Zasadniczo wykorzystujemy dane osobowe u\u017cytkownika do cel\u00f3w: zarz\u0105dzania, administrowania, gromadzenia lub w inny spos\u00f3b egzekwowania rachunk\u00f3w u\u017cytkownika; przechowywania dokumentacji biznesowej przez rozs\u0105dne okresy czasu oraz og\u00f3lnego zarz\u0105dzania i administrowania nasz\u0105 dzia\u0142alno\u015bci\u0105; oraz spe\u0142niania wszystkich odpowiednich mi\u0119dzynarodowych wymog\u00f3w regulacyjnych, prawnych, ubezpieczeniowych, audytowych, bezpiecze\u0144stwa i przetwarzania.<\/li>\n\n\n\n<li>Od czasu do czasu prosimy naszych klient\u00f3w o wype\u0142nienie ankiet dotycz\u0105cych bada\u0144 rynkowych. Je\u015bli u\u017cytkownik zdecyduje si\u0119 wzi\u0105\u0107 udzia\u0142 w takich ankietach i poda w tym celu swoje dane osobowe, informacje te zostan\u0105 zagregowane jako cz\u0119\u015b\u0107 wynik\u00f3w ankiety i udost\u0119pnione naszym reklamodawcom, sponsorom i podmiotom stowarzyszonym w spos\u00f3b uniemo\u017cliwiaj\u0105cy identyfikacj\u0119 u\u017cytkownika.<\/li>\n\n\n\n<li>Poza przypadkami dozwolonymi lub wymaganymi przez prawo, je\u015bli b\u0119dziemy chcieli gromadzi\u0107, wykorzystywa\u0107 lub ujawnia\u0107 dane osobowe u\u017cytkownika w celach nieprzewidzianych w niniejszej Polityce prywatno\u015bci, okre\u015blimy te cele w momencie ich gromadzenia. U\u017cytkownik otrzyma uzasadnion\u0105 mo\u017cliwo\u015b\u0107 rezygnacji z takich dodatkowych cel\u00f3w.<\/li>\n<\/ul>\n\n\n\n<p><strong>Jakiego rodzaju dane osobowe&nbsp;<\/strong><strong>Nielsonsmith<\/strong><strong>&nbsp;Ujawni\u0107, komu i dlaczego?<\/strong><\/p>\n\n\n\n<p>Og\u00f3lnie rzecz bior\u0105c, gdy u\u017cytkownik przekazuje nam swoje dane osobowe, zak\u0142adamy, \u017ce wyra\u017ca zgod\u0119 na gromadzenie, wykorzystywanie i ujawnianie przez nas takich informacji w celach okre\u015blonych lub opisanych w niniejszej Polityce prywatno\u015bci, je\u015bli ma ona zastosowanie, lub w inny spos\u00f3b w momencie ich gromadzenia. Zastrzegamy sobie prawo do wykorzystywania i ujawniania danych osobowych u\u017cytkownika bez jego zgody, je\u015bli jest to wymagane lub dozwolone przez prawo, na przyk\u0142ad, je\u015bli mamy uzasadnione podstawy, aby s\u0105dzi\u0107, \u017ce informacje te mog\u0105 by\u0107 przydatne w dochodzeniu w sprawie naruszenia prawa federalnego, prowincjonalnego lub zagranicznego, w celu ochrony lub obrony naszych interes\u00f3w prawnych lub w celu zachowania zgodno\u015bci z obowi\u0105zuj\u0105cymi przepisami prawa i zgodnymi z prawem \u017c\u0105daniami rz\u0105dowymi.<\/p>\n\n\n\n<p>Nielsonsmith mo\u017ce ujawnia\u0107 dane osobowe u\u017cytkownika stronom trzecim w nast\u0119puj\u0105cy spos\u00f3b:<\/p>\n\n\n\n<ul class=\"wp-block-list\">\n<li>Mo\u017cemy ujawnia\u0107 dane kontaktowe u\u017cytkownika podmiotom stowarzyszonym oraz wybranym sponsorom i reklamodawcom. Je\u015bli u\u017cytkownik nie chce otrzymywa\u0107 Ofert Marketingowych, mo\u017ce z nich zrezygnowa\u0107 w dowolnym momencie, post\u0119puj\u0105c zgodnie z procedur\u0105 rezygnacji okre\u015blon\u0105 w niniejszym dokumencie.<\/li>\n\n\n\n<li>Mo\u017cemy przekazywa\u0107 dane osobowe u\u017cytkownika zewn\u0119trznym dostawcom us\u0142ug w celu realizacji zam\u00f3wienia u\u017cytkownika lub wykonania przetwarzania i innych specjalistycznych us\u0142ug (takich jak przetwarzanie kart kredytowych, realizacja nagr\u00f3d w naszych konkursach, windykacja zaleg\u0142ych kont, zarz\u0105dzanie \u017c\u0105daniami obs\u0142ugi klienta i dostawa produkt\u00f3w).<\/li>\n\n\n\n<li>Nielsonsmith mo\u017ce przekaza\u0107 poufne informacje o nazwisku i karcie kredytowej u\u017cytkownika stronie trzeciej w celu aktualizacji informacji o karcie kredytowej u\u017cytkownika, aby zapewni\u0107, \u017ce bie\u017c\u0105ca subskrypcja produkt\u00f3w i us\u0142ug Nielsonsmith nie zostanie przerwana.<\/li>\n\n\n\n<li>Dane osobowe u\u017cytkownika mog\u0105 by\u0107 przetwarzane i przechowywane poza krajem zamieszkania u\u017cytkownika przez nas, sp\u00f3\u0142k\u0119 stowarzyszon\u0105 lub zewn\u0119trznego dostawc\u0119 us\u0142ug w celach okre\u015blonych w niniejszej Polityce prywatno\u015bci, a zgodnie z prawem tych innych jurysdykcji, w pewnych okoliczno\u015bciach zagraniczne s\u0105dy, organy \u015bcigania lub agencje regulacyjne mog\u0105 by\u0107 uprawnione do uzyskania dost\u0119pu do danych osobowych u\u017cytkownika.<\/li>\n\n\n\n<li>Mo\u017cemy ujawni\u0107 dane osobowe u\u017cytkownika naszym podmiotom stowarzyszonym do cel\u00f3w audytu wewn\u0119trznego, zarz\u0105dzania, fakturowania lub cel\u00f3w administracyjnych.<\/li>\n\n\n\n<li>Mo\u017cemy ujawni\u0107 dane osobowe u\u017cytkownika stronom trzecim, je\u015bli u\u017cytkownik naruszy\u0142 nasze warunki \u015bwiadczenia us\u0142ug lub warunki zakupu, lub je\u015bli musimy zastosowa\u0107 si\u0119 do obowi\u0105zuj\u0105cych przepis\u00f3w prawa i zgodnych z prawem \u017c\u0105da\u0144 rz\u0105dowych, innych organ\u00f3w prawnych i regulacyjnych oraz z innych powod\u00f3w prawnych.<\/li>\n\n\n\n<li>Mo\u017cemy ujawni\u0107 dane osobowe u\u017cytkownika na zasadzie poufno\u015bci stronom zwi\u0105zanym z rozwa\u017canym lub faktycznym finansowaniem, ubezpieczeniem, sprzeda\u017c\u0105, cesj\u0105 lub innym zbyciem ca\u0142o\u015bci lub cz\u0119\u015bci naszej dzia\u0142alno\u015bci lub aktyw\u00f3w, w tym w celu ustalenia, czy kontynuowa\u0107 tak\u0105 transakcj\u0119 lub relacje biznesowe, lub spe\u0142nienia wszelkich wymog\u00f3w dotycz\u0105cych dokumentacji lub innych wymog\u00f3w sprawozdawczych wobec takich stron.<\/li>\n<\/ul>\n\n\n\n<p>Poza przypadkami dozwolonymi lub wymaganymi przez prawo, je\u015bli b\u0119dziemy chcieli gromadzi\u0107, wykorzystywa\u0107 lub ujawnia\u0107 dane osobowe u\u017cytkownika w celach nieprzewidzianych w niniejszej Polityce prywatno\u015bci, okre\u015blimy te cele w momencie ich gromadzenia. U\u017cytkownik otrzyma uzasadnion\u0105 mo\u017cliwo\u015b\u0107 rezygnacji z takich dodatkowych cel\u00f3w.<\/p>\n\n\n\n<p><strong>Polityka rezygnacji.<\/strong><\/p>\n\n\n\n<p>Od czasu do czasu udost\u0119pniamy list\u0119 e-mailow\u0105 naszych klient\u00f3w innym renomowanym organizacjom, kt\u00f3rych produkty lub us\u0142ugi mog\u0105 by\u0107 interesuj\u0105ce dla u\u017cytkownika.  Ponadto, je\u015bli u\u017cytkownik poda nam sw\u00f3j numer telefonu, mo\u017cemy skontaktowa\u0107 si\u0119 z nim telefonicznie w celu przekazania informacji dotycz\u0105cych nowych produkt\u00f3w i us\u0142ug lub nadchodz\u0105cych wydarze\u0144.&nbsp;&nbsp;<strong>Je\u015bli u\u017cytkownik nie \u017cyczy sobie, aby\u015bmy to robili lub aby\u015bmy kontaktowali si\u0119 z nim w sprawie naszych w\u0142asnych promocji i nadchodz\u0105cych wydarze\u0144, prosimy o poinformowanie nas o tym, wysy\u0142aj\u0105c nam powiadomienie online, poczt\u0105 elektroniczn\u0105, dzwoni\u0105c do nas lub pisz\u0105c do nas na podane poni\u017cej dane kontaktowe.<\/strong><\/p>\n\n\n\n<p>Poza przypadkami dozwolonymi lub wymaganymi przez prawo, je\u015bli b\u0119dziemy chcieli gromadzi\u0107, wykorzystywa\u0107 lub ujawnia\u0107 dane osobowe u\u017cytkownika w celach nieprzewidzianych w niniejszej Polityce prywatno\u015bci, okre\u015blimy te cele w momencie ich gromadzenia.  U\u017cytkownik otrzyma uzasadnion\u0105 mo\u017cliwo\u015b\u0107 rezygnacji z takich dodatkowych cel\u00f3w.<\/p>\n\n\n\n<p>Je\u015bli u\u017cytkownik zdecyduje si\u0119 zrezygnowa\u0107 z wykorzystywania jego danych osobowych zgodnie z nasz\u0105 polityk\u0105 rezygnacji, zachowamy jego dane kontaktowe na li\u015bcie, aby mo\u017cna by\u0142o spe\u0142ni\u0107 jego \u017c\u0105danie.<\/p>\n\n\n\n<p>Nale\u017cy pami\u0119ta\u0107, \u017ce dane kontaktowe przekazane nam w celu przekazania informacji o konferencji za po\u015brednictwem naszej funkcji \"Wy\u015blij do znajomego\" s\u0105 ograniczone.  Oznacza to, \u017ce \u017cadne niechciane wiadomo\u015bci e-mail nie b\u0119d\u0105 wysy\u0142ane do os\u00f3b kontaktowych, kt\u00f3rych dane zosta\u0142y podane za pomoc\u0105 tej funkcji, a ich dane kontaktowe nie b\u0119d\u0105 ujawniane ani sprzedawane stronom trzecim.<\/p>\n\n\n\n<p>Pe\u0142ne przetworzenie wniosku o rezygnacj\u0119 mo\u017ce potrwa\u0107 od 4 do 6 tygodni.<\/p>\n\n\n\n<p><strong>Bezpiecze\u0144stwo.<\/strong><\/p>\n\n\n\n<p>Nielsonsmith stosuje techniczne, umowne, administracyjne i fizyczne \u015brodki bezpiecze\u0144stwa w celu ochrony danych osobowych u\u017cytkownika w spos\u00f3b uzasadniony i odpowiedni do charakteru przekazywanych nam danych osobowych. Na przyk\u0142ad, gdy u\u017cytkownik przekazuje nam informacje o karcie kredytowej, staramy si\u0119 pom\u00f3c w ochronie bezpiecze\u0144stwa informacji o karcie kredytowej, korzystaj\u0105c ze standardowej w bran\u017cy technologii szyfrowania SSL (Secure Sockets Layer).<\/p>\n\n\n\n<p>Nale\u017cy pami\u0119ta\u0107, \u017ce poczta elektroniczna nie jest bezpiecznym medium, a wszelkie dane osobowe przesy\u0142ane do nas poczt\u0105 elektroniczn\u0105 mog\u0105 zosta\u0107 przechwycone.  Je\u015bli komunikacja jest bardzo wra\u017cliwa lub zawiera informacje takie jak numer karty kredytowej, nie nale\u017cy wysy\u0142a\u0107 jej drog\u0105 elektroniczn\u0105, chyba \u017ce wiadomo\u015b\u0107 e-mail jest szyfrowana lub przegl\u0105darka wskazuje, \u017ce dost\u0119p do naszej witryny jest bezpieczny.  Materia\u0142y publikowane na forach internetowych, takich jak tablice og\u0142osze\u0144 lub strony z komentarzami, s\u0105 publiczne, niezabezpieczone i mog\u0105 by\u0107 przegl\u0105dane przez ka\u017cdego.  Wszelkie dane osobowe zamieszczane przez u\u017cytkownika mog\u0105 by\u0107 gromadzone i wykorzystywane przez kogokolwiek i mog\u0105 skutkowa\u0107 niechcianymi wiadomo\u015bciami od innych u\u017cytkownik\u00f3w Internetu.  Nielsonsmith nie ponosi odpowiedzialno\u015bci za dane osobowe, kt\u00f3re u\u017cytkownik zdecyduje si\u0119 opublikowa\u0107 lub przes\u0142a\u0107 na jakimkolwiek forum internetowym na kt\u00f3rejkolwiek z naszych stron internetowych.<\/p>\n\n\n\n<p><strong>Pliki cookie i witryny os\u00f3b trzecich.<\/strong><\/p>\n\n\n\n<p>Je\u015bli u\u017cytkownik korzysta z kt\u00f3rejkolwiek z naszych witryn internetowych, mo\u017cemy przypisa\u0107 internetowy plik cookie. Internetowy plik cookie to ma\u0142y plik tekstowy, kt\u00f3ry witryna internetowa przechowuje w przegl\u0105darce internetowej u\u017cytkownika i kt\u00f3ry mo\u017ce gromadzi\u0107 i przechowywa\u0107 informacje. U\u017cywamy plik\u00f3w cookie, aby lepiej zrozumie\u0107, w jaki spos\u00f3b u\u017cytkownik korzysta z naszych witryn internetowych, aby upewni\u0107 si\u0119, \u017ce nasze reklamy i dynamiczne tre\u015bci s\u0105 wy\u015bwietlane prawid\u0142owo oraz aby poprawi\u0107 wydajno\u015b\u0107 naszych witryn internetowych.  Na przyk\u0142ad plik cookie mo\u017ce przywo\u0142ywa\u0107 zestaw preferencji ustawionych dla naszej witryny internetowej i rejestrowa\u0107 elementy, dla kt\u00f3rych u\u017cytkownik si\u0119 zarejestrowa\u0142. Przechowywanie plik\u00f3w cookie w przegl\u0105darce internetowej umo\u017cliwia nam prezentowanie u\u017cytkownikowi stron internetowych i innych tre\u015bci dostosowanych do jego preferencji. Dzia\u0142ania te s\u0105 niewidoczne dla u\u017cytkownika i zasadniczo maj\u0105 na celu popraw\u0119 wygody surfowania po Internecie. O ile u\u017cytkownik nie ustawi\u0142 swoich preferencji w taki spos\u00f3b, \u017ce b\u0119dzie powiadamiany o przechowywaniu plik\u00f3w cookie na jego komputerze, nie b\u0119dzie o tym wiedzia\u0142.<\/p>\n\n\n\n<p>Na naszych stronach internetowych mo\u017cemy umieszcza\u0107 reklamy lub inne \u0142\u0105cza pochodz\u0105ce od zewn\u0119trznych reklamodawc\u00f3w.  Nie kontrolujemy plik\u00f3w cookie w tych witrynach ani nie ponosimy odpowiedzialno\u015bci za marketing lub inne wykorzystanie informacji u\u017cytkownika przez tych reklamodawc\u00f3w.<\/p>\n\n\n\n<p>U\u017cytkownicy mog\u0105, poprzez hipertekst lub inne \"linki\" komputerowe, uzyska\u0107 dost\u0119p do innych stron internetowych w Internecie, kt\u00f3re nie s\u0105 obs\u0142ugiwane przez Nielsonsmith. Nielsonsmith udost\u0119pnia te \u0142\u0105cza wy\u0142\u0105cznie dla wygody u\u017cytkownika, a umieszczenie jakiegokolwiek \u0142\u0105cza nie oznacza poparcia Nielsonsmith dla witryny, do kt\u00f3rej prowadzi \u0142\u0105cze. Nielsonsmith NIE PONOSI \u017bADNEJ ODPOWIEDZIALNO\u015aCI ZA JAKIEKOLWIEK MATERIA\u0141Y POZA WITRYNAMI OBS\u0141UGIWANYMI PRZEZ NIELSONSMITH, W TYM ZA JAKIEKOLWIEK WITRYNY, DO KT\u00d3RYCH DOST\u0118P JEST POPRZEZ LINK NA WITRYNIE OBS\u0141UGIWANEJ PRZEZ NIELSONSMITH.  O ile nie wskazano inaczej w witrynie obs\u0142ugiwanej przez Nielsonsmith, Nielsonsmith nie jest sponsorowany ani powi\u0105zany z powi\u0105zanymi witrynami. Nielsonsmith wyra\u017anie zrzeka si\u0119 odpowiedzialno\u015bci za nieumy\u015blne przegl\u0105danie przez osoby poni\u017cej 18 roku \u017cycia jakichkolwiek materia\u0142\u00f3w przeznaczonych dla doros\u0142ych na stronie internetowej, do kt\u00f3rej dost\u0119p uzyskano za po\u015brednictwem po\u0142\u0105czonej strony internetowej.<\/p>\n\n\n\n<p>Nale\u017cy pami\u0119ta\u0107, \u017ce nasze strony internetowe mog\u0105 zawiera\u0107 \u0142\u0105cza do innych stron internetowych prowadzonych przez osoby trzecie, kt\u00f3re nie s\u0105 zobowi\u0105zane do przestrzegania niniejszego Kodeksu Prywatno\u015bci i za kt\u00f3re Nielsonsmith nie ponosi odpowiedzialno\u015bci. Prosimy o zapoznanie si\u0119 z polityk\u0105 prywatno\u015bci wszelkich zewn\u0119trznych witryn internetowych w celu ustalenia ich praktyk w zakresie przetwarzania informacji.<\/p>\n\n\n\n<p><strong>Jak d\u0142ugo trwa&nbsp;<\/strong><strong>Nielsonsmith<\/strong><strong>&nbsp;Zachowa\u0107 dane osobowe?<\/strong><\/p>\n\n\n\n<p>Przechowujemy dane osobowe u\u017cytkownika przez okres niezb\u0119dny do realizacji cel\u00f3w, dla kt\u00f3rych zosta\u0142y zgromadzone, lub w celu spe\u0142nienia wymog\u00f3w prawnych, w tym ustawowych okres\u00f3w przechowywania. Gdy dane osobowe u\u017cytkownika nie b\u0119d\u0105 ju\u017c potrzebne do okre\u015blonego celu lub spe\u0142nienia wymog\u00f3w prawnych, zostan\u0105 one usuni\u0119te z naszych rejestr\u00f3w.<\/p>\n\n\n\n<p><strong>Jak uzyska\u0107 dost\u0119p do swoich danych osobowych i je poprawia\u0107 oraz jak rozwi\u0105zywa\u0107 problemy dotycz\u0105ce prywatno\u015bci.<\/strong><\/p>\n\n\n\n<p>Je\u015bli u\u017cytkownik uwa\u017ca, \u017ce niniejsza witryna nie przestrzega okre\u015blonej polityki informacyjnej, chcia\u0142by uzyska\u0107 dost\u0119p do swoich danych osobowych lub poprosi\u0107 nas o ich poprawienie, mo\u017ce skontaktowa\u0107 si\u0119 z nami, korzystaj\u0105c z danych kontaktowych podanych poni\u017cej:<\/p>\n\n\n\n<p><strong>RE:  ZAPYTANIE O PRYWATNO\u015a\u0106<\/strong><\/p>\n\n\n\n<p>Nielsonsmith Ltd.<br>Apartament 179<br>Airport House<br>Purley Way<br>Croydon<br>CR0 0XZ, Wielka Brytania<br>Tel: +44 (0) 203 397 2781<br>Faks: +44 (0) 203 397 2785<br>E-mail:&nbsp;<a href=\"mailto:info@nielsonsmith.com\">info@nielsonsmith.com<\/a><\/p>\n\n\n\n<p>Niniejsza Polityka prywatno\u015bci zosta\u0142a ostatnio zaktualizowana w<strong>&nbsp;czerwiec 2023 r.<\/strong><\/p>","protected":false},"excerpt":{"rendered":"<p>Nielsonsmith Ltd.Airport HousePurley WayCroydonCR0 0XZ, United Kingdom Nielsonsmith Ltd. (\u201cNielsonsmith\u201c) is committed to protecting the privacy and confidentiality of personal information entrusted to us. This Privacy Policy governs the collection, use and disclosure of your personal information in any form, whether written or electronic, by Nielsonsmith and its affiliates.&nbsp;&nbsp;Please read this Privacy Policy carefully, and [&hellip;]<\/p>\n","protected":false},"author":1,"featured_media":48,"parent":0,"menu_order":0,"comment_status":"closed","ping_status":"closed","template":"","meta":{"_seopress_robots_primary_cat":"","_seopress_titles_title":"","_seopress_titles_desc":"","_seopress_robots_index":"","footnotes":""},"hf_cat_page":[38],"class_list":["post-436","page","type-page","status-publish","has-post-thumbnail","hentry"],"blocksy_meta":[],"_links":{"self":[{"href":"https:\/\/nielsonsmith.com\/pl\/wp-json\/wp\/v2\/pages\/436","targetHints":{"allow":["GET"]}}],"collection":[{"href":"https:\/\/nielsonsmith.com\/pl\/wp-json\/wp\/v2\/pages"}],"about":[{"href":"https:\/\/nielsonsmith.com\/pl\/wp-json\/wp\/v2\/types\/page"}],"author":[{"embeddable":true,"href":"https:\/\/nielsonsmith.com\/pl\/wp-json\/wp\/v2\/users\/1"}],"replies":[{"embeddable":true,"href":"https:\/\/nielsonsmith.com\/pl\/wp-json\/wp\/v2\/comments?post=436"}],"version-history":[{"count":4,"href":"https:\/\/nielsonsmith.com\/pl\/wp-json\/wp\/v2\/pages\/436\/revisions"}],"predecessor-version":[{"id":1261,"href":"https:\/\/nielsonsmith.com\/pl\/wp-json\/wp\/v2\/pages\/436\/revisions\/1261"}],"wp:featuredmedia":[{"embeddable":true,"href":"https:\/\/nielsonsmith.com\/pl\/wp-json\/wp\/v2\/media\/48"}],"wp:attachment":[{"href":"https:\/\/nielsonsmith.com\/pl\/wp-json\/wp\/v2\/media?parent=436"}],"wp:term":[{"taxonomy":"hf_cat_page","embeddable":true,"href":"https:\/\/nielsonsmith.com\/pl\/wp-json\/wp\/v2\/hf_cat_page?post=436"}],"curies":[{"name":"wp","href":"https:\/\/api.w.org\/{rel}","templated":true}]}}