{"id":436,"date":"2023-05-10T13:19:11","date_gmt":"2023-05-10T12:19:11","guid":{"rendered":"https:\/\/nielsonsmith.websitebureau.nl\/?page_id=436"},"modified":"2023-06-29T18:26:13","modified_gmt":"2023-06-29T17:26:13","slug":"declaration-de-politique-de-confidentialite","status":"publish","type":"page","link":"https:\/\/nielsonsmith.com\/fr\/privacy-policy-statement\/","title":{"rendered":"D\u00e9claration de politique de confidentialit\u00e9"},"content":{"rendered":"<p>Nielsonsmith Ltd.<br>Maison de l'a\u00e9roport<br>Purley Way<br>Croydon<br>CR0 0XZ, Royaume-Uni<\/p>\n\n\n\n<p>Nielsonsmith Ltd. (\"<a href=\"https:\/\/nielsonsmith.com\/fr\/\">Nielsonsmith<\/a>\") s'engage \u00e0 prot\u00e9ger la vie priv\u00e9e et la confidentialit\u00e9 des informations personnelles qui lui sont confi\u00e9es.<\/p>\n\n\n\n<p>La pr\u00e9sente politique de confidentialit\u00e9 r\u00e9git la collecte, l'utilisation et la divulgation de vos renseignements personnels sous quelque forme que ce soit, \u00e9crite ou \u00e9lectronique, par Nielsonsmith et ses soci\u00e9t\u00e9s affili\u00e9es.&nbsp;<strong>&nbsp;Veuillez lire attentivement la pr\u00e9sente politique de confidentialit\u00e9 et vous y reporter r\u00e9guli\u00e8rement, car nous pouvons la mettre \u00e0 jour de temps \u00e0 autre.&nbsp;<\/strong><\/p>\n\n\n\n<h3 class=\"wp-block-heading\"><strong>Acceptation de la politique de confidentialit\u00e9.<\/strong><\/h3>\n\n\n\n<p><strong>En soumettant vos informations personnelles \u00e0&nbsp;<\/strong><strong>Nielsonsmith<\/strong><strong>vous signifiez votre accord avec les termes et conditions de cette politique de protection de la vie priv\u00e9e.&nbsp;&nbsp;<\/strong>Si vous n'acceptez pas cette politique de confidentialit\u00e9, veuillez ne pas nous soumettre vos informations personnelles.<\/p>\n\n\n\n<p>Nielsonsmith se r\u00e9serve le droit, \u00e0 sa discr\u00e9tion, de changer, de modifier, d'ajouter ou de supprimer des parties de la pr\u00e9sente politique de confidentialit\u00e9 \u00e0 tout moment, \u00e0 sa seule discr\u00e9tion.<\/p>\n\n\n\n<p><strong>Qu'est-ce qu'une information personnelle ?<\/strong><\/p>\n\n\n\n<p>La pr\u00e9sente politique de protection de la vie priv\u00e9e s'applique \u00e0 toutes les personnes qui fournissent des renseignements personnels \u00e0 Nielsonsmith.  Lorsque la pr\u00e9sente politique de protection de la vie priv\u00e9e utilise le terme \"renseignements personnels\", il s'agit de tout renseignement concernant une personne identifiable.<\/p>\n\n\n\n<p><strong>Quel est le champ d'application de la&nbsp;<\/strong><strong>Nielsonsmith<\/strong><strong>&nbsp;La politique de protection de la vie priv\u00e9e de la Commission europ\u00e9enne ?<\/strong><\/p>\n\n\n\n<p>La pr\u00e9sente politique de protection de la vie priv\u00e9e traite de nos politiques et proc\u00e9dures relatives aux informations personnelles des individus, tels que nos clients. Cette politique de confidentialit\u00e9 s'applique aux renseignements personnels que vous fournissez \u00e0 Nielsonsmith.<\/p>\n\n\n\n<p>La collecte, l'utilisation et la divulgation de vos informations personnelles sont r\u00e9gies par la&nbsp;<em>Loi sur la protection des donn\u00e9es personnelles et les documents \u00e9lectroniques<\/em>&nbsp;(le \"<strong>Agir<\/strong>\"), et toute l\u00e9gislation provinciale applicable.  La pr\u00e9sente politique de confidentialit\u00e9 indique quelles informations personnelles peuvent \u00eatre collect\u00e9es aupr\u00e8s de vous et comment elles sont utilis\u00e9es. Si vous avez des questions ou des pr\u00e9occupations concernant nos pratiques en mati\u00e8re de protection de la vie priv\u00e9e, n'h\u00e9sitez pas \u00e0 nous contacter aux coordonn\u00e9es indiqu\u00e9es \u00e0 la fin de la pr\u00e9sente politique de protection de la vie priv\u00e9e.<\/p>\n\n\n\n<p>La pr\u00e9sente politique de confidentialit\u00e9 ne s'applique qu'aux informations personnelles que nous collectons.<\/p>\n\n\n\n<h4 class=\"wp-block-heading\"><strong>Qu'est-ce qui est exclu de la protection de la vie priv\u00e9e ?<\/strong><strong>&nbsp;<\/strong><\/h4>\n\n\n\n<p>La pr\u00e9sente politique de protection de la vie priv\u00e9e n'impose aucune restriction en ce qui concerne : les coordonn\u00e9es professionnelles, y compris le nom, le titre, l'adresse professionnelle ou le num\u00e9ro de t\u00e9l\u00e9phone d'un employ\u00e9 d'une organisation ; les informations collect\u00e9es, utilis\u00e9es ou divulgu\u00e9es uniquement \u00e0 des fins journalistiques, litt\u00e9raires ou artistiques ; les informations accessibles au public, telles que le nom, le num\u00e9ro de t\u00e9l\u00e9phone et l'adresse d'une personne lorsqu'ils figurent dans un annuaire ou sont mis \u00e0 disposition par l'interm\u00e9diaire d'un service d'assistance t\u00e9l\u00e9phonique ; ou les informations agr\u00e9g\u00e9es et non associ\u00e9es \u00e0 une personne sp\u00e9cifique, y compris les informations d\u00e9mographiques et les statistiques.<\/p>\n\n\n\n<p><strong>Les enfants.<\/strong><\/p>\n\n\n\n<p>Si vous avez moins de 18 ans, veillez \u00e0 obtenir l'autorisation de vos parents ou de votre tuteur avant de nous envoyer des informations personnelles, ou de les envoyer \u00e0 quelqu'un d'autre.  Nous encourageons les parents \u00e0 s'impliquer dans l'utilisation d'Internet par leurs enfants et \u00e0 \u00eatre conscients des activit\u00e9s auxquelles ils participent.<\/p>\n\n\n\n<p><strong>Pourquoi les&nbsp;<\/strong><strong>Nielsonsmith<\/strong><strong>&nbsp;Collecter des informations personnelles ?<\/strong><\/p>\n\n\n\n<p>Nielsonsmith peut collecter des informations personnelles pour les raisons suivantes :<\/p>\n\n\n\n<ul class=\"wp-block-list\">\n<li>Nous recueillons des informations personnelles (telles que votre nom, votre adresse, votre adresse \u00e9lectronique et vos num\u00e9ros de t\u00e9l\u00e9phone) si vous : vous inscrivez \u00e0 un bulletin d'information ; achetez des publications ou vous y abonnez ; vous vous inscrivez \u00e0 un forum en ligne ou \u00e0 un site web, ou si vous assistez \u00e0 un \u00e9v\u00e9nement payant ; achetez un produit ou un service de Nielsonsmith ; r\u00e9pondez \u00e0 une enqu\u00eate ; achetez de l'espace publicitaire ; ou \u00eates l'auteur d'\u0153uvres publi\u00e9es par Nielsonsmith.<\/li>\n\n\n\n<li>Les informations que vous nous fournissez sont utilis\u00e9es pour r\u00e9pondre \u00e0 vos demandes d'informations, de produits ou de services, pour vous proposer des publicit\u00e9s cibl\u00e9es et pour r\u00e9pondre \u00e0 vos demandes de renseignements. De temps \u00e0 autre, ces informations peuvent \u00eatre utilis\u00e9es pour attribuer des points de r\u00e9compense ou appliquer un cr\u00e9dit, selon les circonstances.<\/li>\n\n\n\n<li>Nous conserverons votre identifiant d'abonn\u00e9 et vos mots de passe afin de pouvoir vous les rappeler \u00e0 votre demande.<\/li>\n\n\n\n<li>Nous recueillons des informations d\u00e9mographiques, ainsi que l'historique de vos achats et une liste des promotions qui vous ont \u00e9t\u00e9 propos\u00e9es, afin de mieux comprendre vos int\u00e9r\u00eats et de d\u00e9velopper de meilleurs produits et services, et de d\u00e9terminer votre \u00e9ligibilit\u00e9 \u00e0 d'autres produits et services.<\/li>\n\n\n\n<li>Nous pouvons \u00e9galement utiliser les donn\u00e9es d\u00e9mographiques, les coordonn\u00e9es personnelles et l'historique pour vous contacter au sujet de changements, d'am\u00e9liorations ou d'autres avis relatifs aux produits ou services que vous nous avez demand\u00e9s et que nous fournissons. En outre, nous pouvons utiliser ces informations pour vous envoyer des offres ou des informations de notre part, de celle de nos affili\u00e9s et de certains sponsors ou annonceurs (\"Offres de marketing\"). Si vous ne souhaitez pas recevoir d'offres marketing, vous pouvez vous d\u00e9sinscrire \u00e0 tout moment en suivant la proc\u00e9dure de d\u00e9sinscription ci-dessous.<\/li>\n\n\n\n<li>Nous pouvons enregistrer ou surveiller vos appels t\u00e9l\u00e9phoniques avec nos repr\u00e9sentants du service client\u00e8le \u00e0 des fins d'assurance qualit\u00e9.<\/li>\n\n\n\n<li>Nous recueillons les informations relatives \u00e0 votre carte de cr\u00e9dit si vous : achetez une publication ou vous abonnez \u00e0 un service de feuilles mobiles ; vous inscrivez pour assister \u00e0 un \u00e9v\u00e9nement payant ; achetez des produits de Nielsonsmith ou par l'interm\u00e9diaire de l'un de nos sites web ; \u00eates un annonceur r\u00e9mun\u00e9r\u00e9. Les informations relatives \u00e0 votre carte de cr\u00e9dit sont utilis\u00e9es pour ex\u00e9cuter votre commande.<\/li>\n\n\n\n<li>Si vous choisissez de refuser l'utilisation de vos donn\u00e9es personnelles conform\u00e9ment \u00e0 notre politique de refus, nous conserverons vos coordonn\u00e9es sur une liste afin de pouvoir r\u00e9pondre \u00e0 votre demande.<\/li>\n\n\n\n<li>Si vous d\u00e9posez une plainte aupr\u00e8s de l'un de nos services, nous recueillerons vos coordonn\u00e9es et la nature de votre plainte, afin d'enqu\u00eater sur vos pr\u00e9occupations et de vous r\u00e9pondre.<\/li>\n\n\n\n<li>Si vous nous fournissez des services de freelance ou autres, nous pouvons collecter votre num\u00e9ro d'assurance sociale \u00e0 des fins de d\u00e9claration fiscale et vos coordonn\u00e9es afin de vous payer.<\/li>\n\n\n\n<li>Nous pouvons \u00e9galement utiliser ou collecter des informations suppl\u00e9mentaires aupr\u00e8s des free-lances, d'autres prestataires de services et des annonceurs, telles que des informations financi\u00e8res (par exemple, les coordonn\u00e9es bancaires et les ant\u00e9c\u00e9dents de cr\u00e9dit) pour \u00e9valuer le risque de cr\u00e9dit, des donn\u00e9es sur les ventes pour pr\u00e9parer des rapports sur les redevances et d'autres informations pertinentes pour nous aider \u00e0 \u00e9valuer la qualit\u00e9 de vos services.<\/li>\n\n\n\n<li>Nous utilisons les adresses IP (protocole internet) pour recueillir des informations d\u00e9mographiques et statistiques sur nos utilisateurs, pour l'administration des syst\u00e8mes et pour diagnostiquer les probl\u00e8mes li\u00e9s \u00e0 nos serveurs, ainsi que pour g\u00e9rer nos sites web.  Nous pouvons \u00e9galement utiliser les adresses IP pour afficher ou permettre \u00e0 nos fournisseurs de publicit\u00e9 tiers d'afficher des publicit\u00e9s et des contenus plus cibl\u00e9s.<\/li>\n\n\n\n<li>Nous pouvons, de temps \u00e0 autre, suivre et analyser l'utilisation anonyme et les habitudes de navigation des visiteurs de nos sites web afin de fournir \u00e0 nos annonceurs des opportunit\u00e9s publicitaires plus cibl\u00e9es et d'aider les utilisateurs \u00e0 voir la publicit\u00e9 qui est la plus susceptible de les int\u00e9resser.<\/li>\n\n\n\n<li>Nous utilisons g\u00e9n\u00e9ralement vos informations personnelles pour : g\u00e9rer, administrer, collecter ou faire respecter vos comptes ; conserver les documents commerciaux pendant des p\u00e9riodes raisonnables et, de mani\u00e8re g\u00e9n\u00e9rale, g\u00e9rer et administrer nos activit\u00e9s ; r\u00e9pondre \u00e0 toutes les exigences internationales pertinentes en mati\u00e8re de r\u00e9glementation, de droit, d'assurance, d'audit, de s\u00e9curit\u00e9 et de traitement.<\/li>\n\n\n\n<li>Occasionnellement, nous demandons \u00e0 nos clients de r\u00e9pondre \u00e0 des enqu\u00eates de march\u00e9. Si vous choisissez de participer \u00e0 ces enqu\u00eates et de fournir vos informations personnelles \u00e0 cette fin, vos informations seront regroup\u00e9es dans le cadre des r\u00e9sultats de l'enqu\u00eate et partag\u00e9es avec nos annonceurs, sponsors et affili\u00e9s d'une mani\u00e8re qui ne permet pas de vous identifier.<\/li>\n\n\n\n<li>Si nous souhaitons collecter, utiliser ou divulguer vos informations personnelles \u00e0 des fins qui ne sont pas envisag\u00e9es dans la pr\u00e9sente politique de protection de la vie priv\u00e9e, nous identifierons ces fins au moment de la collecte, sauf si la loi l'autorise ou l'exige. Vous aurez la possibilit\u00e9 de refuser de telles fins suppl\u00e9mentaires.<\/li>\n<\/ul>\n\n\n\n<p><strong>Quel type d'informations personnelles&nbsp;<\/strong><strong>Nielsonsmith<\/strong><strong>&nbsp;Divulguer, \u00e0 qui et pourquoi ?<\/strong><\/p>\n\n\n\n<p>En r\u00e8gle g\u00e9n\u00e9rale, lorsque vous nous fournissez vos informations personnelles, nous supposons que vous consentez \u00e0 la collecte, \u00e0 l'utilisation et \u00e0 la divulgation de ces informations aux fins identifi\u00e9es ou d\u00e9crites dans la pr\u00e9sente politique de protection de la vie priv\u00e9e, le cas \u00e9ch\u00e9ant, ou \u00e0 toute autre fin au moment de la collecte. Nous nous r\u00e9servons le droit d'utiliser et de divulguer vos informations personnelles sans votre consentement lorsque la loi l'exige ou l'autorise, par exemple si nous avons des motifs raisonnables de croire que les informations pourraient \u00eatre utiles dans le cadre d'une enqu\u00eate sur une infraction \u00e0 une loi f\u00e9d\u00e9rale, provinciale ou \u00e9trang\u00e8re, afin de prot\u00e9ger ou de d\u00e9fendre nos int\u00e9r\u00eats juridiques, ou pour nous conformer \u00e0 la l\u00e9gislation en vigueur et aux demandes gouvernementales l\u00e9gitimes.<\/p>\n\n\n\n<p>Nielsonsmith peut divulguer vos renseignements personnels \u00e0 des tiers comme suit :<\/p>\n\n\n\n<ul class=\"wp-block-list\">\n<li>Nous pouvons divulguer vos coordonn\u00e9es personnelles \u00e0 des soci\u00e9t\u00e9s affili\u00e9es et \u00e0 des sponsors et annonceurs s\u00e9lectionn\u00e9s. Si vous ne souhaitez pas recevoir d'offres marketing, vous pouvez vous d\u00e9sinscrire \u00e0 tout moment en suivant la proc\u00e9dure de d\u00e9sinscription pr\u00e9vue dans le pr\u00e9sent document.<\/li>\n\n\n\n<li>Nous pouvons transf\u00e9rer vos informations personnelles \u00e0 des prestataires de services tiers afin d'ex\u00e9cuter votre commande ou d'assurer le traitement et d'autres services sp\u00e9cialis\u00e9s (tels que le traitement des cartes de cr\u00e9dit, l'attribution des prix dans le cadre de nos concours, le recouvrement des comptes en souffrance, la gestion des demandes de service \u00e0 la client\u00e8le et la livraison des produits).<\/li>\n\n\n\n<li>Nous pouvons fournir votre nom et les informations relatives \u00e0 votre carte de cr\u00e9dit \u00e0 titre confidentiel \u00e0 un tiers dans le but de mettre \u00e0 jour les informations relatives \u00e0 votre carte de cr\u00e9dit afin de garantir que votre abonnement continu aux produits et services de Nielsonsmith ne soit pas interrompu.<\/li>\n\n\n\n<li>Vos informations personnelles peuvent \u00eatre trait\u00e9es et stock\u00e9es en dehors du pays dans lequel vous r\u00e9sidez par nous, une soci\u00e9t\u00e9 affili\u00e9e ou un prestataire de services tiers aux fins \u00e9nonc\u00e9es dans la pr\u00e9sente politique de confidentialit\u00e9 et, en vertu des lois de ces autres juridictions, dans certaines circonstances, des tribunaux \u00e9trangers, des organismes charg\u00e9s de l'application de la loi ou des organismes de r\u00e9glementation peuvent avoir le droit d'acc\u00e9der \u00e0 vos informations personnelles.<\/li>\n\n\n\n<li>Nous pouvons divulguer vos informations personnelles \u00e0 nos affili\u00e9s \u00e0 des fins d'audit interne, de gestion, de facturation ou d'administration.<\/li>\n\n\n\n<li>Nous pouvons divulguer vos informations personnelles \u00e0 des tiers si vous avez viol\u00e9 nos conditions de service ou d'achat, ou si nous devons nous conformer aux lois applicables et aux demandes gouvernementales l\u00e9gitimes, \u00e0 d'autres autorit\u00e9s l\u00e9gales et r\u00e9glementaires et pour d'autres raisons l\u00e9gales.<\/li>\n\n\n\n<li>Nous pouvons divulguer vos informations personnelles sur une base confidentielle \u00e0 des parties li\u00e9es au financement, \u00e0 l'assurance, \u00e0 la vente, \u00e0 la cession ou \u00e0 toute autre forme d'ali\u00e9nation de tout ou partie de notre entreprise ou de nos actifs, qu'elle soit envisag\u00e9e ou effective, notamment pour d\u00e9terminer s'il convient de poursuivre ou non une telle transaction ou relation commerciale ou pour satisfaire aux exigences de ces parties en mati\u00e8re d'archivage ou d'\u00e9tablissement de rapports.<\/li>\n<\/ul>\n\n\n\n<p>Si nous souhaitons collecter, utiliser ou divulguer vos informations personnelles \u00e0 des fins qui ne sont pas envisag\u00e9es dans la pr\u00e9sente politique de protection de la vie priv\u00e9e, nous identifierons ces fins au moment de la collecte, sauf si la loi l'autorise ou l'exige. Vous aurez la possibilit\u00e9 de refuser de telles fins suppl\u00e9mentaires.<\/p>\n\n\n\n<p><strong>Politique d'exclusion.<\/strong><\/p>\n\n\n\n<p>De temps \u00e0 autre, nous mettons notre liste d'adresses \u00e9lectroniques \u00e0 la disposition d'autres organisations r\u00e9put\u00e9es dont nous pensons que les produits ou services pourraient vous int\u00e9resser.  En outre, si vous nous communiquez votre num\u00e9ro de t\u00e9l\u00e9phone, il se peut que nous vous contactions par t\u00e9l\u00e9phone pour vous communiquer des informations sur de nouveaux produits et services ou sur des \u00e9v\u00e9nements \u00e0 venir.&nbsp;&nbsp;<strong>Si vous ne souhaitez pas que nous le fassions, ou que nous vous contactions au sujet de nos propres promotions et \u00e9v\u00e9nements \u00e0 venir, veuillez nous le faire savoir en nous envoyant une notification en ligne, par courrier \u00e9lectronique, en nous appelant ou en nous \u00e9crivant aux coordonn\u00e9es indiqu\u00e9es ci-dessous.<\/strong><\/p>\n\n\n\n<p>Si nous souhaitons collecter, utiliser ou divulguer vos informations personnelles \u00e0 des fins qui ne sont pas envisag\u00e9es dans la pr\u00e9sente politique de protection de la vie priv\u00e9e, nous identifierons ces fins au moment de la collecte, sauf si la loi l'autorise ou l'exige.  Vous aurez la possibilit\u00e9 de refuser de telles fins suppl\u00e9mentaires.<\/p>\n\n\n\n<p>Si vous choisissez de refuser l'utilisation de vos donn\u00e9es personnelles conform\u00e9ment \u00e0 notre politique de refus, nous conserverons vos coordonn\u00e9es sur une liste afin de pouvoir r\u00e9pondre \u00e0 votre demande.<\/p>\n\n\n\n<p>Veuillez noter que les coordonn\u00e9es qui nous sont fournies dans le but de transmettre des informations sur les conf\u00e9rences par le biais de notre fonction \"Envoyer \u00e0 un ami\" font l'objet de restrictions.  Cela signifie qu'aucun courrier \u00e9lectronique non sollicit\u00e9 ne sera envoy\u00e9 aux contacts dont les informations sont fournies par le biais de cette fonction, et que leurs coordonn\u00e9es ne seront ni divulgu\u00e9es ni vendues \u00e0 des tiers.<\/p>\n\n\n\n<p>Le traitement complet de votre demande d'exclusion peut prendre de 4 \u00e0 6 semaines.<\/p>\n\n\n\n<p><strong>La s\u00e9curit\u00e9.<\/strong><\/p>\n\n\n\n<p>Nielsonsmith dispose de mesures de s\u00e9curit\u00e9 techniques, contractuelles, administratives et physiques pour prot\u00e9ger vos renseignements personnels d'une mani\u00e8re raisonnable et appropri\u00e9e \u00e0 la nature des renseignements personnels que vous nous fournissez. Par exemple, lorsque vous nous fournissez des informations sur votre carte de cr\u00e9dit, nous nous effor\u00e7ons de prot\u00e9ger la s\u00e9curit\u00e9 de ces informations en utilisant la technologie de cryptage SSL (Secure Sockets Layer), qui est la norme dans l'industrie.<\/p>\n\n\n\n<p>Sachez que le courrier \u00e9lectronique n'est pas un moyen de communication s\u00e9curis\u00e9 et que toute information personnelle que vous nous envoyez par courrier \u00e9lectronique peut \u00eatre intercept\u00e9e.  Si votre communication est tr\u00e8s sensible ou comprend des informations telles que votre num\u00e9ro de carte de cr\u00e9dit, vous ne devez pas l'envoyer par voie \u00e9lectronique \u00e0 moins que le courrier \u00e9lectronique ne soit crypt\u00e9 ou que votre navigateur n'indique que l'acc\u00e8s \u00e0 notre site web est s\u00e9curis\u00e9.  Les documents affich\u00e9s sur les forums en ligne, tels que les tableaux d'affichage ou les sites de commentaires, sont publics, non s\u00e9curis\u00e9s et peuvent \u00eatre consult\u00e9s par n'importe qui.  Toute information personnelle que vous publiez peut \u00eatre collect\u00e9e et utilis\u00e9e par n'importe qui et peut donner lieu \u00e0 des messages non sollicit\u00e9s de la part d'autres utilisateurs d'Internet.  Nielsonsmith n'est pas responsable des informations personnelles que vous choisissez de publier ou de soumettre dans un forum en ligne sur l'un de nos sites Web.<\/p>\n\n\n\n<p><strong>Cookies et sites tiers.<\/strong><\/p>\n\n\n\n<p>Si vous utilisez l'un de nos sites web, nous pouvons vous attribuer un cookie internet. Un cookie internet est un petit fichier texte qu'un site web stocke sur votre navigateur internet et qui peut collecter et stocker des informations. Nous utilisons les cookies pour mieux comprendre comment vous utilisez nos sites web, pour nous assurer que nos publicit\u00e9s et notre contenu dynamique sont diffus\u00e9s correctement et pour am\u00e9liorer les performances de nos sites web.  Par exemple, un cookie peut rappeler un ensemble de pr\u00e9f\u00e9rences que vous avez d\u00e9finies pour notre site web et enregistrer des \u00e9l\u00e9ments pour lesquels vous vous \u00eates inscrit. Le stockage de cookies sur votre navigateur web nous permet de vous pr\u00e9senter des pages web et d'autres contenus adapt\u00e9s \u00e0 vos pr\u00e9f\u00e9rences. Ces activit\u00e9s sont invisibles pour vous et ont g\u00e9n\u00e9ralement pour but d'am\u00e9liorer votre confort de navigation sur Internet. \u00c0 moins que vous n'ayez configur\u00e9 vos pr\u00e9f\u00e9rences de mani\u00e8re \u00e0 \u00eatre alert\u00e9 lorsqu'un cookie est stock\u00e9 sur votre ordinateur, vous n'en saurez rien.<\/p>\n\n\n\n<p>Nous pouvons placer sur nos sites web de la publicit\u00e9 ou d'autres liens provenant d'annonceurs ext\u00e9rieurs.  Nous ne contr\u00f4lons pas les cookies sur ces sites et nous ne sommes pas responsables du marketing ou de toute autre utilisation de vos informations par ces annonceurs.<\/p>\n\n\n\n<p>Les utilisateurs peuvent, par le biais d'hypertextes ou d'autres \" liens \" informatiques, acc\u00e9der \u00e0 d'autres sites Internet qui ne sont pas exploit\u00e9s par Nielsonsmith. Nielsonsmith ne vous fournit ces liens qu'\u00e0 titre de commodit\u00e9, et l'inclusion d'un lien n'implique pas l'approbation par Nielsonsmith du site Web li\u00e9. Nielsonsmith n'assume aucune responsabilit\u00e9 pour les \u00e9l\u00e9ments ext\u00e9rieurs aux sites Web exploit\u00e9s par Nielsonsmith, y compris les sites Web auxquels on peut acc\u00e9der par un lien sur un site Web exploit\u00e9 par Nielsonsmith.  Sauf indication contraire sur un site Web exploit\u00e9 par Nielsonsmith, Nielsonsmith n'est pas parrain\u00e9 par les sites Web li\u00e9s ou n'y est pas affili\u00e9. Nielsonsmith d\u00e9cline sp\u00e9cifiquement toute responsabilit\u00e9 en cas de consultation par inadvertance par une personne de moins de 18 ans de tout mat\u00e9riel destin\u00e9 aux adultes sur un site Web auquel on acc\u00e8de par l'interm\u00e9diaire d'un site Web li\u00e9.<\/p>\n\n\n\n<p>Sachez que nos sites web peuvent contenir des liens vers d'autres sites web g\u00e9r\u00e9s par des tiers qui ne sont pas tenus de se conformer au pr\u00e9sent code de protection de la vie priv\u00e9e et pour lesquels Nielsonsmith n'a aucune responsabilit\u00e9. Veuillez consulter les politiques de confidentialit\u00e9 de tous les sites Web externes pour conna\u00eetre leurs pratiques en mati\u00e8re de traitement des informations.<\/p>\n\n\n\n<p><strong>Combien de temps dure&nbsp;<\/strong><strong>Nielsonsmith<\/strong><strong>&nbsp;Conserver les informations personnelles ?<\/strong><\/p>\n\n\n\n<p>Nous conservons vos informations personnelles pendant la p\u00e9riode raisonnablement n\u00e9cessaire pour atteindre les objectifs pour lesquels elles ont \u00e9t\u00e9 collect\u00e9es ou pour nous conformer \u00e0 toute exigence l\u00e9gale, y compris les p\u00e9riodes de conservation statutaires. Lorsque vos informations personnelles ne sont plus n\u00e9cessaires \u00e0 une fin sp\u00e9cifique ou \u00e0 une exigence l\u00e9gale, elles sont effac\u00e9es de nos dossiers.<\/p>\n\n\n\n<p><strong>Comment acc\u00e9der \u00e0 vos informations personnelles et les corriger, et comment r\u00e9pondre \u00e0 vos pr\u00e9occupations concernant votre vie priv\u00e9e.<\/strong><\/p>\n\n\n\n<p>Si vous estimez que ce site ne respecte pas sa politique d'information, si vous souhaitez avoir acc\u00e8s \u00e0 vos informations personnelles ou si vous voulez que nous les corrigions, vous pouvez nous contacter aux coordonn\u00e9es indiqu\u00e9es ci-dessous :<\/p>\n\n\n\n<p><strong>RE :  DEMANDE DE RENSEIGNEMENTS SUR LA PROTECTION DE LA VIE PRIV\u00c9E<\/strong><\/p>\n\n\n\n<p>Nielsonsmith Ltd.<br>Suite 179<br>Maison de l'a\u00e9roport<br>Purley Way<br>Croydon<br>CR0 0XZ, Royaume-Uni<br>Tel : +44 (0) 203 397 2781<br>Fax : +44 (0) 203 397 2785<br>Courriel :&nbsp;<a href=\"mailto:info@nielsonsmith.com\">info@nielsonsmith.com<\/a><\/p>\n\n\n\n<p>La pr\u00e9sente politique de confidentialit\u00e9 a \u00e9t\u00e9 mise \u00e0 jour pour la derni\u00e8re fois en<strong>&nbsp;juin 2023.<\/strong><\/p>","protected":false},"excerpt":{"rendered":"<p>Nielsonsmith Ltd.Airport HousePurley WayCroydonCR0 0XZ, United Kingdom Nielsonsmith Ltd. (\u201cNielsonsmith\u201c) is committed to protecting the privacy and confidentiality of personal information entrusted to us. This Privacy Policy governs the collection, use and disclosure of your personal information in any form, whether written or electronic, by Nielsonsmith and its affiliates.&nbsp;&nbsp;Please read this Privacy Policy carefully, and [&hellip;]<\/p>\n","protected":false},"author":1,"featured_media":48,"parent":0,"menu_order":0,"comment_status":"closed","ping_status":"closed","template":"","meta":{"_seopress_robots_primary_cat":"","_seopress_titles_title":"","_seopress_titles_desc":"","_seopress_robots_index":"","footnotes":""},"hf_cat_page":[38],"class_list":["post-436","page","type-page","status-publish","has-post-thumbnail","hentry"],"blocksy_meta":[],"_links":{"self":[{"href":"https:\/\/nielsonsmith.com\/fr\/wp-json\/wp\/v2\/pages\/436","targetHints":{"allow":["GET"]}}],"collection":[{"href":"https:\/\/nielsonsmith.com\/fr\/wp-json\/wp\/v2\/pages"}],"about":[{"href":"https:\/\/nielsonsmith.com\/fr\/wp-json\/wp\/v2\/types\/page"}],"author":[{"embeddable":true,"href":"https:\/\/nielsonsmith.com\/fr\/wp-json\/wp\/v2\/users\/1"}],"replies":[{"embeddable":true,"href":"https:\/\/nielsonsmith.com\/fr\/wp-json\/wp\/v2\/comments?post=436"}],"version-history":[{"count":4,"href":"https:\/\/nielsonsmith.com\/fr\/wp-json\/wp\/v2\/pages\/436\/revisions"}],"predecessor-version":[{"id":1261,"href":"https:\/\/nielsonsmith.com\/fr\/wp-json\/wp\/v2\/pages\/436\/revisions\/1261"}],"wp:featuredmedia":[{"embeddable":true,"href":"https:\/\/nielsonsmith.com\/fr\/wp-json\/wp\/v2\/media\/48"}],"wp:attachment":[{"href":"https:\/\/nielsonsmith.com\/fr\/wp-json\/wp\/v2\/media?parent=436"}],"wp:term":[{"taxonomy":"hf_cat_page","embeddable":true,"href":"https:\/\/nielsonsmith.com\/fr\/wp-json\/wp\/v2\/hf_cat_page?post=436"}],"curies":[{"name":"wp","href":"https:\/\/api.w.org\/{rel}","templated":true}]}}