{"id":399,"date":"2023-05-10T12:14:41","date_gmt":"2023-05-10T11:14:41","guid":{"rendered":"https:\/\/nielsonsmith.websitebureau.nl\/?page_id=399"},"modified":"2024-03-01T10:17:13","modified_gmt":"2024-03-01T10:17:13","slug":"contact","status":"publish","type":"page","link":"https:\/\/nielsonsmith.com\/fr\/contact\/","title":{"rendered":"Contact"},"content":{"rendered":"<div data-elementor-type=\"wp-page\" data-elementor-id=\"399\" class=\"elementor elementor-399\" data-elementor-settings=\"{&quot;ha_cmc_init_switcher&quot;:&quot;no&quot;}\" data-elementor-post-type=\"page\">\n\t\t\t\t\t\t<section class=\"elementor-section elementor-top-section elementor-element elementor-element-d4a91ad ct-section-stretched elementor-section-height-min-height elementor-section-boxed elementor-section-height-default elementor-section-items-middle\" data-id=\"d4a91ad\" data-element_type=\"section\" data-e-type=\"section\" data-settings=\"{&quot;background_background&quot;:&quot;classic&quot;,&quot;_ha_eqh_enable&quot;:false}\">\n\t\t\t\t\t\t\t<div class=\"elementor-background-overlay\"><\/div>\n\t\t\t\t\t\t\t<div class=\"elementor-container elementor-column-gap-default\">\n\t\t\t\t\t<div class=\"elementor-column elementor-col-100 elementor-top-column elementor-element elementor-element-d13947e\" data-id=\"d13947e\" data-element_type=\"column\" data-e-type=\"column\">\n\t\t\t<div class=\"elementor-widget-wrap elementor-element-populated\">\n\t\t\t\t\t\t<div class=\"elementor-element elementor-element-62c6461 elementor-widget elementor-widget-heading\" data-id=\"62c6461\" data-element_type=\"widget\" data-e-type=\"widget\" data-widget_type=\"heading.default\">\n\t\t\t\t\t<h1 class=\"elementor-heading-title elementor-size-default\">Contactez nous<\/h1>\t\t\t\t<\/div>\n\t\t\t\t\t<\/div>\n\t\t<\/div>\n\t\t\t\t\t<\/div>\n\t\t<\/section>\n\t\t\t\t<section class=\"elementor-section elementor-top-section elementor-element elementor-element-7fffd81 elementor-section-height-min-height elementor-section-items-top elementor-section-boxed elementor-section-height-default\" data-id=\"7fffd81\" data-element_type=\"section\" data-e-type=\"section\" data-settings=\"{&quot;_ha_eqh_enable&quot;:false}\">\n\t\t\t\t\t\t<div class=\"elementor-container elementor-column-gap-default\">\n\t\t\t\t\t<div class=\"elementor-column elementor-col-50 elementor-top-column elementor-element elementor-element-f146ff0\" data-id=\"f146ff0\" data-element_type=\"column\" data-e-type=\"column\">\n\t\t\t<div class=\"elementor-widget-wrap elementor-element-populated\">\n\t\t\t\t\t\t<div class=\"elementor-element elementor-element-0dcb4ae elementor-widget elementor-widget-heading\" data-id=\"0dcb4ae\" data-element_type=\"widget\" data-e-type=\"widget\" data-widget_type=\"heading.default\">\n\t\t\t\t\t<h2 class=\"elementor-heading-title elementor-size-default\">Contactez-nous via notre formulaire de contact :<\/h2>\t\t\t\t<\/div>\n\t\t\t\t<div class=\"elementor-element elementor-element-d23c33e elementor-widget elementor-widget-jet-form-builder-form\" data-id=\"d23c33e\" data-element_type=\"widget\" data-e-type=\"widget\" data-widget_type=\"jet-form-builder-form.default\">\n\t\t\t\t<div class=\"elementor-widget-container\">\n\t\t\t\t\t<link rel='stylesheet' id='wp-block-library-css' href='https:\/\/nielsonsmith.com\/wp-includes\/css\/dist\/block-library\/style.min.css?ver=6.9.4' media='all' \/>\n<style id=\"jet-form-builder-1254-inline-css\"><\/style><form  class=\"jet-form-builder layout-column submit-type-reload\" action=\"https:\/\/nielsonsmith.com\/fr\/wp-json\/wp\/v2\/pages\/399\/?GgB8xZ=kEIbjZdCDG&#038;method=reload\" method=\"POST\" data-form-id=\"1254\" data-layout=\"column\" enctype=\"multipart\/form-data\" novalidate=\"null\" ssr_validation_method=\"rest\" data-trp-original-action=\"https:\/\/nielsonsmith.com\/fr\/wp-json\/wp\/v2\/pages\/399\/?GgB8xZ=kEIbjZdCDG&amp;method=reload\">\r\n<input type=\"hidden\" name=\"_jfb_current_render_states[]\" value=\"DEFAULT.STATE\" data-jfb-sync \/><input type=\"hidden\" class=\"jet-form-builder__field hidden-field\" name=\"_jet_engine_booking_form_id\" data-field-name=\"_jet_engine_booking_form_id\" value=\"1254\">\n<input type=\"hidden\" class=\"jet-form-builder__field hidden-field\" name=\"_jet_engine_refer\" data-field-name=\"_jet_engine_refer\" value=\"https:\/\/nielsonsmith.com\/fr\/wp-json\/wp\/v2\/pages\/399\/\">\n<input type=\"hidden\" class=\"jet-form-builder__field hidden-field\" name=\"__queried_post_id\" data-field-name=\"__queried_post_id\" value=\"399\">\n\n<input type=\"hidden\" class=\"jet-form-builder__field hidden-field\" name=\"post_id\" data-field-name=\"post_id\" data-jfb-sync=\"null\" value=\"399\">\n\n\n\n<div  class=\"jet-form-builder-row field-type-text-field\" >\n<div class=\"jet-form-builder__label\">\r\n<div class=\"jet-form-builder__label-text\">Nom complet <span class=\"jet-form-builder__required\">*<\/span><\/div><\/div><div class=\"jet-form-builder__field-wrap\">\n\t\t\t\t<input required=\"required\" name=\"full_name_contact\" id=\"full_name_contact\" type=\"text\" data-field-name=\"full_name_contact\" class=\"jet-form-builder__field text-field\" data-jfb-sync=\"null\" autocomplete=\"off_bmiQw73S\">\n\t\t\t\t\t<\/div>\n<\/div>\n\n<div  class=\"jet-form-builder-row field-type-text-field\" >\n<div class=\"jet-form-builder__label\">\r\n<div class=\"jet-form-builder__label-text\">Adresse \u00e9lectronique <span class=\"jet-form-builder__required\">*<\/span><\/div><\/div><div class=\"jet-form-builder__field-wrap\">\n\t\t\t\t<input required=\"required\" name=\"email_address_contact\" id=\"email_address_contact\" type=\"email\" data-field-name=\"email_address_contact\" class=\"jet-form-builder__field text-field\" data-jfb-sync=\"null\" autocomplete=\"off_WOkyTHPU\">\n\t\t\t\t\t<\/div>\n<\/div>\n\n<div  class=\"jet-form-builder-row field-type-text-field\" >\n<div class=\"jet-form-builder__label\">\r\n<div class=\"jet-form-builder__label-text\">Num\u00e9ro de t\u00e9l\u00e9phone <span class=\"jet-form-builder__required\">*<\/span><\/div><\/div><div class=\"jet-form-builder__field-wrap\">\n\t\t\t\t<input required=\"required\" name=\"phone_contact\" id=\"phone_contact\" type=\"tel\" data-field-name=\"phone_contact\" class=\"jet-form-builder__field text-field\" data-jfb-sync=\"null\" autocomplete=\"off_te7XAHFY\">\n\t\t\t\t\t<\/div>\n<\/div>\n\n<div  class=\"jet-form-builder-row field-type-textarea-field\" >\n<div class=\"jet-form-builder__label\">\r\n<div class=\"jet-form-builder__label-text\">Message <span class=\"jet-form-builder__required\">*<\/span><\/div><\/div><div class=\"jet-form-builder__field-wrap\">\n\t\t<textarea class=\"jet-form-builder__field textarea-field\" required=\"required\" name=\"message_contact\" data-field-name=\"message_contact\" id=\"message_contact\" data-jfb-sync=\"null\"><\/textarea>\n\t<\/div>\n<\/div>\n\n<div  class=\"jet-form-builder-row field-type-submit-field\" >\n\t<div data-type=\"submit\" class=\"jet-form-builder__action-button-wrapper jet-form-builder__submit-wrap\">\n\t<button class=\"jet-form-builder__action-button jet-form-builder__submit submit-type-reload\" type=\"submit\">Soumettre le formulaire<\/button>\n\t<\/div>\n\t\n<\/div>\t<div class=\"jet-form-builder-messages-wrap\" data-form-id=\"1254\"><\/div>\n<input type=\"hidden\" name=\"trp-form-language\" value=\"fr\"\/><\/form>\n\t\t\t\t<\/div>\n\t\t\t\t<\/div>\n\t\t\t\t\t<\/div>\n\t\t<\/div>\n\t\t\t\t<div class=\"elementor-column elementor-col-50 elementor-top-column elementor-element elementor-element-daf4596\" data-id=\"daf4596\" data-element_type=\"column\" data-e-type=\"column\">\n\t\t\t<div class=\"elementor-widget-wrap elementor-element-populated\">\n\t\t\t\t\t\t<div class=\"elementor-element elementor-element-486b908 ha-has-bg-overlay elementor-widget elementor-widget-text-editor\" data-id=\"486b908\" data-element_type=\"widget\" data-e-type=\"widget\" data-widget_type=\"text-editor.default\">\n\t\t\t\t\t\t\t\t\t<p>Airport House, Purley Way,<br>Londres, CR0 0XZ, Angleterre, Royaume-Uni&nbsp;<br>T\u00e9l\u00e9phone : +44 (0) 203 397 2781 +44 (0) 203 397 2781<br>Fax : +44 (0) 203 397 2785<br>E-mail :&nbsp;<a href=\"mailto:info@nielsonsmith.com\">info@nielsonsmith.com<\/a><\/p>\t\t\t\t\t\t\t\t<\/div>\n\t\t\t\t<div class=\"elementor-element elementor-element-90698a9 ha-has-bg-overlay elementor-widget elementor-widget-text-editor\" data-id=\"90698a9\" data-element_type=\"widget\" data-e-type=\"widget\" data-widget_type=\"text-editor.default\">\n\t\t\t\t\t\t\t\t\t<a style=\"color:white!important;\" href=\"https:\/\/nielsonsmith.com\/fr\/contact\/\">Contactez nous<\/a>\u00a0d\u00e8s aujourd'hui pour discuter de la mani\u00e8re dont nous pourrions travailler ensemble pour renforcer votre position dans l'industrie, que ce soit en tant que conf\u00e9rencier, partenaire ou participant \u00e0 nos \u00e9v\u00e9nements.\t\t\t\t\t\t\t\t<\/div>\n\t\t\t\t\t<\/div>\n\t\t<\/div>\n\t\t\t\t\t<\/div>\n\t\t<\/section>\n\t\t\t\t<\/div>","protected":false},"excerpt":{"rendered":"<p>Contact us Contact us via our contact form: Full Name * Email address * Phone Number * Message * Submit form Airport House, Purley Way,London, CR0 0XZ, England, United Kingdom&nbsp;Phone: +44 (0) 203 397 2781Fax: +44 (0) 203 397 2785E-mail:&nbsp;info@nielsonsmith.com Contact us\u00a0today to discuss how we could work together to increase your standing in industry, [&hellip;]<\/p>\n","protected":false},"author":1,"featured_media":0,"parent":0,"menu_order":0,"comment_status":"closed","ping_status":"closed","template":"elementor_header_footer","meta":{"_seopress_robots_primary_cat":"","_seopress_titles_title":"","_seopress_titles_desc":"","_seopress_robots_index":"","footnotes":""},"hf_cat_page":[35],"class_list":["post-399","page","type-page","status-publish","hentry"],"blocksy_meta":[],"_links":{"self":[{"href":"https:\/\/nielsonsmith.com\/fr\/wp-json\/wp\/v2\/pages\/399","targetHints":{"allow":["GET"]}}],"collection":[{"href":"https:\/\/nielsonsmith.com\/fr\/wp-json\/wp\/v2\/pages"}],"about":[{"href":"https:\/\/nielsonsmith.com\/fr\/wp-json\/wp\/v2\/types\/page"}],"author":[{"embeddable":true,"href":"https:\/\/nielsonsmith.com\/fr\/wp-json\/wp\/v2\/users\/1"}],"replies":[{"embeddable":true,"href":"https:\/\/nielsonsmith.com\/fr\/wp-json\/wp\/v2\/comments?post=399"}],"version-history":[{"count":19,"href":"https:\/\/nielsonsmith.com\/fr\/wp-json\/wp\/v2\/pages\/399\/revisions"}],"predecessor-version":[{"id":2265,"href":"https:\/\/nielsonsmith.com\/fr\/wp-json\/wp\/v2\/pages\/399\/revisions\/2265"}],"wp:attachment":[{"href":"https:\/\/nielsonsmith.com\/fr\/wp-json\/wp\/v2\/media?parent=399"}],"wp:term":[{"taxonomy":"hf_cat_page","embeddable":true,"href":"https:\/\/nielsonsmith.com\/fr\/wp-json\/wp\/v2\/hf_cat_page?post=399"}],"curies":[{"name":"wp","href":"https:\/\/api.w.org\/{rel}","templated":true}]}}