{"id":299,"date":"2023-04-24T17:10:58","date_gmt":"2023-04-24T16:10:58","guid":{"rendered":"https:\/\/nielsonsmith.websitebureau.nl\/?page_id=299"},"modified":"2023-04-24T17:19:02","modified_gmt":"2023-04-24T16:19:02","slug":"raataloidyt-tapahtumat","status":"publish","type":"page","link":"https:\/\/nielsonsmith.com\/fi\/bespoke-events\/","title":{"rendered":"R\u00e4\u00e4t\u00e4l\u00f6idyt tapahtumat"},"content":{"rendered":"<div data-elementor-type=\"wp-page\" data-elementor-id=\"299\" class=\"elementor elementor-299\" data-elementor-settings=\"{&quot;ha_cmc_init_switcher&quot;:&quot;no&quot;}\" data-elementor-post-type=\"page\">\n\t\t\t\t\t\t<section class=\"elementor-section elementor-top-section elementor-element elementor-element-1e4d97d ct-section-stretched elementor-section-height-min-height elementor-section-boxed elementor-section-height-default elementor-section-items-middle\" data-id=\"1e4d97d\" data-element_type=\"section\" data-e-type=\"section\" data-settings=\"{&quot;background_background&quot;:&quot;classic&quot;,&quot;_ha_eqh_enable&quot;:false}\">\n\t\t\t\t\t\t\t<div class=\"elementor-background-overlay\"><\/div>\n\t\t\t\t\t\t\t<div class=\"elementor-container elementor-column-gap-default\">\n\t\t\t\t\t<div class=\"elementor-column elementor-col-100 elementor-top-column elementor-element elementor-element-5152660\" data-id=\"5152660\" data-element_type=\"column\" data-e-type=\"column\">\n\t\t\t<div class=\"elementor-widget-wrap elementor-element-populated\">\n\t\t\t\t\t\t<div class=\"elementor-element elementor-element-aace759 elementor-widget elementor-widget-heading\" data-id=\"aace759\" data-element_type=\"widget\" data-e-type=\"widget\" data-widget_type=\"heading.default\">\n\t\t\t\t\t<h2 class=\"elementor-heading-title elementor-size-default\">R\u00e4\u00e4t\u00e4l\u00f6idyt tapahtumat<\/h2>\t\t\t\t<\/div>\n\t\t\t\t\t<\/div>\n\t\t<\/div>\n\t\t\t\t\t<\/div>\n\t\t<\/section>\n\t\t\t\t<section class=\"elementor-section elementor-top-section elementor-element elementor-element-e00e394 elementor-section-boxed elementor-section-height-default elementor-section-height-default\" data-id=\"e00e394\" data-element_type=\"section\" data-e-type=\"section\" data-settings=\"{&quot;_ha_eqh_enable&quot;:false}\">\n\t\t\t\t\t\t<div class=\"elementor-container elementor-column-gap-no\">\n\t\t\t\t\t<div class=\"elementor-column elementor-col-50 elementor-top-column elementor-element elementor-element-5802e3c\" data-id=\"5802e3c\" data-element_type=\"column\" data-e-type=\"column\" data-settings=\"{&quot;background_background&quot;:&quot;classic&quot;}\">\n\t\t\t<div class=\"elementor-widget-wrap elementor-element-populated\">\n\t\t\t\t\t\t<div class=\"elementor-element elementor-element-d40e460 elementor-widget elementor-widget-image\" data-id=\"d40e460\" data-element_type=\"widget\" data-e-type=\"widget\" data-widget_type=\"image.default\">\n\t\t\t\t\t\t\t\t\t\t\t\t\t\t\t<img decoding=\"async\" src=\"https:\/\/nielsonsmith.com\/wp-content\/uploads\/elementor\/thumbs\/tajikistan-qpk3lg5mjd0yxxu6xgn2e56jpctg13jxgwfqctcts4.jpg\" title=\"Tad\u017eikistan\" alt=\"Tad\u017eikistan\" loading=\"lazy\" \/>\t\t\t\t\t\t\t\t\t\t\t\t\t\t\t<\/div>\n\t\t\t\t<section class=\"elementor-section elementor-inner-section elementor-element elementor-element-f143a78 elementor-section-boxed elementor-section-height-default elementor-section-height-default\" data-id=\"f143a78\" data-element_type=\"section\" data-e-type=\"section\" data-settings=\"{&quot;_ha_eqh_enable&quot;:false}\">\n\t\t\t\t\t\t<div class=\"elementor-container elementor-column-gap-default\">\n\t\t\t\t\t<div class=\"elementor-column elementor-col-100 elementor-inner-column elementor-element elementor-element-9850dc8\" data-id=\"9850dc8\" data-element_type=\"column\" data-e-type=\"column\">\n\t\t\t<div class=\"elementor-widget-wrap elementor-element-populated\">\n\t\t\t\t\t\t<div class=\"elementor-element elementor-element-50eb2f4 elementor-widget elementor-widget-heading\" data-id=\"50eb2f4\" data-element_type=\"widget\" data-e-type=\"widget\" data-widget_type=\"heading.default\">\n\t\t\t\t\t<h2 class=\"elementor-heading-title elementor-size-default\">Tad\u017eikistanin investointi- ja kehitysfoorumi<\/h2>\t\t\t\t<\/div>\n\t\t\t\t<div class=\"elementor-element elementor-element-a17491e elementor-widget elementor-widget-text-editor\" data-id=\"a17491e\" data-element_type=\"widget\" data-e-type=\"widget\" data-widget_type=\"text-editor.default\">\n\t\t\t\t\t\t\t\t\t<p>Hallituksen vision mukaisesti t\u00e4m\u00e4 tapahtuma kokoaa teollisuuden nelj\u00e4 p\u00e4\u00e4toimialaa yhdelle kansainv\u00e4liselle foorumille, jossa johtavat globaalit palvelu- ja ratkaisutarjoajat voivat tavata Tad\u017eikistanin johtavia edustajia ja saada paremman k\u00e4sityksen maan tulevista kehityssuunnitelmista ja siit\u00e4, miten Tad\u017eikistan on avoin ja vastaanottavainen uusille teknologioille ja menetelmille. Foorumi tuo kaikki nelj\u00e4 alaa yhteen ja toimii n\u00e4in \"\u00e4\u00e4nen\u00e4\" kansainv\u00e4liselle yhteis\u00f6lle, joka ilmaisee, ett\u00e4 Tad\u017eikistan on nopeasti kehittyv\u00e4 ja kasvava maa muillakin aloilla kuin vain kaivosalalla.<\/p><p>Meill\u00e4 ei ole ep\u00e4ilyst\u00e4k\u00e4\u00e4n siit\u00e4, etteiv\u00e4tk\u00f6 globaalit yritykset olisi t\u00e4ysin tietoisia Tad\u017eikistanin mineraalivaroista, mutta niill\u00e4 on v\u00e4hemm\u00e4n tietoa maan mahdollisuuksista muilla liiketoiminta-aloilla.<\/p><p>Yhdist\u00e4m\u00e4ll\u00e4 kaikki n\u00e4m\u00e4 alat yhdelle foorumille voimme varmistaa, ett\u00e4 viesti saavuttaa maailmanlaajuisen yleis\u00f6n, joka koostuu taitoja ja tietoja investoivista ylemmist\u00e4 johtajista.<\/p>\t\t\t\t\t\t\t\t<\/div>\n\t\t\t\t<div class=\"elementor-element elementor-element-a172155 elementor-widget elementor-widget-button\" data-id=\"a172155\" data-element_type=\"widget\" data-e-type=\"widget\" data-widget_type=\"button.default\">\n\t\t\t\t\t\t\t\t\t\t<a class=\"elementor-button elementor-button-link elementor-size-lg\" href=\"https:\/\/tajikistan.nielsonsmith.com\">\n\t\t\t\t\t\t<span class=\"elementor-button-content-wrapper\">\n\t\t\t\t\t\t\t\t\t<span class=\"elementor-button-text\">Lis\u00e4tietoja (ulkoinen linkki)<\/span>\n\t\t\t\t\t<\/span>\n\t\t\t\t\t<\/a>\n\t\t\t\t\t\t\t\t<\/div>\n\t\t\t\t\t<\/div>\n\t\t<\/div>\n\t\t\t\t\t<\/div>\n\t\t<\/section>\n\t\t\t\t\t<\/div>\n\t\t<\/div>\n\t\t\t\t<div class=\"elementor-column elementor-col-50 elementor-top-column elementor-element elementor-element-164b9c5\" data-id=\"164b9c5\" data-element_type=\"column\" data-e-type=\"column\" data-settings=\"{&quot;background_background&quot;:&quot;classic&quot;}\">\n\t\t\t<div class=\"elementor-widget-wrap elementor-element-populated\">\n\t\t\t\t\t\t<div class=\"elementor-element elementor-element-93ef30d elementor-widget elementor-widget-image\" data-id=\"93ef30d\" data-element_type=\"widget\" data-e-type=\"widget\" data-widget_type=\"image.default\">\n\t\t\t\t\t\t\t\t\t\t\t\t\t\t\t<img decoding=\"async\" src=\"https:\/\/nielsonsmith.com\/wp-content\/uploads\/elementor\/thumbs\/turkmenistan-qpk3le9y5oyeapwx8ftt95nmil2plpcgsn4re9fm4k.png\" title=\"Turkmenistan\" alt=\"Turkmenistan\" loading=\"lazy\" \/>\t\t\t\t\t\t\t\t\t\t\t\t\t\t\t<\/div>\n\t\t\t\t<section class=\"elementor-section elementor-inner-section elementor-element elementor-element-1cd6b93 elementor-section-boxed elementor-section-height-default elementor-section-height-default\" data-id=\"1cd6b93\" data-element_type=\"section\" data-e-type=\"section\" data-settings=\"{&quot;_ha_eqh_enable&quot;:false}\">\n\t\t\t\t\t\t<div class=\"elementor-container elementor-column-gap-default\">\n\t\t\t\t\t<div class=\"elementor-column elementor-col-100 elementor-inner-column elementor-element elementor-element-84b0f41\" data-id=\"84b0f41\" data-element_type=\"column\" data-e-type=\"column\">\n\t\t\t<div class=\"elementor-widget-wrap elementor-element-populated\">\n\t\t\t\t\t\t<div class=\"elementor-element elementor-element-2a1a7f6 elementor-widget elementor-widget-heading\" data-id=\"2a1a7f6\" data-element_type=\"widget\" data-e-type=\"widget\" data-widget_type=\"heading.default\">\n\t\t\t\t\t<h2 class=\"elementor-heading-title elementor-size-default\">Turkmenistanin investointi- ja kehitysfoorumi<\/h2>\t\t\t\t<\/div>\n\t\t\t\t<div class=\"elementor-element elementor-element-d6a9dcf elementor-widget elementor-widget-text-editor\" data-id=\"d6a9dcf\" data-element_type=\"widget\" data-e-type=\"widget\" data-widget_type=\"text-editor.default\">\n\t\t\t\t\t\t\t\t\t<p>T\u00e4m\u00e4 tapahtuma, joka on linjassa H\u00e4nen Ylh\u00e4isyytens\u00e4, eritt\u00e4in kunnioitetun Turkmenistanin presidentin Gurbanguly Berdimuhamedovin vuoden 2025 vision kanssa, kokoaa kaupallisten mahdollisuuksien kuusi t\u00e4rkeint\u00e4 alaa yhdelle kansainv\u00e4liselle foorumille, jossa johtavat l\u00e4nsimaiset palveluntarjoajat ja ratkaisujen tarjoajat voivat tavata korkea-arvoisia turkmenistanilaisia edustajia saadakseen paremman ymm\u00e4rryksen maan tulevista kehityssuunnitelmista ja siit\u00e4, miten Turkmenistan on avoin ja vastaanottavainen uusille teknologioille ja menetelmille.<\/p><p>Kokoamalla kaikki kuusi alaa yhteen huippukokous toimii \"\u00e4\u00e4nen\u00e4\" kansainv\u00e4liselle yhteis\u00f6lle ja ilmaisee, ett\u00e4 Turkmenistan on nopeasti kehittyv\u00e4 ja kasvava maa muillakin aloilla kuin vain energia-alalla.<\/p><p>Ep\u00e4ilem\u00e4tt\u00e4 l\u00e4nsimaiset yritykset ovat t\u00e4ysin tietoisia Turkmenistanin energiavaroista, mutta niill\u00e4 on v\u00e4hemm\u00e4n tietoa maan mahdollisuuksista muilla liiketoiminta-aloilla.<\/p><p>Yhdist\u00e4m\u00e4ll\u00e4 kaikki n\u00e4m\u00e4 alat yhteen tapahtumaan voimme varmistaa, ett\u00e4 viesti saavuttaa maailmanlaajuisen yleis\u00f6n, joka koostuu taitoja ja tietoja investoivista ylemmist\u00e4 johtajista.<\/p>\t\t\t\t\t\t\t\t<\/div>\n\t\t\t\t<div class=\"elementor-element elementor-element-0199c60 elementor-widget elementor-widget-button\" data-id=\"0199c60\" data-element_type=\"widget\" data-e-type=\"widget\" data-widget_type=\"button.default\">\n\t\t\t\t\t\t\t\t\t\t<a class=\"elementor-button elementor-button-link elementor-size-md\" href=\"https:\/\/turkmenistan.nielsonsmith.com\">\n\t\t\t\t\t\t<span class=\"elementor-button-content-wrapper\">\n\t\t\t\t\t\t\t\t\t<span class=\"elementor-button-text\">Lis\u00e4tietoja (ulkoinen linkki)<\/span>\n\t\t\t\t\t<\/span>\n\t\t\t\t\t<\/a>\n\t\t\t\t\t\t\t\t<\/div>\n\t\t\t\t\t<\/div>\n\t\t<\/div>\n\t\t\t\t\t<\/div>\n\t\t<\/section>\n\t\t\t\t\t<\/div>\n\t\t<\/div>\n\t\t\t\t\t<\/div>\n\t\t<\/section>\n\t\t\t\t<\/div>","protected":false},"excerpt":{"rendered":"<p>Bespoke events The Tajikistan Investment &#038; Development Forum In alignment with the Government\u2019s vision this event will bring the four main sectors of industry onto one international platform, where leading global service and solution providers can meet with senior Tajiki representatives to gain a fuller understanding of the future development plans in the country and [&hellip;]<\/p>\n","protected":false},"author":1,"featured_media":0,"parent":0,"menu_order":0,"comment_status":"closed","ping_status":"closed","template":"","meta":{"_seopress_robots_primary_cat":"","_seopress_titles_title":"","_seopress_titles_desc":"","_seopress_robots_index":"","footnotes":""},"hf_cat_page":[35],"class_list":["post-299","page","type-page","status-publish","hentry"],"blocksy_meta":[],"_links":{"self":[{"href":"https:\/\/nielsonsmith.com\/fi\/wp-json\/wp\/v2\/pages\/299","targetHints":{"allow":["GET"]}}],"collection":[{"href":"https:\/\/nielsonsmith.com\/fi\/wp-json\/wp\/v2\/pages"}],"about":[{"href":"https:\/\/nielsonsmith.com\/fi\/wp-json\/wp\/v2\/types\/page"}],"author":[{"embeddable":true,"href":"https:\/\/nielsonsmith.com\/fi\/wp-json\/wp\/v2\/users\/1"}],"replies":[{"embeddable":true,"href":"https:\/\/nielsonsmith.com\/fi\/wp-json\/wp\/v2\/comments?post=299"}],"version-history":[{"count":13,"href":"https:\/\/nielsonsmith.com\/fi\/wp-json\/wp\/v2\/pages\/299\/revisions"}],"predecessor-version":[{"id":314,"href":"https:\/\/nielsonsmith.com\/fi\/wp-json\/wp\/v2\/pages\/299\/revisions\/314"}],"wp:attachment":[{"href":"https:\/\/nielsonsmith.com\/fi\/wp-json\/wp\/v2\/media?parent=299"}],"wp:term":[{"taxonomy":"hf_cat_page","embeddable":true,"href":"https:\/\/nielsonsmith.com\/fi\/wp-json\/wp\/v2\/hf_cat_page?post=299"}],"curies":[{"name":"wp","href":"https:\/\/api.w.org\/{rel}","templated":true}]}}