{"id":436,"date":"2023-05-10T13:19:11","date_gmt":"2023-05-10T12:19:11","guid":{"rendered":"https:\/\/nielsonsmith.websitebureau.nl\/?page_id=436"},"modified":"2023-06-29T18:26:13","modified_gmt":"2023-06-29T17:26:13","slug":"erklarung-zur-datenschutzpolitik","status":"publish","type":"page","link":"https:\/\/nielsonsmith.com\/de\/privacy-policy-statement\/","title":{"rendered":"Erkl\u00e4rung zum Datenschutz"},"content":{"rendered":"<p>Nielsonsmith Ltd.<br>Flughafenhaus<br>Purley Weg<br>Croydon<br>CR0 0XZ, Vereinigtes K\u00f6nigreich<\/p>\n\n\n\n<p>Nielsonsmith Ltd. (\"<a href=\"https:\/\/nielsonsmith.com\/de\/\">Nielsonsschmied<\/a>\") verpflichtet sich, die Privatsph\u00e4re und die Vertraulichkeit der uns anvertrauten pers\u00f6nlichen Daten zu sch\u00fctzen.<\/p>\n\n\n\n<p>Diese Datenschutzrichtlinie regelt die Erfassung, Verwendung und Weitergabe Ihrer pers\u00f6nlichen Daten in jeglicher Form, ob schriftlich oder elektronisch, durch Nielsonsmith und seine verbundenen Unternehmen.&nbsp;<strong>&nbsp;Bitte lesen Sie diese Datenschutzrichtlinie sorgf\u00e4ltig durch und lesen Sie sie regelm\u00e4\u00dfig, da wir sie von Zeit zu Zeit aktualisieren k\u00f6nnen.&nbsp;<\/strong><\/p>\n\n\n\n<h3 class=\"wp-block-heading\"><strong>Akzeptanz der Datenschutzrichtlinie.<\/strong><\/h3>\n\n\n\n<p><strong>Durch die \u00dcbermittlung Ihrer pers\u00f6nlichen Daten an&nbsp;<\/strong><strong>Nielsonsschmied<\/strong><strong>erkl\u00e4ren Sie sich mit den Bestimmungen und Bedingungen dieser Datenschutzerkl\u00e4rung einverstanden.&nbsp;&nbsp;<\/strong>Wenn Sie mit dieser Datenschutzrichtlinie nicht einverstanden sind, \u00fcbermitteln Sie uns bitte keine pers\u00f6nlichen Daten.<\/p>\n\n\n\n<p>Nielsonsmith beh\u00e4lt sich das Recht vor, diese Datenschutzrichtlinie jederzeit nach eigenem Ermessen zu \u00e4ndern, zu modifizieren, zu erg\u00e4nzen oder Teile davon zu entfernen.<\/p>\n\n\n\n<p><strong>Was sind pers\u00f6nliche Informationen?<\/strong><\/p>\n\n\n\n<p>Diese Datenschutzrichtlinie gilt f\u00fcr alle Personen, die Nielsonsmith pers\u00f6nliche Daten zur Verf\u00fcgung stellen.  Wenn in dieser Datenschutzrichtlinie der Begriff \"personenbezogene Daten\" verwendet wird, sind damit alle Informationen \u00fcber eine identifizierbare Person gemeint.<\/p>\n\n\n\n<p><strong>Was ist der Umfang der&nbsp;<\/strong><strong>Nielsonsschmied<\/strong><strong>&nbsp;Datenschutzrichtlinie?<\/strong><\/p>\n\n\n\n<p>Diese Datenschutzrichtlinie befasst sich mit unseren Richtlinien und Verfahren in Bezug auf die pers\u00f6nlichen Daten von Einzelpersonen, wie z. B. unseren Kunden. Diese Datenschutzrichtlinie gilt f\u00fcr personenbezogene Daten, die Sie Nielsonsmith zur Verf\u00fcgung stellen.<\/p>\n\n\n\n<p>Die Erhebung, Verwendung und Weitergabe Ihrer pers\u00f6nlichen Daten unterliegt den folgenden Bestimmungen&nbsp;<em>Gesetz \u00fcber den Schutz personenbezogener Daten und elektronischer Dokumente<\/em>&nbsp;(die \"<strong>Gesetz<\/strong>\"), und alle anwendbaren Gesetze der Provinzen.  In dieser Datenschutzerkl\u00e4rung wird dargelegt, welche personenbezogenen Daten von Ihnen erhoben werden k\u00f6nnen und wie diese verwendet werden. Wenn Sie Fragen oder Bedenken zu unseren Datenschutzpraktiken haben, k\u00f6nnen Sie uns gerne unter den am Ende dieser Datenschutzrichtlinie angegebenen Koordinaten kontaktieren.<\/p>\n\n\n\n<p>Diese Datenschutzrichtlinie gilt nur f\u00fcr personenbezogene Daten, die von uns erfasst werden.<\/p>\n\n\n\n<h4 class=\"wp-block-heading\"><strong>Was ist vom Schutz der Privatsph\u00e4re ausgeschlossen?<\/strong><strong>&nbsp;<\/strong><\/h4>\n\n\n\n<p>Diese Datenschutzrichtlinie enth\u00e4lt keine Beschr\u00e4nkungen f\u00fcr: gesch\u00e4ftliche Kontaktinformationen, einschlie\u00dflich des Namens, des Titels, der Gesch\u00e4ftsadresse oder der Telefonnummer eines Mitarbeiters einer Organisation; Informationen, die ausschlie\u00dflich zu journalistischen, literarischen oder k\u00fcnstlerischen Zwecken gesammelt, verwendet oder offengelegt werden; \u00f6ffentlich zug\u00e4ngliche Informationen, wie der Name, die Telefonnummer und die Adresse einer Person, wenn diese in einem Verzeichnis aufgef\u00fchrt sind oder \u00fcber die Telefonauskunft zur Verf\u00fcgung gestellt werden; oder Informationen, die zusammengefasst und nicht mit einer bestimmten Person in Verbindung gebracht werden, einschlie\u00dflich demografischer Informationen und Statistiken.<\/p>\n\n\n\n<p><strong>Kinder.<\/strong><\/p>\n\n\n\n<p>Wenn Sie unter 18 Jahre alt sind, sollten Sie die Erlaubnis Ihrer Eltern oder Ihres Vormunds einholen, bevor Sie pers\u00f6nliche Daten an uns oder andere Personen \u00fcbermitteln.  Wir ermutigen die Eltern, sich mit der Online-Nutzung ihrer Kinder zu befassen und sich \u00fcber die Aktivit\u00e4ten, an denen sie teilnehmen, bewusst zu sein.<\/p>\n\n\n\n<p><strong>Warum hat&nbsp;<\/strong><strong>Nielsonsschmied<\/strong><strong>&nbsp;Sammeln Sie pers\u00f6nliche Informationen?<\/strong><\/p>\n\n\n\n<p>Nielsonsmith kann personenbezogene Daten aus folgenden Gr\u00fcnden erfassen:<\/p>\n\n\n\n<ul class=\"wp-block-list\">\n<li>Wir erheben personenbezogene Kontaktinformationen (wie Ihren Namen, Ihre Adresse, Ihre E-Mail-Adresse und Ihre Telefonnummern), wenn Sie sich f\u00fcr einen Newsletter anmelden, Ver\u00f6ffentlichungen kaufen oder abonnieren, sich in einem Online-Forum oder auf einer Website registrieren oder an einer kostenpflichtigen Veranstaltung teilnehmen, ein Produkt oder eine Dienstleistung von Nielsonsmith erwerben, an einer Umfrage teilnehmen, Werbefl\u00e4che kaufen oder der Autor von Werken sind, die von uns ver\u00f6ffentlicht werden.<\/li>\n\n\n\n<li>Die Informationen, die Sie uns zur Verf\u00fcgung stellen, werden verwendet, um Ihre Anfrage nach Informationen, Produkten oder Dienstleistungen zu erf\u00fcllen, um gezielte Werbung zu schalten und um Ihre Anfragen zu beantworten. Von Zeit zu Zeit k\u00f6nnen diese Informationen verwendet werden, um Pr\u00e4mienpunkte zu vergeben oder Kredite zu gew\u00e4hren, je nachdem, was unter den jeweiligen Umst\u00e4nden zutrifft.<\/li>\n\n\n\n<li>Wir werden Ihre Abonnenten-ID und Ihre Passw\u00f6rter aufbewahren, damit wir Sie auf Anfrage daran erinnern k\u00f6nnen.<\/li>\n\n\n\n<li>Wir erheben demografische Daten sowie Kaufhistorie und eine Liste der Ihnen angebotenen Aktionen, um Ihre Interessen besser zu verstehen, damit wir bessere Produkte und Dienstleistungen entwickeln k\u00f6nnen, und um zu ermitteln, ob Sie f\u00fcr andere Produkte und Dienstleistungen in Frage kommen.<\/li>\n\n\n\n<li>Wir k\u00f6nnen auch demografische, pers\u00f6nliche Kontakt- und Verlaufsdaten verwenden, um Sie \u00fcber \u00c4nderungen, Verbesserungen oder andere Mitteilungen in Bezug auf Produkte oder Dienstleistungen zu informieren, die Sie bei uns angefordert haben und die wir anbieten. Dar\u00fcber hinaus k\u00f6nnen wir diese Informationen verwenden, um Ihnen Angebote oder Informationen von uns, unseren verbundenen Unternehmen und von ausgew\u00e4hlten Sponsoren oder Werbetreibenden zuzusenden (\"Marketingangebote\"). Wenn Sie keine Marketingangebote erhalten m\u00f6chten, k\u00f6nnen Sie diese jederzeit abbestellen, indem Sie das nachstehende Abbestellungsverfahren befolgen.<\/li>\n\n\n\n<li>Wir k\u00f6nnen Ihre Telefongespr\u00e4che mit unseren Kundendienstmitarbeitern zu Qualit\u00e4tssicherungszwecken aufzeichnen oder \u00fcberwachen.<\/li>\n\n\n\n<li>Wir erfassen Ihre Kreditkartendaten, wenn Sie: eine Publikation kaufen oder einen Loseblattservice abonnieren; sich f\u00fcr die Teilnahme an einer kostenpflichtigen Veranstaltung anmelden; Produkte von Nielsonsmith oder \u00fcber eine unserer Websites kaufen; ein kostenpflichtiger Anzeigenkunde sind. Diese Kreditkarteninformationen werden f\u00fcr die Ausf\u00fchrung Ihrer Bestellung verwendet.<\/li>\n\n\n\n<li>Wenn Sie sich daf\u00fcr entscheiden, die Verwendung Ihrer personenbezogenen Daten gem\u00e4\u00df unserer Opt-out-Politik abzulehnen, werden wir Ihre Kontaktdaten in einer Liste speichern, damit Ihrem Wunsch entsprochen werden kann.<\/li>\n\n\n\n<li>Wenn Sie sich mit einer Beschwerde an eine unserer Abteilungen wenden, werden wir Ihre Kontaktinformationen und die Art Ihrer Beschwerde erfassen, um Ihr Anliegen zu untersuchen und Ihnen zu antworten.<\/li>\n\n\n\n<li>Wenn Sie freiberufliche oder andere Dienstleistungen f\u00fcr uns erbringen, k\u00f6nnen wir Ihre Sozialversicherungsnummer f\u00fcr Steuerzwecke und Ihre Kontaktinformationen erfassen, um Sie zu bezahlen.<\/li>\n\n\n\n<li>Wir k\u00f6nnen auch zus\u00e4tzliche Informationen von Freiberuflern, anderen Dienstleistern und Werbetreibenden verwenden oder sammeln, wie z. B. Finanzinformationen (z. B. Bankdaten und Kreditgeschichte) zur Bewertung des Kreditrisikos, Verkaufsdaten zur Erstellung von Honorarberichten und andere relevante Informationen, die uns helfen, die Qualit\u00e4t Ihrer Dienstleistungen zu bewerten.<\/li>\n\n\n\n<li>Wir verwenden IP-Adressen (Internetprotokolladressen), um demografische und statistische Informationen \u00fcber unsere Nutzer zu sammeln, zur Systemverwaltung und zur Diagnose von Problemen mit unseren Servern sowie zur Verwaltung unserer Websites.  Wir k\u00f6nnen IP-Adressen auch verwenden, um gezieltere Werbung und Inhalte anzuzeigen oder unseren Drittanbietern zu erm\u00f6glichen, diese anzuzeigen.<\/li>\n\n\n\n<li>Wir k\u00f6nnen von Zeit zu Zeit anonyme Nutzungs- und Browsing-Muster von Besuchern unserer Websites verfolgen und analysieren, um unseren Werbetreibenden gezieltere Werbem\u00f6glichkeiten zu bieten und den Nutzern die Werbung zu zeigen, die sie am ehesten interessiert.<\/li>\n\n\n\n<li>Wir verwenden Ihre pers\u00f6nlichen Daten im Allgemeinen zu folgenden Zwecken: Management, Verwaltung, Einziehung oder anderweitige Durchsetzung Ihrer Konten; Aufbewahrung von Gesch\u00e4ftsunterlagen f\u00fcr einen angemessenen Zeitraum und allgemeines Management und Verwaltung unseres Gesch\u00e4fts; Erf\u00fcllung aller relevanten internationalen regulatorischen, rechtlichen, Versicherungs-, Pr\u00fcfungs-, Sicherheits- und Verarbeitungsanforderungen.<\/li>\n\n\n\n<li>Gelegentlich bitten wir unsere Kunden, an Marktforschungsumfragen teilzunehmen. Wenn Sie sich f\u00fcr die Teilnahme an diesen Umfragen entscheiden und Ihre pers\u00f6nlichen Daten f\u00fcr diesen Zweck zur Verf\u00fcgung stellen, werden Ihre Daten als Teil der Umfrageergebnisse zusammengefasst und an unsere Werbekunden, Sponsoren und Partner in einer Weise weitergegeben, die Sie nicht identifiziert.<\/li>\n\n\n\n<li>Wenn wir Ihre personenbezogenen Daten f\u00fcr andere als die in dieser Datenschutzrichtlinie vorgesehenen Zwecke erfassen, verwenden oder weitergeben m\u00f6chten, werden wir diese Zwecke zum Zeitpunkt der Erfassung angeben, es sei denn, dies ist gesetzlich zul\u00e4ssig oder erforderlich. Sie erhalten eine angemessene Gelegenheit, diese zus\u00e4tzlichen Zwecke abzulehnen.<\/li>\n<\/ul>\n\n\n\n<p><strong>Welche Art von pers\u00f6nlichen Informationen ben\u00f6tigt&nbsp;<\/strong><strong>Nielsonsschmied<\/strong><strong>&nbsp;Offenlegen, f\u00fcr wen und warum?<\/strong><\/p>\n\n\n\n<p>Wenn Sie uns Ihre pers\u00f6nlichen Daten zur Verf\u00fcgung stellen, gehen wir im Allgemeinen davon aus, dass Sie mit der Erfassung, Verwendung und Weitergabe dieser Daten zu den in dieser Datenschutzrichtlinie genannten oder beschriebenen Zwecken einverstanden sind, sofern zutreffend, oder zum Zeitpunkt der Erfassung. Wir behalten uns das Recht vor, Ihre personenbezogenen Daten ohne Ihre Zustimmung zu verwenden und offenzulegen, wenn dies gesetzlich vorgeschrieben oder zul\u00e4ssig ist, z. B. wenn wir begr\u00fcndeten Anlass zu der Annahme haben, dass die Informationen bei der Untersuchung eines Versto\u00dfes gegen ein Bundes-, Landes- oder ausl\u00e4ndisches Gesetz n\u00fctzlich sein k\u00f6nnten, um unsere rechtlichen Interessen zu sch\u00fctzen oder zu verteidigen oder um den geltenden Gesetzen und rechtm\u00e4\u00dfigen beh\u00f6rdlichen Anfragen nachzukommen.<\/p>\n\n\n\n<p>Nielsonsmith kann Ihre pers\u00f6nlichen Daten wie folgt an Dritte weitergeben:<\/p>\n\n\n\n<ul class=\"wp-block-list\">\n<li>Wir k\u00f6nnen Ihre pers\u00f6nlichen Kontaktinformationen an verbundene Unternehmen und ausgew\u00e4hlte Sponsoren und Werbekunden weitergeben. Wenn Sie keine Marketingangebote erhalten m\u00f6chten, k\u00f6nnen Sie sich jederzeit abmelden, indem Sie das hier beschriebene Abmeldeverfahren befolgen.<\/li>\n\n\n\n<li>Es kann sein, dass wir Ihre pers\u00f6nlichen Daten an Drittanbieter weitergeben, um Ihre Bestellung auszuf\u00fchren oder die Bearbeitung und andere spezialisierte Dienstleistungen durchzuf\u00fchren (z. B. Kreditkartenbearbeitung, Preisvergabe bei unseren Wettbewerben, Einziehung \u00fcberf\u00e4lliger Rechnungen, Verwaltung von Kundendienstanfragen und Produktlieferung).<\/li>\n\n\n\n<li>Wir k\u00f6nnen Ihren Namen und Ihre Kreditkartendaten auf vertraulicher Basis an Dritte weitergeben, um Ihre Kreditkartendaten zu aktualisieren und sicherzustellen, dass Ihr laufendes Abonnement f\u00fcr Nielsonsmith-Produkte und -Dienstleistungen nicht unterbrochen wird.<\/li>\n\n\n\n<li>Ihre pers\u00f6nlichen Daten k\u00f6nnen von uns, einer Tochtergesellschaft oder einem Drittdienstleister zu den in dieser Datenschutzrichtlinie genannten Zwecken au\u00dferhalb des Landes, in dem Sie ans\u00e4ssig sind, verarbeitet und gespeichert werden, und gem\u00e4\u00df den Gesetzen dieser anderen Gerichtsbarkeiten k\u00f6nnen ausl\u00e4ndische Gerichte, Strafverfolgungsbeh\u00f6rden oder Aufsichtsbeh\u00f6rden unter bestimmten Umst\u00e4nden berechtigt sein, auf Ihre pers\u00f6nlichen Daten zuzugreifen.<\/li>\n\n\n\n<li>Wir k\u00f6nnen Ihre pers\u00f6nlichen Daten zu internen Pr\u00fcfungs-, Management-, Abrechnungs- oder Verwaltungszwecken an unsere Tochtergesellschaften weitergeben.<\/li>\n\n\n\n<li>Wir k\u00f6nnen Ihre pers\u00f6nlichen Daten an Dritte weitergeben, wenn Sie gegen unsere Dienstleistungs- oder Einkaufsbedingungen versto\u00dfen haben oder wenn wir den geltenden Gesetzen und rechtm\u00e4\u00dfigen Anfragen von Regierungen, anderen Rechts- und Aufsichtsbeh\u00f6rden und aus anderen rechtlichen Gr\u00fcnden nachkommen m\u00fcssen.<\/li>\n\n\n\n<li>Wir k\u00f6nnen Ihre pers\u00f6nlichen Daten auf vertraulicher Basis an Parteien weitergeben, die mit der geplanten oder tats\u00e4chlichen Finanzierung, Versicherung, dem Verkauf, der Abtretung oder sonstigen Ver\u00e4u\u00dferung unseres gesamten Gesch\u00e4fts oder unserer Verm\u00f6genswerte oder eines Teils davon in Verbindung stehen, auch um zu entscheiden, ob eine solche Transaktion oder Gesch\u00e4ftsbeziehung fortgesetzt werden soll, oder um Aufzeichnungen oder andere Berichtspflichten gegen\u00fcber diesen Parteien zu erf\u00fcllen.<\/li>\n<\/ul>\n\n\n\n<p>Wenn wir Ihre personenbezogenen Daten f\u00fcr andere als die in dieser Datenschutzrichtlinie vorgesehenen Zwecke erfassen, verwenden oder weitergeben m\u00f6chten, werden wir diese Zwecke zum Zeitpunkt der Erfassung angeben, es sei denn, dies ist gesetzlich zul\u00e4ssig oder erforderlich. Sie erhalten eine angemessene Gelegenheit, diese zus\u00e4tzlichen Zwecke abzulehnen.<\/p>\n\n\n\n<p><strong>Opt-Out-Politik.<\/strong><\/p>\n\n\n\n<p>Von Zeit zu Zeit stellen wir unsere Kunden-E-Mail-Liste anderen namhaften Organisationen zur Verf\u00fcgung, deren Produkte oder Dienstleistungen unserer Meinung nach f\u00fcr Sie interessant sein k\u00f6nnten.  Wenn Sie uns Ihre Telefonnummer mitteilen, k\u00f6nnen wir Sie au\u00dferdem telefonisch \u00fcber neue Produkte und Dienstleistungen oder bevorstehende Veranstaltungen informieren.&nbsp;&nbsp;<strong>Wenn Sie dies nicht w\u00fcnschen oder von uns bez\u00fcglich unserer eigenen Werbeaktionen und bevorstehenden Veranstaltungen kontaktiert werden m\u00f6chten, teilen Sie uns dies bitte mit, indem Sie uns online oder per E-Mail benachrichtigen, uns anrufen oder uns unter den unten angegebenen Kontaktinformationen schreiben.<\/strong><\/p>\n\n\n\n<p>Wenn wir Ihre personenbezogenen Daten f\u00fcr andere als die in dieser Datenschutzrichtlinie vorgesehenen Zwecke erfassen, verwenden oder weitergeben m\u00f6chten, werden wir diese Zwecke zum Zeitpunkt der Erfassung angeben, es sei denn, dies ist gesetzlich zul\u00e4ssig oder erforderlich.  Sie erhalten eine angemessene Gelegenheit, diese zus\u00e4tzlichen Zwecke abzulehnen.<\/p>\n\n\n\n<p>Wenn Sie sich daf\u00fcr entscheiden, die Verwendung Ihrer personenbezogenen Daten gem\u00e4\u00df unserer Opt-out-Politik abzulehnen, werden wir Ihre Kontaktdaten in einer Liste speichern, damit Ihrem Wunsch entsprochen werden kann.<\/p>\n\n\n\n<p>Bitte beachten Sie, dass die Kontaktdaten, die Sie uns zum Zweck der Weiterleitung von Konferenzinformationen \u00fcber unsere Funktion \"An einen Freund senden\" zur Verf\u00fcgung stellen, eingeschr\u00e4nkt sind.  Das bedeutet, dass keine unaufgeforderten E-Mails an Kontakte gesendet werden, deren Informationen \u00fcber diese Funktion bereitgestellt wurden, und dass ihre Kontaktdaten nicht an Dritte weitergegeben oder verkauft werden.<\/p>\n\n\n\n<p>Es kann 4-6 Wochen dauern, bis Ihr Antrag auf Abmeldung vollst\u00e4ndig bearbeitet ist.<\/p>\n\n\n\n<p><strong>Sicherheit.<\/strong><\/p>\n\n\n\n<p>Nielsonsmith verf\u00fcgt \u00fcber technische, vertragliche, administrative und physische Sicherheitsma\u00dfnahmen, um Ihre personenbezogenen Daten in einer Weise zu sch\u00fctzen, die der Art der von Ihnen zur Verf\u00fcgung gestellten personenbezogenen Daten angemessen und angemessen ist. Wenn Sie uns beispielsweise Kreditkartendaten zur Verf\u00fcgung stellen, bem\u00fchen wir uns um den Schutz Ihrer Kreditkartendaten, indem wir die branchen\u00fcbliche SSL-Verschl\u00fcsselungstechnologie (Secure Sockets Layer) verwenden.<\/p>\n\n\n\n<p>Bitte beachten Sie, dass E-Mail kein sicheres Medium ist und dass pers\u00f6nliche Daten, die Sie uns per E-Mail schicken, abgefangen werden k\u00f6nnten.  Wenn Ihre Kommunikation sehr sensibel ist oder Informationen wie Ihre Kreditkartennummer enth\u00e4lt, sollten Sie sie nicht elektronisch senden, es sei denn, die E-Mail ist verschl\u00fcsselt oder Ihr Browser zeigt an, dass der Zugang zu unserer Website sicher ist.  Materialien, die in Online-Foren wie schwarzen Brettern oder Kommentarseiten ver\u00f6ffentlicht werden, sind \u00f6ffentlich, nicht sicher und k\u00f6nnen von jedermann eingesehen werden.  Alle pers\u00f6nlichen Informationen, die Sie ver\u00f6ffentlichen, k\u00f6nnen von jedermann gesammelt und verwendet werden und k\u00f6nnen zu unerw\u00fcnschten Nachrichten von anderen Internetnutzern f\u00fchren.  Nielsonsmith ist nicht verantwortlich f\u00fcr pers\u00f6nliche Informationen, die Sie in Online-Foren auf unseren Websites ver\u00f6ffentlichen oder \u00fcbermitteln.<\/p>\n\n\n\n<p><strong>Cookies und Websites von Dritten.<\/strong><\/p>\n\n\n\n<p>Wenn Sie eine unserer Websites nutzen, k\u00f6nnen wir ein Internet-Cookie setzen. Ein Internet-Cookie ist eine kleine Textdatei, die eine Website in Ihrem Internetbrowser speichert und die Informationen erfassen und speichern kann. Wir verwenden Cookies, um besser zu verstehen, wie Sie unsere Websites nutzen, um sicherzustellen, dass unsere Anzeigen und dynamischen Inhalte korrekt angezeigt werden, und um die Leistung unserer Websites zu verbessern.  Ein Cookie kann zum Beispiel eine Reihe von Pr\u00e4ferenzen abrufen, die Sie f\u00fcr unsere Website festgelegt haben, und Artikel aufzeichnen, f\u00fcr die Sie sich registriert haben. Die Speicherung von Cookies in Ihrem Webbrowser erm\u00f6glicht es uns, Ihnen Webseiten und andere Inhalte zu pr\u00e4sentieren, die auf Ihre Pr\u00e4ferenzen abgestimmt sind. Diese Aktivit\u00e4ten sind f\u00fcr Sie unsichtbar und dienen in der Regel dazu, Ihr Surfen im Internet angenehmer zu gestalten. Sofern Sie nicht in Ihren Einstellungen festgelegt haben, dass Sie benachrichtigt werden, wenn ein Cookie auf Ihrem Computer gespeichert wird, werden Sie davon nichts wissen.<\/p>\n\n\n\n<p>Wir k\u00f6nnen auf unseren Websites Werbung oder andere Links platzieren, die von externen Werbetreibenden stammen.  Wir kontrollieren die Cookies auf diesen Websites nicht und sind auch nicht f\u00fcr die Vermarktung oder sonstige Nutzung Ihrer Daten durch diese Werbetreibenden verantwortlich.<\/p>\n\n\n\n<p>Benutzer k\u00f6nnen \u00fcber Hypertext oder andere Computer-\"Links\" Zugang zu anderen Websites im Internet erhalten, die nicht von Nielsonsmith betrieben werden. Nielsonsmith stellt Ihnen diese Links nur als Annehmlichkeit zur Verf\u00fcgung, und die Aufnahme eines Links bedeutet nicht, dass Nielsonsmith die verlinkte Website billigt. Nielsonsmith \u00fcbernimmt keine Verantwortung f\u00fcr Inhalte au\u00dferhalb der von NIELSONSMITH betriebenen Websites, einschlie\u00dflich aller Websites, auf die \u00fcber einen Link auf einer von NIELSONSMITH betriebenen Website zugegriffen werden kann.  Sofern auf einer von Nielsonsmith betriebenen Website nicht anders angegeben, wird Nielsonsmith nicht von den verlinkten Websites gesponsert oder ist mit ihnen verbunden. Nielsonsmith lehnt ausdr\u00fccklich die Verantwortung f\u00fcr die versehentliche Betrachtung von Material, das f\u00fcr Erwachsene bestimmt ist, durch Personen unter 18 Jahren auf einer Website ab, die \u00fcber eine verlinkte Website aufgerufen wird.<\/p>\n\n\n\n<p>Bitte beachten Sie, dass unsere Websites Links zu anderen Websites enthalten k\u00f6nnen, die von Dritten unterhalten werden, die nicht verpflichtet sind, diesen Datenschutzkodex einzuhalten, und f\u00fcr die Nielsonsmith keine Verantwortung tr\u00e4gt. Bitte lesen Sie die Datenschutzrichtlinien auf allen externen Websites, um sich \u00fcber deren Umgang mit Informationen zu informieren.<\/p>\n\n\n\n<p><strong>Wie lange dauert&nbsp;<\/strong><strong>Nielsonsschmied<\/strong><strong>&nbsp;Pers\u00f6nliche Informationen aufbewahren?<\/strong><\/p>\n\n\n\n<p>Wir bewahren Ihre personenbezogenen Daten so lange auf, wie es vern\u00fcnftigerweise notwendig ist, um die Zwecke zu erf\u00fcllen, f\u00fcr die sie gesammelt wurden, oder um gesetzliche Anforderungen zu erf\u00fcllen, einschlie\u00dflich gesetzlicher Aufbewahrungsfristen. Wenn Ihre personenbezogenen Daten f\u00fcr einen bestimmten Zweck oder eine rechtliche Anforderung nicht mehr ben\u00f6tigt werden, werden sie aus unseren Unterlagen gel\u00f6scht.<\/p>\n\n\n\n<p><strong>Wie Sie auf Ihre pers\u00f6nlichen Daten zugreifen und sie korrigieren k\u00f6nnen und wie Sie Bedenken bez\u00fcglich Ihrer Privatsph\u00e4re \u00e4u\u00dfern k\u00f6nnen.<\/strong><\/p>\n\n\n\n<p>Wenn Sie der Meinung sind, dass diese Website nicht ihrer erkl\u00e4rten Informationspolitik folgt, wenn Sie Zugang zu Ihren pers\u00f6nlichen Daten haben m\u00f6chten oder wenn Sie m\u00f6chten, dass wir Ihre pers\u00f6nlichen Daten korrigieren, k\u00f6nnen Sie uns unter den unten angegebenen Kontaktinformationen kontaktieren:<\/p>\n\n\n\n<p><strong>RE:  ANFRAGE ZUM DATENSCHUTZ<\/strong><\/p>\n\n\n\n<p>Nielsonsmith Ltd.<br>Suite 179<br>Flughafenhaus<br>Purley Weg<br>Croydon<br>CR0 0XZ, Vereinigtes K\u00f6nigreich<br>Tel: +44 (0) 203 397 2781<br>Fax: +44 (0) 203 397 2785<br>E-Mail:&nbsp;<a href=\"mailto:info@nielsonsmith.com\">info@nielsonsmith.com<\/a><\/p>\n\n\n\n<p>Diese Datenschutzrichtlinie wurde zuletzt aktualisiert im<strong>&nbsp;Juni 2023.<\/strong><\/p>","protected":false},"excerpt":{"rendered":"<p>Nielsonsmith Ltd.Airport HousePurley WayCroydonCR0 0XZ, United Kingdom Nielsonsmith Ltd. (\u201cNielsonsmith\u201c) is committed to protecting the privacy and confidentiality of personal information entrusted to us. This Privacy Policy governs the collection, use and disclosure of your personal information in any form, whether written or electronic, by Nielsonsmith and its affiliates.&nbsp;&nbsp;Please read this Privacy Policy carefully, and [&hellip;]<\/p>\n","protected":false},"author":1,"featured_media":48,"parent":0,"menu_order":0,"comment_status":"closed","ping_status":"closed","template":"","meta":{"_seopress_robots_primary_cat":"","_seopress_titles_title":"","_seopress_titles_desc":"","_seopress_robots_index":"","footnotes":""},"hf_cat_page":[38],"class_list":["post-436","page","type-page","status-publish","has-post-thumbnail","hentry"],"blocksy_meta":[],"_links":{"self":[{"href":"https:\/\/nielsonsmith.com\/de\/wp-json\/wp\/v2\/pages\/436","targetHints":{"allow":["GET"]}}],"collection":[{"href":"https:\/\/nielsonsmith.com\/de\/wp-json\/wp\/v2\/pages"}],"about":[{"href":"https:\/\/nielsonsmith.com\/de\/wp-json\/wp\/v2\/types\/page"}],"author":[{"embeddable":true,"href":"https:\/\/nielsonsmith.com\/de\/wp-json\/wp\/v2\/users\/1"}],"replies":[{"embeddable":true,"href":"https:\/\/nielsonsmith.com\/de\/wp-json\/wp\/v2\/comments?post=436"}],"version-history":[{"count":4,"href":"https:\/\/nielsonsmith.com\/de\/wp-json\/wp\/v2\/pages\/436\/revisions"}],"predecessor-version":[{"id":1261,"href":"https:\/\/nielsonsmith.com\/de\/wp-json\/wp\/v2\/pages\/436\/revisions\/1261"}],"wp:featuredmedia":[{"embeddable":true,"href":"https:\/\/nielsonsmith.com\/de\/wp-json\/wp\/v2\/media\/48"}],"wp:attachment":[{"href":"https:\/\/nielsonsmith.com\/de\/wp-json\/wp\/v2\/media?parent=436"}],"wp:term":[{"taxonomy":"hf_cat_page","embeddable":true,"href":"https:\/\/nielsonsmith.com\/de\/wp-json\/wp\/v2\/hf_cat_page?post=436"}],"curies":[{"name":"wp","href":"https:\/\/api.w.org\/{rel}","templated":true}]}}