{"id":299,"date":"2023-04-24T17:10:58","date_gmt":"2023-04-24T16:10:58","guid":{"rendered":"https:\/\/nielsonsmith.websitebureau.nl\/?page_id=299"},"modified":"2023-04-24T17:19:02","modified_gmt":"2023-04-24T16:19:02","slug":"masgeschneiderte-veranstaltungen","status":"publish","type":"page","link":"https:\/\/nielsonsmith.com\/de\/bespoke-events\/","title":{"rendered":"Ma\u00dfgeschneiderte Veranstaltungen"},"content":{"rendered":"<div data-elementor-type=\"wp-page\" data-elementor-id=\"299\" class=\"elementor elementor-299\" data-elementor-settings=\"{&quot;ha_cmc_init_switcher&quot;:&quot;no&quot;}\" data-elementor-post-type=\"page\">\n\t\t\t\t\t\t<section class=\"elementor-section elementor-top-section elementor-element elementor-element-1e4d97d ct-section-stretched elementor-section-height-min-height elementor-section-boxed elementor-section-height-default elementor-section-items-middle\" data-id=\"1e4d97d\" data-element_type=\"section\" data-e-type=\"section\" data-settings=\"{&quot;background_background&quot;:&quot;classic&quot;,&quot;_ha_eqh_enable&quot;:false}\">\n\t\t\t\t\t\t\t<div class=\"elementor-background-overlay\"><\/div>\n\t\t\t\t\t\t\t<div class=\"elementor-container elementor-column-gap-default\">\n\t\t\t\t\t<div class=\"elementor-column elementor-col-100 elementor-top-column elementor-element elementor-element-5152660\" data-id=\"5152660\" data-element_type=\"column\" data-e-type=\"column\">\n\t\t\t<div class=\"elementor-widget-wrap elementor-element-populated\">\n\t\t\t\t\t\t<div class=\"elementor-element elementor-element-aace759 elementor-widget elementor-widget-heading\" data-id=\"aace759\" data-element_type=\"widget\" data-e-type=\"widget\" data-widget_type=\"heading.default\">\n\t\t\t\t\t<h2 class=\"elementor-heading-title elementor-size-default\">Ma\u00dfgeschneiderte Veranstaltungen<\/h2>\t\t\t\t<\/div>\n\t\t\t\t\t<\/div>\n\t\t<\/div>\n\t\t\t\t\t<\/div>\n\t\t<\/section>\n\t\t\t\t<section class=\"elementor-section elementor-top-section elementor-element elementor-element-e00e394 elementor-section-boxed elementor-section-height-default elementor-section-height-default\" data-id=\"e00e394\" data-element_type=\"section\" data-e-type=\"section\" data-settings=\"{&quot;_ha_eqh_enable&quot;:false}\">\n\t\t\t\t\t\t<div class=\"elementor-container elementor-column-gap-no\">\n\t\t\t\t\t<div class=\"elementor-column elementor-col-50 elementor-top-column elementor-element elementor-element-5802e3c\" data-id=\"5802e3c\" data-element_type=\"column\" data-e-type=\"column\" data-settings=\"{&quot;background_background&quot;:&quot;classic&quot;}\">\n\t\t\t<div class=\"elementor-widget-wrap elementor-element-populated\">\n\t\t\t\t\t\t<div class=\"elementor-element elementor-element-d40e460 elementor-widget elementor-widget-image\" data-id=\"d40e460\" data-element_type=\"widget\" data-e-type=\"widget\" data-widget_type=\"image.default\">\n\t\t\t\t\t\t\t\t\t\t\t\t\t\t\t<img decoding=\"async\" src=\"https:\/\/nielsonsmith.com\/wp-content\/uploads\/elementor\/thumbs\/tajikistan-qpk3lg5mjd0yxxu6xgn2e56jpctg13jxgwfqctcts4.jpg\" title=\"Tadschikistan\" alt=\"Tadschikistan\" loading=\"lazy\" \/>\t\t\t\t\t\t\t\t\t\t\t\t\t\t\t<\/div>\n\t\t\t\t<section class=\"elementor-section elementor-inner-section elementor-element elementor-element-f143a78 elementor-section-boxed elementor-section-height-default elementor-section-height-default\" data-id=\"f143a78\" data-element_type=\"section\" data-e-type=\"section\" data-settings=\"{&quot;_ha_eqh_enable&quot;:false}\">\n\t\t\t\t\t\t<div class=\"elementor-container elementor-column-gap-default\">\n\t\t\t\t\t<div class=\"elementor-column elementor-col-100 elementor-inner-column elementor-element elementor-element-9850dc8\" data-id=\"9850dc8\" data-element_type=\"column\" data-e-type=\"column\">\n\t\t\t<div class=\"elementor-widget-wrap elementor-element-populated\">\n\t\t\t\t\t\t<div class=\"elementor-element elementor-element-50eb2f4 elementor-widget elementor-widget-heading\" data-id=\"50eb2f4\" data-element_type=\"widget\" data-e-type=\"widget\" data-widget_type=\"heading.default\">\n\t\t\t\t\t<h2 class=\"elementor-heading-title elementor-size-default\">Das Tadschikische Investitions- und Entwicklungsforum<\/h2>\t\t\t\t<\/div>\n\t\t\t\t<div class=\"elementor-element elementor-element-a17491e elementor-widget elementor-widget-text-editor\" data-id=\"a17491e\" data-element_type=\"widget\" data-e-type=\"widget\" data-widget_type=\"text-editor.default\">\n\t\t\t\t\t\t\t\t\t<p>Im Einklang mit der Vision der Regierung wird diese Veranstaltung die vier wichtigsten Industriesektoren auf einer internationalen Plattform zusammenbringen, auf der f\u00fchrende globale Dienstleistungs- und L\u00f6sungsanbieter mit hochrangigen tadschikischen Vertretern zusammentreffen k\u00f6nnen, um ein umfassenderes Verst\u00e4ndnis der k\u00fcnftigen Entwicklungspl\u00e4ne des Landes zu erlangen und zu zeigen, wie offen und aufgeschlossen Tadschikistan f\u00fcr neue Technologien und Methoden ist. Indem es alle vier Sektoren zusammenbringt, wird das Forum als \"Stimme\" gegen\u00fcber der internationalen Gemeinschaft fungieren und die Tatsache zum Ausdruck bringen, dass Tadschikistan nicht nur im Bergbausektor ein sich schnell entwickelndes und wachsendes Land ist.<\/p><p>Wir haben keinen Zweifel daran, dass globale Unternehmen die Bodensch\u00e4tze Tadschikistans sehr gut kennen, aber weniger Informationen \u00fcber die M\u00f6glichkeiten im Land haben, wenn es um andere Gesch\u00e4ftsbereiche geht.<\/p><p>Indem wir all diese Sektoren auf einer Plattform vereinen, k\u00f6nnen wir sicherstellen, dass die Botschaft ein weltweites Publikum von F\u00fchrungskr\u00e4ften erreicht, die ihre F\u00e4higkeiten und ihr Wissen investieren wollen.<\/p>\t\t\t\t\t\t\t\t<\/div>\n\t\t\t\t<div class=\"elementor-element elementor-element-a172155 elementor-widget elementor-widget-button\" data-id=\"a172155\" data-element_type=\"widget\" data-e-type=\"widget\" data-widget_type=\"button.default\">\n\t\t\t\t\t\t\t\t\t\t<a class=\"elementor-button elementor-button-link elementor-size-lg\" href=\"https:\/\/tajikistan.nielsonsmith.com\">\n\t\t\t\t\t\t<span class=\"elementor-button-content-wrapper\">\n\t\t\t\t\t\t\t\t\t<span class=\"elementor-button-text\">Weitere Informationen (externer Link)<\/span>\n\t\t\t\t\t<\/span>\n\t\t\t\t\t<\/a>\n\t\t\t\t\t\t\t\t<\/div>\n\t\t\t\t\t<\/div>\n\t\t<\/div>\n\t\t\t\t\t<\/div>\n\t\t<\/section>\n\t\t\t\t\t<\/div>\n\t\t<\/div>\n\t\t\t\t<div class=\"elementor-column elementor-col-50 elementor-top-column elementor-element elementor-element-164b9c5\" data-id=\"164b9c5\" data-element_type=\"column\" data-e-type=\"column\" data-settings=\"{&quot;background_background&quot;:&quot;classic&quot;}\">\n\t\t\t<div class=\"elementor-widget-wrap elementor-element-populated\">\n\t\t\t\t\t\t<div class=\"elementor-element elementor-element-93ef30d elementor-widget elementor-widget-image\" data-id=\"93ef30d\" data-element_type=\"widget\" data-e-type=\"widget\" data-widget_type=\"image.default\">\n\t\t\t\t\t\t\t\t\t\t\t\t\t\t\t<img decoding=\"async\" src=\"https:\/\/nielsonsmith.com\/wp-content\/uploads\/elementor\/thumbs\/turkmenistan-qpk3le9y5oyeapwx8ftt95nmil2plpcgsn4re9fm4k.png\" title=\"turkmenistan\" alt=\"turkmenistan\" loading=\"lazy\" \/>\t\t\t\t\t\t\t\t\t\t\t\t\t\t\t<\/div>\n\t\t\t\t<section class=\"elementor-section elementor-inner-section elementor-element elementor-element-1cd6b93 elementor-section-boxed elementor-section-height-default elementor-section-height-default\" data-id=\"1cd6b93\" data-element_type=\"section\" data-e-type=\"section\" data-settings=\"{&quot;_ha_eqh_enable&quot;:false}\">\n\t\t\t\t\t\t<div class=\"elementor-container elementor-column-gap-default\">\n\t\t\t\t\t<div class=\"elementor-column elementor-col-100 elementor-inner-column elementor-element elementor-element-84b0f41\" data-id=\"84b0f41\" data-element_type=\"column\" data-e-type=\"column\">\n\t\t\t<div class=\"elementor-widget-wrap elementor-element-populated\">\n\t\t\t\t\t\t<div class=\"elementor-element elementor-element-2a1a7f6 elementor-widget elementor-widget-heading\" data-id=\"2a1a7f6\" data-element_type=\"widget\" data-e-type=\"widget\" data-widget_type=\"heading.default\">\n\t\t\t\t\t<h2 class=\"elementor-heading-title elementor-size-default\">Das turkmenische Investitions- und Entwicklungsforum<\/h2>\t\t\t\t<\/div>\n\t\t\t\t<div class=\"elementor-element elementor-element-d6a9dcf elementor-widget elementor-widget-text-editor\" data-id=\"d6a9dcf\" data-element_type=\"widget\" data-e-type=\"widget\" data-widget_type=\"text-editor.default\">\n\t\t\t\t\t\t\t\t\t<p>Im Einklang mit der 2025-Vision Seiner Exzellenz, des hochverehrten Pr\u00e4sidenten Turkmenistans, Gurbanguly Berdimuhamedov, wird diese Veranstaltung die sechs wichtigsten Sektoren kommerzieller M\u00f6glichkeiten auf einer internationalen Plattform zusammenf\u00fchren, auf der f\u00fchrende westliche Dienstleistungs- und L\u00f6sungsanbieter mit hochrangigen turkmenischen Vertretern zusammentreffen k\u00f6nnen, um ein besseres Verst\u00e4ndnis f\u00fcr die zuk\u00fcnftigen Entwicklungspl\u00e4ne des Landes zu erlangen und zu erfahren, wie offen und aufgeschlossen Turkmenistan gegen\u00fcber neuen Technologien und Methoden ist.<\/p><p>Durch die Zusammenf\u00fchrung aller sechs Sektoren wird der Gipfel als \"Stimme\" gegen\u00fcber der internationalen Gemeinschaft fungieren und die Tatsache zum Ausdruck bringen, dass Turkmenistan nicht nur im Energiesektor eine sich schnell entwickelnde und wachsende Nation ist.<\/p><p>Wir haben keinen Zweifel daran, dass westliche Unternehmen die Energieressourcen Turkmenistans genau kennen, aber weniger Informationen \u00fcber die M\u00f6glichkeiten im Land haben, wenn es um andere Gesch\u00e4ftsbereiche geht.<\/p><p>Indem wir all diese Sektoren auf dieser Veranstaltung auf einer Plattform vereinen, k\u00f6nnen wir sicherstellen, dass die Botschaft ein weltweites Publikum von F\u00fchrungskr\u00e4ften erreicht, die ihre F\u00e4higkeiten und ihr Wissen investieren wollen.<\/p>\t\t\t\t\t\t\t\t<\/div>\n\t\t\t\t<div class=\"elementor-element elementor-element-0199c60 elementor-widget elementor-widget-button\" data-id=\"0199c60\" data-element_type=\"widget\" data-e-type=\"widget\" data-widget_type=\"button.default\">\n\t\t\t\t\t\t\t\t\t\t<a class=\"elementor-button elementor-button-link elementor-size-md\" href=\"https:\/\/turkmenistan.nielsonsmith.com\">\n\t\t\t\t\t\t<span class=\"elementor-button-content-wrapper\">\n\t\t\t\t\t\t\t\t\t<span class=\"elementor-button-text\">Weitere Informationen (externer Link)<\/span>\n\t\t\t\t\t<\/span>\n\t\t\t\t\t<\/a>\n\t\t\t\t\t\t\t\t<\/div>\n\t\t\t\t\t<\/div>\n\t\t<\/div>\n\t\t\t\t\t<\/div>\n\t\t<\/section>\n\t\t\t\t\t<\/div>\n\t\t<\/div>\n\t\t\t\t\t<\/div>\n\t\t<\/section>\n\t\t\t\t<\/div>","protected":false},"excerpt":{"rendered":"<p>Bespoke events The Tajikistan Investment &#038; Development Forum In alignment with the Government\u2019s vision this event will bring the four main sectors of industry onto one international platform, where leading global service and solution providers can meet with senior Tajiki representatives to gain a fuller understanding of the future development plans in the country and [&hellip;]<\/p>\n","protected":false},"author":1,"featured_media":0,"parent":0,"menu_order":0,"comment_status":"closed","ping_status":"closed","template":"","meta":{"_seopress_robots_primary_cat":"","_seopress_titles_title":"","_seopress_titles_desc":"","_seopress_robots_index":"","footnotes":""},"hf_cat_page":[35],"class_list":["post-299","page","type-page","status-publish","hentry"],"blocksy_meta":[],"_links":{"self":[{"href":"https:\/\/nielsonsmith.com\/de\/wp-json\/wp\/v2\/pages\/299","targetHints":{"allow":["GET"]}}],"collection":[{"href":"https:\/\/nielsonsmith.com\/de\/wp-json\/wp\/v2\/pages"}],"about":[{"href":"https:\/\/nielsonsmith.com\/de\/wp-json\/wp\/v2\/types\/page"}],"author":[{"embeddable":true,"href":"https:\/\/nielsonsmith.com\/de\/wp-json\/wp\/v2\/users\/1"}],"replies":[{"embeddable":true,"href":"https:\/\/nielsonsmith.com\/de\/wp-json\/wp\/v2\/comments?post=299"}],"version-history":[{"count":13,"href":"https:\/\/nielsonsmith.com\/de\/wp-json\/wp\/v2\/pages\/299\/revisions"}],"predecessor-version":[{"id":314,"href":"https:\/\/nielsonsmith.com\/de\/wp-json\/wp\/v2\/pages\/299\/revisions\/314"}],"wp:attachment":[{"href":"https:\/\/nielsonsmith.com\/de\/wp-json\/wp\/v2\/media?parent=299"}],"wp:term":[{"taxonomy":"hf_cat_page","embeddable":true,"href":"https:\/\/nielsonsmith.com\/de\/wp-json\/wp\/v2\/hf_cat_page?post=299"}],"curies":[{"name":"wp","href":"https:\/\/api.w.org\/{rel}","templated":true}]}}