{"id":436,"date":"2023-05-10T13:19:11","date_gmt":"2023-05-10T12:19:11","guid":{"rendered":"https:\/\/nielsonsmith.websitebureau.nl\/?page_id=436"},"modified":"2023-06-29T18:26:13","modified_gmt":"2023-06-29T17:26:13","slug":"erklaering-om-privatlivspolitik","status":"publish","type":"page","link":"https:\/\/nielsonsmith.com\/da\/privacy-policy-statement\/","title":{"rendered":"Erkl\u00e6ring om privatlivspolitik"},"content":{"rendered":"<p>Nielsonsmith Ltd.<br>Lufthavnens hus<br>Purley Way<br>Croydon<br>CR0 0XZ, Storbritannien<\/p>\n\n\n\n<p>Nielsonsmith Ltd. (\"<a href=\"https:\/\/nielsonsmith.com\/da\/\">Nielsonsmith<\/a>\") er forpligtet til at beskytte privatlivets fred og fortroligheden af personlige oplysninger, der er betroet os.<\/p>\n\n\n\n<p>Denne privatlivspolitik regulerer indsamling, brug og videregivelse af dine personlige oplysninger i enhver form, hvad enten det er skriftligt eller elektronisk, af Nielsonsmith og dets tilknyttede selskaber.&nbsp;<strong>&nbsp;L\u00e6s denne fortrolighedspolitik omhyggeligt, og vend tilbage til den med j\u00e6vne mellemrum, da vi kan opdatere den fra tid til anden.&nbsp;<\/strong><\/p>\n\n\n\n<h3 class=\"wp-block-heading\"><strong>Accept af fortrolighedspolitik.<\/strong><\/h3>\n\n\n\n<p><strong>Ved at indsende dine personlige oplysninger til&nbsp;<\/strong><strong>Nielsonsmith<\/strong><strong>accepterer du vilk\u00e5rene og betingelserne i denne fortrolighedspolitik.&nbsp;&nbsp;<\/strong>Hvis du ikke accepterer denne fortrolighedspolitik, skal du ikke sende dine personlige oplysninger til os.<\/p>\n\n\n\n<p>Nielsonsmith forbeholder sig ret til efter eget sk\u00f8n at \u00e6ndre, modificere, tilf\u00f8je eller fjerne dele af denne privatlivspolitik til enhver tid efter eget sk\u00f8n.<\/p>\n\n\n\n<p><strong>Hvad er personlige oplysninger?<\/strong><\/p>\n\n\n\n<p>Denne privatlivspolitik g\u00e6lder for alle personer, der giver personlige oplysninger til Nielsonsmith.  N\u00e5r denne fortrolighedspolitik bruger udtrykket \"personlige oplysninger\", betyder det alle oplysninger om en identificerbar person.<\/p>\n\n\n\n<p><strong>Hvad er omfanget af&nbsp;<\/strong><strong>Nielsonsmith<\/strong><strong>&nbsp;'s privatlivspolitik?<\/strong><\/p>\n\n\n\n<p>Denne privatlivspolitik omhandler vores politikker og procedurer i forbindelse med personlige oplysninger om enkeltpersoner, s\u00e5som vores kunder. Denne fortrolighedspolitik g\u00e6lder for personlige oplysninger, som du giver til Nielsonsmith.<\/p>\n\n\n\n<p>Indsamling, brug og videregivelse af dine personlige oplysninger er reguleret af&nbsp;<em>Lov om beskyttelse af personlige oplysninger og elektroniske dokumenter<\/em>&nbsp;(den \"<strong>Handle<\/strong>\") og enhver g\u00e6ldende provinslovgivning.  Denne fortrolighedspolitik identificerer, hvilke personlige oplysninger der kan indsamles fra dig, og hvordan de bruges. Hvis du har sp\u00f8rgsm\u00e5l eller bekymringer om vores fortrolighedspraksis, er du velkommen til at kontakte os p\u00e5 de koordinater, der er angivet i slutningen af denne fortrolighedspolitik.<\/p>\n\n\n\n<p>Denne fortrolighedspolitik g\u00e6lder kun for personlige oplysninger indsamlet af os.<\/p>\n\n\n\n<h4 class=\"wp-block-heading\"><strong>Hvad er udelukket fra beskyttelse af privatlivets fred?<\/strong><strong>&nbsp;<\/strong><\/h4>\n\n\n\n<p>Denne fortrolighedspolitik p\u00e5l\u00e6gger ikke begr\u00e6nsninger p\u00e5: forretningskontaktoplysninger, herunder navn, titel, forretningsadresse eller telefonnummer p\u00e5 en medarbejder i en organisation; oplysninger indsamlet, brugt eller videregivet udelukkende til journalistiske, litter\u00e6re eller kunstneriske form\u00e5l; offentligt tilg\u00e6ngelige oplysninger, s\u00e5som en persons navn, telefonnummer og adresse, n\u00e5r de er opf\u00f8rt i en telefonbog eller gjort tilg\u00e6ngelige via nummeroplysning; eller oplysninger, der er samlet og ikke forbundet med en bestemt person, herunder demografiske oplysninger og statistikker.<\/p>\n\n\n\n<p><strong>B\u00f8rn.<\/strong><\/p>\n\n\n\n<p>Hvis du er under 18 \u00e5r, skal du s\u00f8rge for at f\u00e5 dine for\u00e6ldres eller v\u00e6rges tilladelse, f\u00f8r du sender personlige oplysninger til os eller andre.  Vi opfordrer for\u00e6ldre til at involvere sig i deres b\u00f8rns onlinebrug og v\u00e6re opm\u00e6rksomme p\u00e5 de aktiviteter, de deltager i.<\/p>\n\n\n\n<p><strong>Hvorfor g\u00f8r&nbsp;<\/strong><strong>Nielsonsmith<\/strong><strong>&nbsp;Indsamle personlige oplysninger?<\/strong><\/p>\n\n\n\n<p>Nielsonsmith kan indsamle personlige oplysninger af f\u00f8lgende \u00e5rsager:<\/p>\n\n\n\n<ul class=\"wp-block-list\">\n<li>Vi indsamler personlige kontaktoplysninger (s\u00e5som dit navn, adresse, e-mailadresse og telefonnumre), hvis du: tilmelder dig et nyhedsbrev; k\u00f8ber eller abonnerer p\u00e5 publikationer; registrerer dig p\u00e5 et onlineforum eller en hjemmeside eller deltager i en betalt begivenhed; k\u00f8ber et produkt eller en tjeneste fra Nielsonsmith; svarer p\u00e5 en unders\u00f8gelse; k\u00f8ber reklameplads; eller er forfatter til v\u00e6rker, der udgives af os.<\/li>\n\n\n\n<li>De oplysninger, du giver os, bruges til at opfylde din anmodning om oplysninger, produkter eller tjenester, til at levere m\u00e5lrettet reklame og til at svare p\u00e5 dine foresp\u00f8rgsler. Fra tid til anden kan disse oplysninger bruges til at give bel\u00f8nningspoint eller anvende kredit, som det er relevant under omst\u00e6ndighederne.<\/li>\n\n\n\n<li>Vi opbevarer dit abonnent-id og dine adgangskoder, s\u00e5 vi p\u00e5 din anmodning kan minde dig om dem.<\/li>\n\n\n\n<li>Vi indsamler demografiske oplysninger samt k\u00f8bshistorik og en liste over kampagner, der tilbydes dig, for at f\u00e5 en bedre forst\u00e5else af dine interesser, s\u00e5 vi kan udvikle bedre produkter og tjenester, og for at bestemme din berettigelse til andre produkter og tjenester.<\/li>\n\n\n\n<li>Vi kan ogs\u00e5 bruge demografiske oplysninger, personlig kontakt og historik til at kontakte dig om \u00e6ndringer, forbedringer eller andre meddelelser relateret til produkter eller tjenester, du har anmodet om fra os, og som vi leverer. Derudover kan vi bruge disse oplysninger til at sende dig tilbud eller oplysninger fra os, vores tilknyttede selskaber og fra udvalgte sponsorer eller annonc\u00f8rer (\"markedsf\u00f8ringstilbud\"). Hvis du ikke \u00f8nsker at modtage markedsf\u00f8ringstilbud, kan du til enhver tid framelde dig ved at f\u00f8lge frameldingsproceduren nedenfor.<\/li>\n\n\n\n<li>Vi kan optage eller overv\u00e5ge dine telefonsamtaler med vores kundeservicemedarbejdere med henblik p\u00e5 kvalitetssikring.<\/li>\n\n\n\n<li>Vi indsamler dine kreditkortoplysninger, hvis du: k\u00f8ber en publikation eller abonnerer p\u00e5 en l\u00f8sbladsservice; tilmelder dig en betalt begivenhed; k\u00f8ber produkter fra Nielsonsmith eller via en af vores hjemmesider; er en betalt annonc\u00f8r. Disse kreditkortoplysninger bruges til at opfylde din ordre.<\/li>\n\n\n\n<li>Hvis du v\u00e6lger at frav\u00e6lge enhver brug af dine personlige oplysninger i overensstemmelse med vores fravalgspolitik, vil vi opbevare dine kontaktoplysninger p\u00e5 en liste, s\u00e5 din anmodning kan im\u00f8dekommes.<\/li>\n\n\n\n<li>Hvis du indgiver en klage til en af vores afdelinger, indsamler vi dine kontaktoplysninger og arten af din klage med det form\u00e5l at unders\u00f8ge dine bekymringer og svare dig.<\/li>\n\n\n\n<li>Hvis du leverer freelance- eller andre tjenester til os, kan vi indsamle dit socialsikringsnummer til skatteindberetningsform\u00e5l og dine kontaktoplysninger for at kunne betale dig.<\/li>\n\n\n\n<li>Vi kan ogs\u00e5 bruge eller indsamle yderligere oplysninger fra freelancere, andre tjenesteudbydere og fra annonc\u00f8rer, s\u00e5som finansielle oplysninger (f.eks. bankoplysninger og kredithistorik) for at vurdere kreditrisikoen, salgsdata for at udarbejde royaltyrapporter og andre relevante oplysninger for at hj\u00e6lpe os med at vurdere kvaliteten af dine tjenester.<\/li>\n\n\n\n<li>Vi bruger IP-adresser (internetprotokol) til at indsamle demografiske og statistiske oplysninger om vores brugere, til systemadministration og til at diagnosticere problemer med vores servere og til at administrere vores websteder.  Vi kan ogs\u00e5 bruge IP-adresser til at vise eller give vores tredjeparts reklameudbydere mulighed for at vise mere m\u00e5lrettet reklame og indhold.<\/li>\n\n\n\n<li>Vi kan fra tid til anden spore og analysere anonyme brugs- og browsingm\u00f8nstre for bes\u00f8gende p\u00e5 vores websteder for at give vores annonc\u00f8rer mere m\u00e5lrettede reklamemuligheder og for at hj\u00e6lpe brugerne med at se reklamer, der sandsynligvis vil interessere dem.<\/li>\n\n\n\n<li>Vi bruger generelt dine personlige oplysninger med det form\u00e5l at: administrere, opkr\u00e6ve eller p\u00e5 anden m\u00e5de h\u00e5ndh\u00e6ve dine konti; opretholde forretningsregistre i rimelige perioder og generelt styre og administrere vores virksomhed; og opfylde alle relevante internationale lovgivningsm\u00e6ssige, juridiske, forsikrings-, revisions-, sikkerheds- og behandlingskrav.<\/li>\n\n\n\n<li>Af og til beder vi vores kunder om at gennemf\u00f8re markedsunders\u00f8gelser. Hvis du v\u00e6lger at deltage i disse unders\u00f8gelser og give dine personlige oplysninger til det form\u00e5l, vil dine oplysninger blive samlet som en del af unders\u00f8gelsesresultaterne og delt med vores annonc\u00f8rer, sponsorer og tilknyttede virksomheder p\u00e5 en m\u00e5de, der ikke identificerer dig.<\/li>\n\n\n\n<li>Hvis vi \u00f8nsker at indsamle, bruge eller videregive dine personlige oplysninger til form\u00e5l, der ikke er n\u00e6vnt i denne privatlivspolitik, bortset fra hvad der er tilladt eller p\u00e5kr\u00e6vet ved lov, vil vi identificere disse form\u00e5l p\u00e5 tidspunktet for indsamlingen. Du vil f\u00e5 en rimelig mulighed for at frav\u00e6lge s\u00e5danne yderligere form\u00e5l.<\/li>\n<\/ul>\n\n\n\n<p><strong>Hvilken slags personlige oplysninger&nbsp;<\/strong><strong>Nielsonsmith<\/strong><strong>&nbsp;Afsl\u00f8re, til hvem og hvorfor?<\/strong><\/p>\n\n\n\n<p>N\u00e5r du giver os dine personlige oplysninger, antager vi generelt, at du giver dit samtykke til vores indsamling, brug og videregivelse af s\u00e5danne oplysninger til de form\u00e5l, der er identificeret eller beskrevet i denne privatlivspolitik, hvis det er relevant, eller p\u00e5 anden m\u00e5de p\u00e5 tidspunktet for indsamlingen. Vi forbeholder os ret til at bruge og videregive dine personlige oplysninger uden dit samtykke, hvor det er p\u00e5kr\u00e6vet eller tilladt ved lov, f.eks. hvis vi har rimelig grund til at tro, at oplysningerne kan v\u00e6re nyttige ved efterforskning af en overtr\u00e6delse af en f\u00f8deral, provinsiel eller udenlandsk lov, for at beskytte eller forsvare vores juridiske interesser eller for at overholde g\u00e6ldende love og lovlige statslige anmodninger.<\/p>\n\n\n\n<p>Nielsonsmith kan videregive dine personlige oplysninger til tredjeparter som f\u00f8lger:<\/p>\n\n\n\n<ul class=\"wp-block-list\">\n<li>Vi kan videregive dine personlige kontaktoplysninger til tilknyttede virksomheder og udvalgte sponsorer og annonc\u00f8rer. Hvis du ikke \u00f8nsker at modtage markedsf\u00f8ringstilbud, kan du til enhver tid framelde dig ved at f\u00f8lge frameldingsproceduren, der er angivet heri.<\/li>\n\n\n\n<li>Vi kan overf\u00f8re dine personlige oplysninger til tredjepartstjenesteudbydere for at opfylde din ordre eller udf\u00f8re behandling og andre specialiserede tjenester (s\u00e5som kreditkortbehandling, pr\u00e6mieopfyldelse af vores konkurrencer, opkr\u00e6vning af forfaldne konti, h\u00e5ndtering af kundeserviceanmodninger og produktlevering).<\/li>\n\n\n\n<li>Vi kan give dit navn og dine kreditkortoplysninger p\u00e5 et fortroligt grundlag til en tredjepart med det form\u00e5l at opdatere dine kreditkortoplysninger for at sikre, at dit l\u00f8bende abonnement p\u00e5 Nielsonsmith-produkter og -tjenester ikke afbrydes.<\/li>\n\n\n\n<li>Dine personlige oplysninger kan behandles og opbevares uden for det land, hvor du bor, af os, et datterselskab eller en tredjepartstjenesteudbyder til de form\u00e5l, der er beskrevet i denne privatlivspolitik, og i henhold til lovgivningen i disse andre jurisdiktioner kan udenlandske domstole, retsh\u00e5ndh\u00e6vende myndigheder eller regulerende myndigheder under visse omst\u00e6ndigheder have ret til at f\u00e5 adgang til dine personlige oplysninger.<\/li>\n\n\n\n<li>Vi kan videregive dine personlige oplysninger til vores tilknyttede selskaber til intern revision, ledelse, fakturering eller administrative form\u00e5l.<\/li>\n\n\n\n<li>Vi kan videregive dine personlige oplysninger til tredjeparter, hvis du har overtr\u00e5dt vores servicevilk\u00e5r eller k\u00f8bsbetingelser, eller hvis vi er n\u00f8dt til at overholde g\u00e6ldende love og lovlige regeringsanmodninger, andre juridiske og regulerende myndigheder og af andre juridiske \u00e5rsager.<\/li>\n\n\n\n<li>Vi kan videregive dine personlige oplysninger p\u00e5 et fortroligt grundlag til parter, der er forbundet med den p\u00e5t\u00e6nkte eller faktiske finansiering, forsikring, salg, overdragelse eller anden afh\u00e6ndelse af hele eller dele af vores virksomhed eller aktiver, herunder med henblik p\u00e5 at afg\u00f8re, om vi skal forts\u00e6tte eller forts\u00e6tte med en s\u00e5dan transaktion eller forretningsforbindelse eller opfylde eventuelle optegnelser eller andre rapporteringskrav til s\u00e5danne parter.<\/li>\n<\/ul>\n\n\n\n<p>Hvis vi \u00f8nsker at indsamle, bruge eller videregive dine personlige oplysninger til form\u00e5l, der ikke er n\u00e6vnt i denne privatlivspolitik, bortset fra hvad der er tilladt eller p\u00e5kr\u00e6vet ved lov, vil vi identificere disse form\u00e5l p\u00e5 tidspunktet for indsamlingen. Du vil f\u00e5 en rimelig mulighed for at frav\u00e6lge s\u00e5danne yderligere form\u00e5l.<\/p>\n\n\n\n<p><strong>Opt-out politik.<\/strong><\/p>\n\n\n\n<p>Fra tid til anden stiller vi vores kunde-e-mail-liste til r\u00e5dighed for andre velrenommerede organisationer, hvis produkter eller tjenester vi tror, du kunne finde interessante.  Hvis du giver os dit telefonnummer, kan du desuden blive kontaktet af os pr. telefon med oplysninger om nye produkter og tjenester eller kommende arrangementer.&nbsp;&nbsp;<strong>Hvis du ikke \u00f8nsker, at vi g\u00f8r det, eller at vi kontakter dig om vores egne kampagner og kommende begivenheder, bedes du give os besked ved at sende os en meddelelse online, via e-mail, ved at ringe til os eller ved at skrive til os p\u00e5 nedenst\u00e5ende kontaktoplysninger.<\/strong><\/p>\n\n\n\n<p>Hvis vi \u00f8nsker at indsamle, bruge eller videregive dine personlige oplysninger til form\u00e5l, der ikke er n\u00e6vnt i denne privatlivspolitik, bortset fra hvad der er tilladt eller p\u00e5kr\u00e6vet ved lov, vil vi identificere disse form\u00e5l p\u00e5 tidspunktet for indsamlingen.  Du vil f\u00e5 en rimelig mulighed for at frav\u00e6lge s\u00e5danne yderligere form\u00e5l.<\/p>\n\n\n\n<p>Hvis du v\u00e6lger at frav\u00e6lge enhver brug af dine personlige oplysninger i overensstemmelse med vores fravalgspolitik, vil vi opbevare dine kontaktoplysninger p\u00e5 en liste, s\u00e5 din anmodning kan im\u00f8dekommes.<\/p>\n\n\n\n<p>Bem\u00e6rk, at kontaktoplysninger, der gives til os med henblik p\u00e5 at videresende konferenceoplysninger via vores \"Send til en ven\"-funktion, er begr\u00e6nsede.  Det betyder, at der ikke vil blive sendt uopfordrede e-mails til kontakter, hvis oplysninger er givet via denne funktion, og at deres kontaktoplysninger ikke vil blive videregivet eller solgt til tredjeparter.<\/p>\n\n\n\n<p>Det kan tage 4-6 uger at behandle din anmodning om fravalg fuldt ud.<\/p>\n\n\n\n<p><strong>Sikkerhed.<\/strong><\/p>\n\n\n\n<p>Nielsonsmith har tekniske, kontraktm\u00e6ssige, administrative og fysiske sikkerhedsforanstaltninger for at beskytte dine personlige oplysninger p\u00e5 en m\u00e5de, der er rimelig og passende i forhold til arten af de personlige oplysninger, du giver os. N\u00e5r du f.eks. giver os kreditkortoplysninger, arbejder vi p\u00e5 at beskytte sikkerheden af dine kreditkortoplysninger ved at bruge branchens standard SSL-krypteringsteknologi (Secure Sockets Layer).<\/p>\n\n\n\n<p>V\u00e6r opm\u00e6rksom p\u00e5, at e-mail ikke er et sikkert medie, og at alle personlige oplysninger, du sender til os via e-mail, kan blive opsnappet.  Hvis din kommunikation er meget f\u00f8lsom eller indeholder oplysninger som f.eks. dit kreditkortnummer, b\u00f8r du ikke sende den elektronisk, medmindre e-mailen er krypteret, eller din browser angiver, at adgangen til vores websted er sikker.  Materiale, der sendes til onlinefora som f.eks. opslagstavler eller kommentarsider, er offentligt, ikke sikkert og kan ses af alle.  Alle personlige oplysninger, du sender, kan indsamles og bruges af alle og kan resultere i uopfordrede meddelelser fra andre internetbrugere.  Nielsonsmith er ikke ansvarlig for personlige oplysninger, du v\u00e6lger at sende eller indsende i et onlineforum p\u00e5 nogen af vores hjemmesider.<\/p>\n\n\n\n<p><strong>Cookies og tredjepartswebsteder.<\/strong><\/p>\n\n\n\n<p>Hvis du bruger et af vores websteder, kan vi tildele en internetcookie. En internetcookie er en lille tekstfil, som et websted gemmer i din internetbrowser, og som kan indsamle og gemme oplysninger. Vi bruger cookies til bedre at forst\u00e5, hvordan du bruger vores websteder, til at sikre, at vores annoncer og dynamiske indhold vises korrekt, og til at forbedre vores websteders ydeevne.  En cookie kan f.eks. huske et s\u00e6t pr\u00e6ferencer, du har indstillet til vores hjemmeside, og registrere varer, du har tilmeldt dig. Lagring af cookies i din webbrowser giver os mulighed for at pr\u00e6sentere dig for websider og andet indhold, der er tilpasset dine pr\u00e6ferencer. Disse aktiviteter er usynlige for dig og har generelt til form\u00e5l at forbedre din internetsurfing. Medmindre du har indstillet dine pr\u00e6ferencer, s\u00e5 du bliver advaret, n\u00e5r der gemmes en cookie p\u00e5 din computer, vil du ikke vide noget om det.<\/p>\n\n\n\n<p>Vi kan placere reklamer eller andre links p\u00e5 vores websteder, der stammer fra eksterne annonc\u00f8rer.  Vi kontrollerer ikke cookies p\u00e5 disse websteder, og vi er heller ikke ansvarlige for markedsf\u00f8ring eller anden brug af dine oplysninger fra disse annonc\u00f8rers side.<\/p>\n\n\n\n<p>Brugere kan via hypertekst eller andre computer-\"links\" f\u00e5 adgang til andre hjemmesider p\u00e5 internettet, som ikke drives af Nielsonsmith. Nielsonsmith stiller kun disse links til r\u00e5dighed for dig som en bekvemmelighed, og inkluderingen af et link indeb\u00e6rer ikke, at Nielsonsmith godkender det websted, der linkes til. Nielsonsmith p\u00e5tager sig intet ansvar for materiale uden for de hjemmesider, der drives af Nielsonsmith, herunder alle hjemmesider, der kan tilg\u00e5s via et link p\u00e5 en hjemmeside, der drives af Nielsonsmith.  Medmindre andet er angivet p\u00e5 et Nielsonsmith-drevet websted, er Nielsonsmith ikke sponsoreret af eller tilknyttet de linkede websteder. Nielsonsmith fraskriver sig specifikt ansvaret for enhver utilsigtet visning af personer under 18 \u00e5r af materiale, der er beregnet til voksne p\u00e5 et websted, der er adgang til ved brug af et linket websted.<\/p>\n\n\n\n<p>V\u00e6r opm\u00e6rksom p\u00e5, at vores websteder kan indeholde links til andre websteder, der vedligeholdes af tredjeparter, som ikke er forpligtet til at overholde denne privatlivskodeks, og som Nielsonsmith ikke har noget ansvar for. L\u00e6s venligst privatlivspolitikkerne p\u00e5 alle eksterne hjemmesider for at finde ud af, hvordan de h\u00e5ndterer oplysninger.<\/p>\n\n\n\n<p><strong>Hvor lang tid tager det&nbsp;<\/strong><strong>Nielsonsmith<\/strong><strong>&nbsp;Beholde personlige oplysninger?<\/strong><\/p>\n\n\n\n<p>Vi opbevarer dine personlige oplysninger i den periode, der med rimelighed er n\u00f8dvendig for at opfylde de form\u00e5l, som de blev indsamlet til, eller for at overholde eventuelle juridiske krav, herunder lovbestemte opbevaringsperioder. N\u00e5r dine personlige oplysninger ikke l\u00e6ngere er n\u00f8dvendige til et bestemt form\u00e5l eller et lovkrav, slettes de fra vores optegnelser.<\/p>\n\n\n\n<p><strong>Hvordan du f\u00e5r adgang til og korrigerer dine personlige oplysninger og adresserer bekymringer vedr\u00f8rende dit privatliv.<\/strong><\/p>\n\n\n\n<p>Hvis du mener, at dette websted ikke f\u00f8lger den angivne informationspolitik, gerne vil have adgang til eller have os til at rette dine personlige oplysninger, kan du kontakte os p\u00e5 nedenst\u00e5ende kontaktoplysninger:<\/p>\n\n\n\n<p><strong>RE:  FORESP\u00d8RGSEL OM PRIVATLIVETS FRED<\/strong><\/p>\n\n\n\n<p>Nielsonsmith Ltd.<br>Suite 179<br>Lufthavnens hus<br>Purley Way<br>Croydon<br>CR0 0XZ, Storbritannien<br>Tlf: +44 (0) 203 397 2781<br>Fax: +44 (0) 203 397 2785<br>E-mail:&nbsp;<a href=\"mailto:info@nielsonsmith.com\">info@nielsonsmith.com<\/a><\/p>\n\n\n\n<p>Denne fortrolighedspolitik blev sidst opdateret i<strong>&nbsp;juni 2023.<\/strong><\/p>","protected":false},"excerpt":{"rendered":"<p>Nielsonsmith Ltd.Airport HousePurley WayCroydonCR0 0XZ, United Kingdom Nielsonsmith Ltd. (\u201cNielsonsmith\u201c) is committed to protecting the privacy and confidentiality of personal information entrusted to us. This Privacy Policy governs the collection, use and disclosure of your personal information in any form, whether written or electronic, by Nielsonsmith and its affiliates.&nbsp;&nbsp;Please read this Privacy Policy carefully, and [&hellip;]<\/p>\n","protected":false},"author":1,"featured_media":48,"parent":0,"menu_order":0,"comment_status":"closed","ping_status":"closed","template":"","meta":{"_seopress_robots_primary_cat":"","_seopress_titles_title":"","_seopress_titles_desc":"","_seopress_robots_index":"","footnotes":""},"hf_cat_page":[38],"class_list":["post-436","page","type-page","status-publish","has-post-thumbnail","hentry"],"blocksy_meta":[],"_links":{"self":[{"href":"https:\/\/nielsonsmith.com\/da\/wp-json\/wp\/v2\/pages\/436","targetHints":{"allow":["GET"]}}],"collection":[{"href":"https:\/\/nielsonsmith.com\/da\/wp-json\/wp\/v2\/pages"}],"about":[{"href":"https:\/\/nielsonsmith.com\/da\/wp-json\/wp\/v2\/types\/page"}],"author":[{"embeddable":true,"href":"https:\/\/nielsonsmith.com\/da\/wp-json\/wp\/v2\/users\/1"}],"replies":[{"embeddable":true,"href":"https:\/\/nielsonsmith.com\/da\/wp-json\/wp\/v2\/comments?post=436"}],"version-history":[{"count":4,"href":"https:\/\/nielsonsmith.com\/da\/wp-json\/wp\/v2\/pages\/436\/revisions"}],"predecessor-version":[{"id":1261,"href":"https:\/\/nielsonsmith.com\/da\/wp-json\/wp\/v2\/pages\/436\/revisions\/1261"}],"wp:featuredmedia":[{"embeddable":true,"href":"https:\/\/nielsonsmith.com\/da\/wp-json\/wp\/v2\/media\/48"}],"wp:attachment":[{"href":"https:\/\/nielsonsmith.com\/da\/wp-json\/wp\/v2\/media?parent=436"}],"wp:term":[{"taxonomy":"hf_cat_page","embeddable":true,"href":"https:\/\/nielsonsmith.com\/da\/wp-json\/wp\/v2\/hf_cat_page?post=436"}],"curies":[{"name":"wp","href":"https:\/\/api.w.org\/{rel}","templated":true}]}}