
{"id":299,"date":"2023-04-24T17:10:58","date_gmt":"2023-04-24T16:10:58","guid":{"rendered":"https:\/\/nielsonsmith.websitebureau.nl\/?page_id=299"},"modified":"2023-04-24T17:19:02","modified_gmt":"2023-04-24T16:19:02","slug":"skraeddersyede-events","status":"publish","type":"page","link":"https:\/\/nielsonsmith.com\/da\/bespoke-events\/","title":{"rendered":"Skr\u00e6ddersyede arrangementer"},"content":{"rendered":"<div data-elementor-type=\"wp-page\" data-elementor-id=\"299\" class=\"elementor elementor-299\" data-elementor-settings=\"{&quot;ha_cmc_init_switcher&quot;:&quot;no&quot;}\" data-elementor-post-type=\"page\">\n\t\t\t\t\t\t<section class=\"elementor-section elementor-top-section elementor-element elementor-element-1e4d97d ct-section-stretched elementor-section-height-min-height elementor-section-boxed elementor-section-height-default elementor-section-items-middle\" data-id=\"1e4d97d\" data-element_type=\"section\" data-e-type=\"section\" data-settings=\"{&quot;background_background&quot;:&quot;classic&quot;,&quot;_ha_eqh_enable&quot;:false}\">\n\t\t\t\t\t\t\t<div class=\"elementor-background-overlay\"><\/div>\n\t\t\t\t\t\t\t<div class=\"elementor-container elementor-column-gap-default\">\n\t\t\t\t\t<div class=\"elementor-column elementor-col-100 elementor-top-column elementor-element elementor-element-5152660\" data-id=\"5152660\" data-element_type=\"column\" data-e-type=\"column\">\n\t\t\t<div class=\"elementor-widget-wrap elementor-element-populated\">\n\t\t\t\t\t\t<div class=\"elementor-element elementor-element-aace759 elementor-widget elementor-widget-heading\" data-id=\"aace759\" data-element_type=\"widget\" data-e-type=\"widget\" data-widget_type=\"heading.default\">\n\t\t\t\t\t<h2 class=\"elementor-heading-title elementor-size-default\">Skr\u00e6ddersyede arrangementer<\/h2>\t\t\t\t<\/div>\n\t\t\t\t\t<\/div>\n\t\t<\/div>\n\t\t\t\t\t<\/div>\n\t\t<\/section>\n\t\t\t\t<section class=\"elementor-section elementor-top-section elementor-element elementor-element-e00e394 elementor-section-boxed elementor-section-height-default elementor-section-height-default\" data-id=\"e00e394\" data-element_type=\"section\" data-e-type=\"section\" data-settings=\"{&quot;_ha_eqh_enable&quot;:false}\">\n\t\t\t\t\t\t<div class=\"elementor-container elementor-column-gap-no\">\n\t\t\t\t\t<div class=\"elementor-column elementor-col-50 elementor-top-column elementor-element elementor-element-5802e3c\" data-id=\"5802e3c\" data-element_type=\"column\" data-e-type=\"column\" data-settings=\"{&quot;background_background&quot;:&quot;classic&quot;}\">\n\t\t\t<div class=\"elementor-widget-wrap elementor-element-populated\">\n\t\t\t\t\t\t<div class=\"elementor-element elementor-element-d40e460 elementor-widget elementor-widget-image\" data-id=\"d40e460\" data-element_type=\"widget\" data-e-type=\"widget\" data-widget_type=\"image.default\">\n\t\t\t\t\t\t\t\t\t\t\t\t\t\t\t<img decoding=\"async\" src=\"https:\/\/nielsonsmith.com\/wp-content\/uploads\/elementor\/thumbs\/tajikistan-qpk3lg5mjd0yxxu6xgn2e56jpctg13jxgwfqctcts4.jpg\" title=\"tajikistan\" alt=\"tajikistan\" loading=\"lazy\" \/>\t\t\t\t\t\t\t\t\t\t\t\t\t\t\t<\/div>\n\t\t\t\t<section class=\"elementor-section elementor-inner-section elementor-element elementor-element-f143a78 elementor-section-boxed elementor-section-height-default elementor-section-height-default\" data-id=\"f143a78\" data-element_type=\"section\" data-e-type=\"section\" data-settings=\"{&quot;_ha_eqh_enable&quot;:false}\">\n\t\t\t\t\t\t<div class=\"elementor-container elementor-column-gap-default\">\n\t\t\t\t\t<div class=\"elementor-column elementor-col-100 elementor-inner-column elementor-element elementor-element-9850dc8\" data-id=\"9850dc8\" data-element_type=\"column\" data-e-type=\"column\">\n\t\t\t<div class=\"elementor-widget-wrap elementor-element-populated\">\n\t\t\t\t\t\t<div class=\"elementor-element elementor-element-50eb2f4 elementor-widget elementor-widget-heading\" data-id=\"50eb2f4\" data-element_type=\"widget\" data-e-type=\"widget\" data-widget_type=\"heading.default\">\n\t\t\t\t\t<h2 class=\"elementor-heading-title elementor-size-default\">Tadsjikistans investerings- og udviklingsforum<\/h2>\t\t\t\t<\/div>\n\t\t\t\t<div class=\"elementor-element elementor-element-a17491e elementor-widget elementor-widget-text-editor\" data-id=\"a17491e\" data-element_type=\"widget\" data-e-type=\"widget\" data-widget_type=\"text-editor.default\">\n\t\t\t\t\t\t\t\t\t<p>I overensstemmelse med regeringens vision vil denne begivenhed samle de fire vigtigste industrisektorer p\u00e5 \u00e9n international platform, hvor f\u00f8rende globale service- og l\u00f8sningsudbydere kan m\u00f8des med h\u00f8jtst\u00e5ende tadsjikiske repr\u00e6sentanter for at f\u00e5 en bedre forst\u00e5else af de fremtidige udviklingsplaner i landet og af, hvordan Tadsjikistan er \u00e5bent og modtageligt over for nye teknologier og metoder. Ved at bringe alle fire sektorer sammen vil forummet fungere som en \"stemme\" over for det internationale samfund, der udtrykker det faktum, at Tadsjikistan er en nation i hurtig udvikling og v\u00e6kst p\u00e5 andre omr\u00e5der end blot minesektoren.<\/p><p>Vi er ikke i tvivl om, at globale virksomheder er fuldt ud opm\u00e6rksomme p\u00e5 Tadsjikistans mineralressourcer, men har mindre information om mulighederne i landet, n\u00e5r det g\u00e6lder andre forretningsomr\u00e5der.<\/p><p>Ved at kombinere alle disse sektorer p\u00e5 \u00e9n platform kan vi sikre, at budskabet n\u00e5r ud til et globalt publikum af topledere, der \u00f8nsker at investere i f\u00e6rdigheder og viden.<\/p>\t\t\t\t\t\t\t\t<\/div>\n\t\t\t\t<div class=\"elementor-element elementor-element-a172155 elementor-widget elementor-widget-button\" data-id=\"a172155\" data-element_type=\"widget\" data-e-type=\"widget\" data-widget_type=\"button.default\">\n\t\t\t\t\t\t\t\t\t\t<a class=\"elementor-button elementor-button-link elementor-size-lg\" href=\"https:\/\/tajikistan.nielsonsmith.com\">\n\t\t\t\t\t\t<span class=\"elementor-button-content-wrapper\">\n\t\t\t\t\t\t\t\t\t<span class=\"elementor-button-text\">Mere information (eksternt link)<\/span>\n\t\t\t\t\t<\/span>\n\t\t\t\t\t<\/a>\n\t\t\t\t\t\t\t\t<\/div>\n\t\t\t\t\t<\/div>\n\t\t<\/div>\n\t\t\t\t\t<\/div>\n\t\t<\/section>\n\t\t\t\t\t<\/div>\n\t\t<\/div>\n\t\t\t\t<div class=\"elementor-column elementor-col-50 elementor-top-column elementor-element elementor-element-164b9c5\" data-id=\"164b9c5\" data-element_type=\"column\" data-e-type=\"column\" data-settings=\"{&quot;background_background&quot;:&quot;classic&quot;}\">\n\t\t\t<div class=\"elementor-widget-wrap elementor-element-populated\">\n\t\t\t\t\t\t<div class=\"elementor-element elementor-element-93ef30d elementor-widget elementor-widget-image\" data-id=\"93ef30d\" data-element_type=\"widget\" data-e-type=\"widget\" data-widget_type=\"image.default\">\n\t\t\t\t\t\t\t\t\t\t\t\t\t\t\t<img decoding=\"async\" src=\"https:\/\/nielsonsmith.com\/wp-content\/uploads\/elementor\/thumbs\/turkmenistan-qpk3le9y5oyeapwx8ftt95nmil2plpcgsn4re9fm4k.png\" title=\"turkmenistan\" alt=\"turkmenistan\" loading=\"lazy\" \/>\t\t\t\t\t\t\t\t\t\t\t\t\t\t\t<\/div>\n\t\t\t\t<section class=\"elementor-section elementor-inner-section elementor-element elementor-element-1cd6b93 elementor-section-boxed elementor-section-height-default elementor-section-height-default\" data-id=\"1cd6b93\" data-element_type=\"section\" data-e-type=\"section\" data-settings=\"{&quot;_ha_eqh_enable&quot;:false}\">\n\t\t\t\t\t\t<div class=\"elementor-container elementor-column-gap-default\">\n\t\t\t\t\t<div class=\"elementor-column elementor-col-100 elementor-inner-column elementor-element elementor-element-84b0f41\" data-id=\"84b0f41\" data-element_type=\"column\" data-e-type=\"column\">\n\t\t\t<div class=\"elementor-widget-wrap elementor-element-populated\">\n\t\t\t\t\t\t<div class=\"elementor-element elementor-element-2a1a7f6 elementor-widget elementor-widget-heading\" data-id=\"2a1a7f6\" data-element_type=\"widget\" data-e-type=\"widget\" data-widget_type=\"heading.default\">\n\t\t\t\t\t<h2 class=\"elementor-heading-title elementor-size-default\">Turkmenistans investerings- og udviklingsforum<\/h2>\t\t\t\t<\/div>\n\t\t\t\t<div class=\"elementor-element elementor-element-d6a9dcf elementor-widget elementor-widget-text-editor\" data-id=\"d6a9dcf\" data-element_type=\"widget\" data-e-type=\"widget\" data-widget_type=\"text-editor.default\">\n\t\t\t\t\t\t\t\t\t<p>I overensstemmelse med 2025-visionen fra Hans Excellence, Turkmenistans h\u00f8jt estimerede pr\u00e6sident Gurbanguly Berdimuhamedov, vil denne begivenhed samle de seks vigtigste sektorer for kommercielle muligheder p\u00e5 \u00e9n international platform, hvor f\u00f8rende vestlige service- og l\u00f8sningsudbydere kan m\u00f8des med h\u00f8jtst\u00e5ende turkmenske repr\u00e6sentanter for at f\u00e5 en st\u00f8rre forst\u00e5else af de fremtidige udviklingsplaner i landet, og hvordan Turkmenistan er \u00e5bent og modtageligt for nye teknologier og metoder.<\/p><p>Ved at bringe alle seks sektorer sammen vil topm\u00f8det fungere som en \"stemme\" over for det internationale samfund, der udtrykker det faktum, at Turkmenistan er en nation i hurtig udvikling og v\u00e6kst p\u00e5 andre omr\u00e5der end blot energisektoren.<\/p><p>Vi er ikke i tvivl om, at vestlige virksomheder er fuldt ud klar over Turkmenistans energiressourcer, men har mindre information om mulighederne i landet, n\u00e5r det g\u00e6lder andre forretningsomr\u00e5der.<\/p><p>Ved at kombinere alle disse sektorer p\u00e5 \u00e9n platform i denne begivenhed kan vi sikre, at budskabet n\u00e5r ud til et globalt publikum af topledere, der \u00f8nsker at investere i f\u00e6rdigheder og viden.<\/p>\t\t\t\t\t\t\t\t<\/div>\n\t\t\t\t<div class=\"elementor-element elementor-element-0199c60 elementor-widget elementor-widget-button\" data-id=\"0199c60\" data-element_type=\"widget\" data-e-type=\"widget\" data-widget_type=\"button.default\">\n\t\t\t\t\t\t\t\t\t\t<a class=\"elementor-button elementor-button-link elementor-size-md\" href=\"https:\/\/turkmenistan.nielsonsmith.com\">\n\t\t\t\t\t\t<span class=\"elementor-button-content-wrapper\">\n\t\t\t\t\t\t\t\t\t<span class=\"elementor-button-text\">Mere information (eksternt link)<\/span>\n\t\t\t\t\t<\/span>\n\t\t\t\t\t<\/a>\n\t\t\t\t\t\t\t\t<\/div>\n\t\t\t\t\t<\/div>\n\t\t<\/div>\n\t\t\t\t\t<\/div>\n\t\t<\/section>\n\t\t\t\t\t<\/div>\n\t\t<\/div>\n\t\t\t\t\t<\/div>\n\t\t<\/section>\n\t\t\t\t<\/div>","protected":false},"excerpt":{"rendered":"<p>Bespoke events The Tajikistan Investment &#038; Development Forum In alignment with the Government\u2019s vision this event will bring the four main sectors of industry onto one international platform, where leading global service and solution providers can meet with senior Tajiki representatives to gain a fuller understanding of the future development plans in the country and [&hellip;]<\/p>\n","protected":false},"author":1,"featured_media":0,"parent":0,"menu_order":0,"comment_status":"closed","ping_status":"closed","template":"","meta":{"_seopress_robots_primary_cat":"","_seopress_titles_title":"","_seopress_titles_desc":"","_seopress_robots_index":"","footnotes":""},"hf_cat_page":[35],"class_list":["post-299","page","type-page","status-publish","hentry"],"blocksy_meta":[],"_links":{"self":[{"href":"https:\/\/nielsonsmith.com\/da\/wp-json\/wp\/v2\/pages\/299","targetHints":{"allow":["GET"]}}],"collection":[{"href":"https:\/\/nielsonsmith.com\/da\/wp-json\/wp\/v2\/pages"}],"about":[{"href":"https:\/\/nielsonsmith.com\/da\/wp-json\/wp\/v2\/types\/page"}],"author":[{"embeddable":true,"href":"https:\/\/nielsonsmith.com\/da\/wp-json\/wp\/v2\/users\/1"}],"replies":[{"embeddable":true,"href":"https:\/\/nielsonsmith.com\/da\/wp-json\/wp\/v2\/comments?post=299"}],"version-history":[{"count":13,"href":"https:\/\/nielsonsmith.com\/da\/wp-json\/wp\/v2\/pages\/299\/revisions"}],"predecessor-version":[{"id":314,"href":"https:\/\/nielsonsmith.com\/da\/wp-json\/wp\/v2\/pages\/299\/revisions\/314"}],"wp:attachment":[{"href":"https:\/\/nielsonsmith.com\/da\/wp-json\/wp\/v2\/media?parent=299"}],"wp:term":[{"taxonomy":"hf_cat_page","embeddable":true,"href":"https:\/\/nielsonsmith.com\/da\/wp-json\/wp\/v2\/hf_cat_page?post=299"}],"curies":[{"name":"wp","href":"https:\/\/api.w.org\/{rel}","templated":true}]}}